{"id":598,"date":"2025-05-12T10:53:06","date_gmt":"2025-05-12T09:53:06","guid":{"rendered":"https:\/\/japanmatsuri.org\/?page_id=598"},"modified":"2026-02-08T21:15:15","modified_gmt":"2026-02-08T20:15:15","slug":"espace-de-jeux","status":"publish","type":"page","link":"https:\/\/japanmatsuri.org\/fr\/espace-de-jeux\/","title":{"rendered":"area ludica"},"content":{"rendered":"<div data-elementor-type=\"wp-page\" data-elementor-id=\"598\" class=\"elementor elementor-598\" data-elementor-post-type=\"page\">\n\t\t\t\t<div class=\"elementor-element elementor-element-1b41f830 e-flex e-con-boxed e-con e-parent\" data-id=\"1b41f830\" data-element_type=\"container\">\n\t\t\t\t\t<div class=\"e-con-inner\">\n\t\t\t\t<div class=\"elementor-element elementor-element-68a9abda elementor-widget elementor-widget-heading\" data-id=\"68a9abda\" data-element_type=\"widget\" data-widget_type=\"heading.default\">\n\t\t\t\t<div class=\"elementor-widget-container\">\n\t\t\t\t\t<h1 class=\"elementor-heading-title elementor-size-default\">Espace de Jeux 2025<\/h1>\t\t\t\t<\/div>\n\t\t\t\t<\/div>\n\t\t\t\t\t<\/div>\n\t\t\t\t<\/div>\n\t\t<div class=\"elementor-element elementor-element-73fbdc6 e-flex e-con-boxed e-con e-parent\" data-id=\"73fbdc6\" data-element_type=\"container\">\n\t\t\t\t\t<div class=\"e-con-inner\">\n\t\t\t\t<div class=\"elementor-element elementor-element-98b6584 elementor-widget elementor-widget-text-editor\" data-id=\"98b6584\" data-element_type=\"widget\" data-widget_type=\"text-editor.default\">\n\t\t\t\t<div class=\"elementor-widget-container\">\n\t\t\t\t\t\t\t\t\t<p>Le festival vous fera d\u00e9couvrir les tr\u00e9sors ludiques du Japon, et bien plus encore. Une exp\u00e9rience inoubliable vous attend, avec des espaces de jeu vari\u00e9s, \u00e0 la fois traditionnels et modernes. Des jeux de soci\u00e9t\u00e9 les plus r\u00e9cents aux grands classiques intemporels, il y en aura pour tous les go\u00fbts.\nCe n\u2019est pas tout! Le Japan Matsuri vous propose aussi vos jeux vid\u00e9o pr\u00e9f\u00e9r\u00e9s. Red\u00e9couvrez vos titres favoris et explorez de nouvelles aventures virtuelles.<\/p><p>Participez aussi \u00e0 des tournois passionnants pour tenter de gagner des prix fantastiques ! Ne manquez pas l\u2019occasion de relever le d\u00e9fi!<\/p>\t\t\t\t\t\t\t\t<\/div>\n\t\t\t\t<\/div>\n\t\t\t\t\t<\/div>\n\t\t\t\t<\/div>\n\t\t<div class=\"elementor-element elementor-element-6539b22 e-flex e-con-boxed e-con e-parent\" data-id=\"6539b22\" data-element_type=\"container\">\n\t\t\t\t\t<div class=\"e-con-inner\">\n\t\t<div class=\"elementor-element elementor-element-f8a50e4 e-grid e-con-full e-con e-child\" data-id=\"f8a50e4\" data-element_type=\"container\">\n\t\t\t\t<div class=\"elementor-element elementor-element-823ed8c elementor-widget elementor-widget-image\" data-id=\"823ed8c\" data-element_type=\"widget\" data-widget_type=\"image.default\">\n\t\t\t\t<div class=\"elementor-widget-container\">\n\t\t\t\t\t\t\t\t\t\t\t\t\t\t\t\t<a href=\"https:\/\/japanmatsuri.org\/fr\/nintendo\/\">\n\t\t\t\t\t\t\t<img fetchpriority=\"high\" decoding=\"async\" width=\"500\" height=\"300\" src=\"https:\/\/japanmatsuri.org\/wp-content\/uploads\/2025\/08\/button_nintendo_full.png\" class=\"attachment-large size-large wp-image-1802\" alt=\"\" srcset=\"https:\/\/japanmatsuri.org\/wp-content\/uploads\/2025\/08\/button_nintendo_full.png 500w, https:\/\/japanmatsuri.org\/wp-content\/uploads\/2025\/08\/button_nintendo_full-300x180.png 300w, https:\/\/japanmatsuri.org\/wp-content\/uploads\/2025\/08\/button_nintendo_full-18x12.png 18w\" sizes=\"(max-width: 500px) 100vw, 500px\" \/>\t\t\t\t\t\t\t\t<\/a>\n\t\t\t\t\t\t\t\t\t\t\t\t\t\t\t<\/div>\n\t\t\t\t<\/div>\n\t\t\t\t<div class=\"elementor-element elementor-element-a941bf8 elementor-widget elementor-widget-image\" data-id=\"a941bf8\" data-element_type=\"widget\" data-widget_type=\"image.default\">\n\t\t\t\t<div class=\"elementor-widget-container\">\n\t\t\t\t\t\t\t\t\t\t\t\t\t\t\t\t<a href=\"https:\/\/japanmatsuri.org\/fr\/giochi-da-tavolo\/\">\n\t\t\t\t\t\t\t<img decoding=\"async\" width=\"500\" height=\"300\" src=\"https:\/\/japanmatsuri.org\/wp-content\/uploads\/2025\/08\/button_giochi_fr.png\" class=\"attachment-large size-large wp-image-1799\" alt=\"\" srcset=\"https:\/\/japanmatsuri.org\/wp-content\/uploads\/2025\/08\/button_giochi_fr.png 500w, https:\/\/japanmatsuri.org\/wp-content\/uploads\/2025\/08\/button_giochi_fr-300x180.png 300w, https:\/\/japanmatsuri.org\/wp-content\/uploads\/2025\/08\/button_giochi_fr-18x12.png 18w\" sizes=\"(max-width: 500px) 100vw, 500px\" \/>\t\t\t\t\t\t\t\t<\/a>\n\t\t\t\t\t\t\t\t\t\t\t\t\t\t\t<\/div>\n\t\t\t\t<\/div>\n\t\t\t\t<div class=\"elementor-element elementor-element-4c47b42 elementor-widget elementor-widget-image\" data-id=\"4c47b42\" data-element_type=\"widget\" data-widget_type=\"image.default\">\n\t\t\t\t<div class=\"elementor-widget-container\">\n\t\t\t\t\t\t\t\t\t\t\t\t\t\t\t\t<a href=\"https:\/\/japanmatsuri.org\/fr\/ludo-ticino\/\">\n\t\t\t\t\t\t\t<img decoding=\"async\" width=\"500\" height=\"300\" src=\"https:\/\/japanmatsuri.org\/wp-content\/uploads\/2025\/08\/button_ludo_fr.png\" class=\"attachment-large size-large wp-image-1801\" alt=\"\" srcset=\"https:\/\/japanmatsuri.org\/wp-content\/uploads\/2025\/08\/button_ludo_fr.png 500w, https:\/\/japanmatsuri.org\/wp-content\/uploads\/2025\/08\/button_ludo_fr-300x180.png 300w, https:\/\/japanmatsuri.org\/wp-content\/uploads\/2025\/08\/button_ludo_fr-18x12.png 18w\" sizes=\"(max-width: 500px) 100vw, 500px\" \/>\t\t\t\t\t\t\t\t<\/a>\n\t\t\t\t\t\t\t\t\t\t\t\t\t\t\t<\/div>\n\t\t\t\t<\/div>\n\t\t\t\t<div class=\"elementor-element elementor-element-3ca5541 elementor-widget elementor-widget-image\" data-id=\"3ca5541\" data-element_type=\"widget\" data-widget_type=\"image.default\">\n\t\t\t\t<div class=\"elementor-widget-container\">\n\t\t\t\t\t\t\t\t\t\t\t\t\t\t\t\t<a href=\"https:\/\/japanmatsuri.org\/fr\/indie-games\/\">\n\t\t\t\t\t\t\t<img loading=\"lazy\" decoding=\"async\" width=\"500\" height=\"300\" src=\"https:\/\/japanmatsuri.org\/wp-content\/uploads\/2025\/08\/button_stelex.png\" class=\"attachment-large size-large wp-image-1930\" alt=\"\" srcset=\"https:\/\/japanmatsuri.org\/wp-content\/uploads\/2025\/08\/button_stelex.png 500w, https:\/\/japanmatsuri.org\/wp-content\/uploads\/2025\/08\/button_stelex-300x180.png 300w, https:\/\/japanmatsuri.org\/wp-content\/uploads\/2025\/08\/button_stelex-18x12.png 18w\" sizes=\"(max-width: 500px) 100vw, 500px\" \/>\t\t\t\t\t\t\t\t<\/a>\n\t\t\t\t\t\t\t\t\t\t\t\t\t\t\t<\/div>\n\t\t\t\t<\/div>\n\t\t\t\t<div class=\"elementor-element elementor-element-411a740 elementor-widget elementor-widget-image\" data-id=\"411a740\" data-element_type=\"widget\" data-widget_type=\"image.default\">\n\t\t\t\t<div class=\"elementor-widget-container\">\n\t\t\t\t\t\t\t\t\t\t\t\t\t\t\t\t<a href=\"https:\/\/japanmatsuri.org\/fr\/magic-the-gathering\/\">\n\t\t\t\t\t\t\t<img loading=\"lazy\" decoding=\"async\" width=\"500\" height=\"300\" src=\"https:\/\/japanmatsuri.org\/wp-content\/uploads\/2025\/08\/button_torneomagic.png\" class=\"attachment-large size-large wp-image-1933\" alt=\"\" srcset=\"https:\/\/japanmatsuri.org\/wp-content\/uploads\/2025\/08\/button_torneomagic.png 500w, https:\/\/japanmatsuri.org\/wp-content\/uploads\/2025\/08\/button_torneomagic-300x180.png 300w, https:\/\/japanmatsuri.org\/wp-content\/uploads\/2025\/08\/button_torneomagic-18x12.png 18w\" sizes=\"(max-width: 500px) 100vw, 500px\" \/>\t\t\t\t\t\t\t\t<\/a>\n\t\t\t\t\t\t\t\t\t\t\t\t\t\t\t<\/div>\n\t\t\t\t<\/div>\n\t\t\t\t<div class=\"elementor-element elementor-element-f6a13eb elementor-widget elementor-widget-image\" data-id=\"f6a13eb\" data-element_type=\"widget\" data-widget_type=\"image.default\">\n\t\t\t\t<div class=\"elementor-widget-container\">\n\t\t\t\t\t\t\t\t\t\t\t\t\t\t\t\t<a href=\"https:\/\/japanmatsuri.org\/fr\/tornei-videogiochi\/\">\n\t\t\t\t\t\t\t<img loading=\"lazy\" decoding=\"async\" width=\"500\" height=\"300\" src=\"https:\/\/japanmatsuri.org\/wp-content\/uploads\/2025\/09\/button_torneomario_fr.png\" class=\"attachment-large size-large wp-image-2019\" alt=\"\" srcset=\"https:\/\/japanmatsuri.org\/wp-content\/uploads\/2025\/09\/button_torneomario_fr.png 500w, https:\/\/japanmatsuri.org\/wp-content\/uploads\/2025\/09\/button_torneomario_fr-300x180.png 300w, https:\/\/japanmatsuri.org\/wp-content\/uploads\/2025\/09\/button_torneomario_fr-18x12.png 18w\" sizes=\"(max-width: 500px) 100vw, 500px\" \/>\t\t\t\t\t\t\t\t<\/a>\n\t\t\t\t\t\t\t\t\t\t\t\t\t\t\t<\/div>\n\t\t\t\t<\/div>\n\t\t\t\t<div class=\"elementor-element elementor-element-aafd331 elementor-widget elementor-widget-image\" data-id=\"aafd331\" data-element_type=\"widget\" data-widget_type=\"image.default\">\n\t\t\t\t<div class=\"elementor-widget-container\">\n\t\t\t\t\t\t\t\t\t\t\t\t\t\t\t\t<a href=\"https:\/\/japanmatsuri.org\/fr\/tornei-videogiochi\/\">\n\t\t\t\t\t\t\t<img loading=\"lazy\" decoding=\"async\" width=\"500\" height=\"300\" src=\"https:\/\/japanmatsuri.org\/wp-content\/uploads\/2025\/09\/button_torneotekken_fr.png\" class=\"attachment-large size-large wp-image-2023\" alt=\"\" srcset=\"https:\/\/japanmatsuri.org\/wp-content\/uploads\/2025\/09\/button_torneotekken_fr.png 500w, https:\/\/japanmatsuri.org\/wp-content\/uploads\/2025\/09\/button_torneotekken_fr-300x180.png 300w, https:\/\/japanmatsuri.org\/wp-content\/uploads\/2025\/09\/button_torneotekken_fr-18x12.png 18w\" sizes=\"(max-width: 500px) 100vw, 500px\" \/>\t\t\t\t\t\t\t\t<\/a>\n\t\t\t\t\t\t\t\t\t\t\t\t\t\t\t<\/div>\n\t\t\t\t<\/div>\n\t\t\t\t<div class=\"elementor-element elementor-element-a1ca059 elementor-widget elementor-widget-image\" data-id=\"a1ca059\" data-element_type=\"widget\" data-widget_type=\"image.default\">\n\t\t\t\t<div class=\"elementor-widget-container\">\n\t\t\t\t\t\t\t\t\t\t\t\t\t\t\t\t<a href=\"https:\/\/japanmatsuri.org\/fr\/tornei-videogiochi\/\">\n\t\t\t\t\t\t\t<img loading=\"lazy\" decoding=\"async\" width=\"500\" height=\"300\" src=\"https:\/\/japanmatsuri.org\/wp-content\/uploads\/2025\/09\/button_torneosmash_fr.png\" class=\"attachment-large size-large wp-image-2028\" alt=\"\" srcset=\"https:\/\/japanmatsuri.org\/wp-content\/uploads\/2025\/09\/button_torneosmash_fr.png 500w, https:\/\/japanmatsuri.org\/wp-content\/uploads\/2025\/09\/button_torneosmash_fr-300x180.png 300w, https:\/\/japanmatsuri.org\/wp-content\/uploads\/2025\/09\/button_torneosmash_fr-18x12.png 18w\" sizes=\"(max-width: 500px) 100vw, 500px\" \/>\t\t\t\t\t\t\t\t<\/a>\n\t\t\t\t\t\t\t\t\t\t\t\t\t\t\t<\/div>\n\t\t\t\t<\/div>\n\t\t\t\t<\/div>\n\t\t\t\t\t<\/div>\n\t\t\t\t<\/div>\n\t\t<div class=\"elementor-element elementor-element-781fd9e e-flex e-con-boxed e-con e-parent\" data-id=\"781fd9e\" data-element_type=\"container\">\n\t\t\t\t\t<div class=\"e-con-inner\">\n\t\t\t\t\t<\/div>\n\t\t\t\t<\/div>\n\t\t\t\t<\/div>","protected":false},"excerpt":{"rendered":"<p>Area Ludica 2025 Il festival ti porter\u00e0 alla scoperta dei tesori ludici del Giappone e non solo. Sar\u00e0 un\u2019esperienza indimenticabile dove potrai immergerti in diverse aree gioco, sia tradizionali che moderne. Dai giochi da tavolo all\u2019ultimo grido ai classici intramontabili, c\u2019\u00e8 divertimento per tutti i gusti. E non \u00e8 finita qui! Al Japan Matsuri ci [&hellip;]<\/p>","protected":false},"author":1,"featured_media":0,"parent":0,"menu_order":0,"comment_status":"closed","ping_status":"closed","template":"","meta":{"footnotes":""},"class_list":["post-598","page","type-page","status-publish","hentry"],"yoast_head":"<!-- This site is optimized with the Yoast SEO plugin v25.4 - https:\/\/yoast.com\/wordpress\/plugins\/seo\/ -->\n<title>area ludica - Japan Matsuri - Festival Giapponese Bellinzona<\/title>\n<meta name=\"robots\" content=\"index, follow, max-snippet:-1, max-image-preview:large, max-video-preview:-1\" \/>\n<link rel=\"canonical\" href=\"https:\/\/japanmatsuri.org\/fr\/espace-de-jeux\/\" \/>\n<meta property=\"og:locale\" content=\"fr_FR\" \/>\n<meta property=\"og:type\" content=\"article\" \/>\n<meta property=\"og:title\" content=\"area ludica - Japan Matsuri - Festival Giapponese Bellinzona\" \/>\n<meta property=\"og:description\" content=\"Area Ludica 2025 Il festival ti porter\u00e0 alla scoperta dei tesori ludici del Giappone e non solo. Sar\u00e0 un\u2019esperienza indimenticabile dove potrai immergerti in diverse aree gioco, sia tradizionali che moderne. Dai giochi da tavolo all\u2019ultimo grido ai classici intramontabili, c\u2019\u00e8 divertimento per tutti i gusti. E non \u00e8 finita qui! Al Japan Matsuri ci [&hellip;]\" \/>\n<meta property=\"og:url\" content=\"https:\/\/japanmatsuri.org\/fr\/espace-de-jeux\/\" \/>\n<meta property=\"og:site_name\" content=\"Japan Matsuri - Festival Giapponese Bellinzona\" \/>\n<meta property=\"article:modified_time\" content=\"2026-02-08T20:15:15+00:00\" \/>\n<meta property=\"og:image\" content=\"https:\/\/japanmatsuri.org\/wp-content\/uploads\/2025\/08\/button_nintendo_full.png\" \/>\n\t<meta property=\"og:image:width\" content=\"500\" \/>\n\t<meta property=\"og:image:height\" content=\"300\" \/>\n\t<meta property=\"og:image:type\" content=\"image\/png\" \/>\n<meta name=\"twitter:card\" content=\"summary_large_image\" \/>\n<meta name=\"twitter:label1\" content=\"Dur\u00e9e de lecture estim\u00e9e\" \/>\n\t<meta name=\"twitter:data1\" content=\"3 minutes\" \/>\n<script type=\"application\/ld+json\" class=\"yoast-schema-graph\">{\"@context\":\"https:\/\/schema.org\",\"@graph\":[{\"@type\":\"WebPage\",\"@id\":\"https:\/\/japanmatsuri.org\/it\/area-ludica\/\",\"url\":\"https:\/\/japanmatsuri.org\/it\/area-ludica\/\",\"name\":\"area ludica - Japan Matsuri - Festival Giapponese Bellinzona\",\"isPartOf\":{\"@id\":\"https:\/\/japanmatsuri.org\/#website\"},\"primaryImageOfPage\":{\"@id\":\"https:\/\/japanmatsuri.org\/it\/area-ludica\/#primaryimage\"},\"image\":{\"@id\":\"https:\/\/japanmatsuri.org\/it\/area-ludica\/#primaryimage\"},\"thumbnailUrl\":\"https:\/\/japanmatsuri.org\/wp-content\/uploads\/2025\/08\/button_nintendo_full.png\",\"datePublished\":\"2025-05-12T09:53:06+00:00\",\"dateModified\":\"2026-02-08T20:15:15+00:00\",\"breadcrumb\":{\"@id\":\"https:\/\/japanmatsuri.org\/it\/area-ludica\/#breadcrumb\"},\"inLanguage\":\"fr-FR\",\"potentialAction\":[{\"@type\":\"ReadAction\",\"target\":[\"https:\/\/japanmatsuri.org\/it\/area-ludica\/\"]}]},{\"@type\":\"ImageObject\",\"inLanguage\":\"fr-FR\",\"@id\":\"https:\/\/japanmatsuri.org\/it\/area-ludica\/#primaryimage\",\"url\":\"https:\/\/japanmatsuri.org\/wp-content\/uploads\/2025\/08\/button_nintendo_full.png\",\"contentUrl\":\"https:\/\/japanmatsuri.org\/wp-content\/uploads\/2025\/08\/button_nintendo_full.png\"},{\"@type\":\"BreadcrumbList\",\"@id\":\"https:\/\/japanmatsuri.org\/it\/area-ludica\/#breadcrumb\",\"itemListElement\":[{\"@type\":\"ListItem\",\"position\":1,\"name\":\"Home\",\"item\":\"https:\/\/japanmatsuri.org\/it\/\"},{\"@type\":\"ListItem\",\"position\":2,\"name\":\"area ludica\"}]},{\"@type\":\"WebSite\",\"@id\":\"https:\/\/japanmatsuri.org\/#website\",\"url\":\"https:\/\/japanmatsuri.org\/\",\"name\":\"Japan Matsuri - Festival Giapponese Bellinzona\",\"description\":\"Festival Giapponese Bellinzona\",\"potentialAction\":[{\"@type\":\"SearchAction\",\"target\":{\"@type\":\"EntryPoint\",\"urlTemplate\":\"https:\/\/japanmatsuri.org\/?s={search_term_string}\"},\"query-input\":{\"@type\":\"PropertyValueSpecification\",\"valueRequired\":true,\"valueName\":\"search_term_string\"}}],\"inLanguage\":\"fr-FR\"}]}<\/script>\n<!-- \/ Yoast SEO plugin. -->","yoast_head_json":{"title":"area ludica - Japan Matsuri - Festival Giapponese Bellinzona","robots":{"index":"index","follow":"follow","max-snippet":"max-snippet:-1","max-image-preview":"max-image-preview:large","max-video-preview":"max-video-preview:-1"},"canonical":"https:\/\/japanmatsuri.org\/fr\/espace-de-jeux\/","og_locale":"fr_FR","og_type":"article","og_title":"area ludica - Japan Matsuri - Festival Giapponese Bellinzona","og_description":"Area Ludica 2025 Il festival ti porter\u00e0 alla scoperta dei tesori ludici del Giappone e non solo. Sar\u00e0 un\u2019esperienza indimenticabile dove potrai immergerti in diverse aree gioco, sia tradizionali che moderne. Dai giochi da tavolo all\u2019ultimo grido ai classici intramontabili, c\u2019\u00e8 divertimento per tutti i gusti. E non \u00e8 finita qui! Al Japan Matsuri ci [&hellip;]","og_url":"https:\/\/japanmatsuri.org\/fr\/espace-de-jeux\/","og_site_name":"Japan Matsuri - Festival Giapponese Bellinzona","article_modified_time":"2026-02-08T20:15:15+00:00","og_image":[{"width":500,"height":300,"url":"https:\/\/japanmatsuri.org\/wp-content\/uploads\/2025\/08\/button_nintendo_full.png","type":"image\/png"}],"twitter_card":"summary_large_image","twitter_misc":{"Dur\u00e9e de lecture estim\u00e9e":"3 minutes"},"schema":{"@context":"https:\/\/schema.org","@graph":[{"@type":"WebPage","@id":"https:\/\/japanmatsuri.org\/it\/area-ludica\/","url":"https:\/\/japanmatsuri.org\/it\/area-ludica\/","name":"area ludica - Japan Matsuri - Festival Giapponese Bellinzona","isPartOf":{"@id":"https:\/\/japanmatsuri.org\/#website"},"primaryImageOfPage":{"@id":"https:\/\/japanmatsuri.org\/it\/area-ludica\/#primaryimage"},"image":{"@id":"https:\/\/japanmatsuri.org\/it\/area-ludica\/#primaryimage"},"thumbnailUrl":"https:\/\/japanmatsuri.org\/wp-content\/uploads\/2025\/08\/button_nintendo_full.png","datePublished":"2025-05-12T09:53:06+00:00","dateModified":"2026-02-08T20:15:15+00:00","breadcrumb":{"@id":"https:\/\/japanmatsuri.org\/it\/area-ludica\/#breadcrumb"},"inLanguage":"fr-FR","potentialAction":[{"@type":"ReadAction","target":["https:\/\/japanmatsuri.org\/it\/area-ludica\/"]}]},{"@type":"ImageObject","inLanguage":"fr-FR","@id":"https:\/\/japanmatsuri.org\/it\/area-ludica\/#primaryimage","url":"https:\/\/japanmatsuri.org\/wp-content\/uploads\/2025\/08\/button_nintendo_full.png","contentUrl":"https:\/\/japanmatsuri.org\/wp-content\/uploads\/2025\/08\/button_nintendo_full.png"},{"@type":"BreadcrumbList","@id":"https:\/\/japanmatsuri.org\/it\/area-ludica\/#breadcrumb","itemListElement":[{"@type":"ListItem","position":1,"name":"Home","item":"https:\/\/japanmatsuri.org\/it\/"},{"@type":"ListItem","position":2,"name":"area ludica"}]},{"@type":"WebSite","@id":"https:\/\/japanmatsuri.org\/#website","url":"https:\/\/japanmatsuri.org\/","name":"Japan Matsuri - Festival Giapponese Bellinzona","description":"Festival Giapponese Bellinzona","potentialAction":[{"@type":"SearchAction","target":{"@type":"EntryPoint","urlTemplate":"https:\/\/japanmatsuri.org\/?s={search_term_string}"},"query-input":{"@type":"PropertyValueSpecification","valueRequired":true,"valueName":"search_term_string"}}],"inLanguage":"fr-FR"}]}},"_links":{"self":[{"href":"https:\/\/japanmatsuri.org\/fr\/wp-json\/wp\/v2\/pages\/598","targetHints":{"allow":["GET"]}}],"collection":[{"href":"https:\/\/japanmatsuri.org\/fr\/wp-json\/wp\/v2\/pages"}],"about":[{"href":"https:\/\/japanmatsuri.org\/fr\/wp-json\/wp\/v2\/types\/page"}],"author":[{"embeddable":true,"href":"https:\/\/japanmatsuri.org\/fr\/wp-json\/wp\/v2\/users\/1"}],"replies":[{"embeddable":true,"href":"https:\/\/japanmatsuri.org\/fr\/wp-json\/wp\/v2\/comments?post=598"}],"version-history":[{"count":16,"href":"https:\/\/japanmatsuri.org\/fr\/wp-json\/wp\/v2\/pages\/598\/revisions"}],"predecessor-version":[{"id":2196,"href":"https:\/\/japanmatsuri.org\/fr\/wp-json\/wp\/v2\/pages\/598\/revisions\/2196"}],"wp:attachment":[{"href":"https:\/\/japanmatsuri.org\/fr\/wp-json\/wp\/v2\/media?parent=598"}],"curies":[{"name":"wp","href":"https:\/\/api.w.org\/{rel}","templated":true}]}}