{"id":603,"date":"2025-05-12T10:55:35","date_gmt":"2025-05-12T09:55:35","guid":{"rendered":"https:\/\/japanmatsuri.org\/?page_id=603"},"modified":"2025-05-21T21:52:20","modified_gmt":"2025-05-21T20:52:20","slug":"shiatsu","status":"publish","type":"page","link":"https:\/\/japanmatsuri.org\/fr\/shiatsu\/","title":{"rendered":"shiatsu"},"content":{"rendered":"<div data-elementor-type=\"wp-page\" data-elementor-id=\"603\" class=\"elementor elementor-603\" data-elementor-post-type=\"page\">\n\t\t\t\t<div class=\"elementor-element elementor-element-24d9d0f4 e-flex e-con-boxed e-con e-parent\" data-id=\"24d9d0f4\" data-element_type=\"container\">\n\t\t\t\t\t<div class=\"e-con-inner\">\n\t\t\t\t<div class=\"elementor-element elementor-element-5489f7f8 elementor-widget elementor-widget-heading\" data-id=\"5489f7f8\" data-element_type=\"widget\" data-widget_type=\"heading.default\">\n\t\t\t\t<div class=\"elementor-widget-container\">\n\t\t\t\t\t<h1 class=\"elementor-heading-title elementor-size-default\">Shiatsu<\/h1>\t\t\t\t<\/div>\n\t\t\t\t<\/div>\n\t\t\t\t\t<\/div>\n\t\t\t\t<\/div>\n\t\t<div class=\"elementor-element elementor-element-4bfdcf64 e-flex e-con-boxed e-con e-parent\" data-id=\"4bfdcf64\" data-element_type=\"container\">\n\t\t\t\t\t<div class=\"e-con-inner\">\n\t\t<div class=\"elementor-element elementor-element-53df622e e-con-full e-flex e-con e-child\" data-id=\"53df622e\" data-element_type=\"container\">\n\t\t\t\t<div class=\"elementor-element elementor-element-8434575 elementor-widget elementor-widget-image\" data-id=\"8434575\" data-element_type=\"widget\" data-widget_type=\"image.default\">\n\t\t\t\t<div class=\"elementor-widget-container\">\n\t\t\t\t\t\t\t\t\t\t\t\t\t\t\t<img fetchpriority=\"high\" decoding=\"async\" width=\"700\" height=\"467\" src=\"https:\/\/japanmatsuri.org\/wp-content\/uploads\/2025\/05\/shiatsu3.jpg\" class=\"attachment-large size-large wp-image-605\" alt=\"\" srcset=\"https:\/\/japanmatsuri.org\/wp-content\/uploads\/2025\/05\/shiatsu3.jpg 700w, https:\/\/japanmatsuri.org\/wp-content\/uploads\/2025\/05\/shiatsu3-300x200.jpg 300w, https:\/\/japanmatsuri.org\/wp-content\/uploads\/2025\/05\/shiatsu3-18x12.jpg 18w\" sizes=\"(max-width: 700px) 100vw, 700px\" \/>\t\t\t\t\t\t\t\t\t\t\t\t\t\t\t<\/div>\n\t\t\t\t<\/div>\n\t\t\t\t<\/div>\n\t\t<div class=\"elementor-element elementor-element-37da5b56 e-con-full e-flex e-con e-child\" data-id=\"37da5b56\" data-element_type=\"container\">\n\t\t\t\t<div class=\"elementor-element elementor-element-610f2a1 elementor-widget elementor-widget-text-editor\" data-id=\"610f2a1\" data-element_type=\"widget\" data-widget_type=\"text-editor.default\">\n\t\t\t\t<div class=\"elementor-widget-container\">\n\t\t\t\t\t\t\t\t\t<div class=\"wp-block-column is-vertically-aligned-center is-layout-flow wp-block-column-is-layout-flow\"><p class=\"\">Le shiatsu est une technique manuelle d\u2019origine japonaise qui s\u2019est d\u00e9velopp\u00e9e au d\u00e9but du vingti\u00e8me si\u00e8cle et qui s\u2019est r\u00e9pandre dans tout le monde \u00e0 partir des ann\u00e9es soixante.\nTokujiro Namikoshi a \u00e9t\u00e9 une de personnalit\u00e9s les plus importantes dans la cr\u00e9ation de cette technique et de l\u2019\u00e9cole par lui fond\u00e9e, le Japan Shiatsu College de Tokyo, la seule reconna\u00eet par le Minist\u00e8re de la Sant\u00e9 japonais.<\/p><p class=\"\">Au Japan Matsuri vous aurez la possibilit\u00e9 de vous faire faire un massage et donc de vous relaxer gr\u00e2ce \u00e0 cette technique magnifique.<strong>Associazione Shiatsu Metodo Namikoshi.<\/strong><\/p><p class=\"translation-block\"><strong>Date :<\/strong> Samedi 20 et dimanche 21<br>\n\n<strong>Num\u00e9ro des participants :<\/strong> ouvert \u00e0 tout-le-monde<\/p><\/div>\t\t\t\t\t\t\t\t<\/div>\n\t\t\t\t<\/div>\n\t\t\t\t<\/div>\n\t\t\t\t\t<\/div>\n\t\t\t\t<\/div>\n\t\t\t\t<\/div>","protected":false},"excerpt":{"rendered":"<p>Shiatsu Lo shiatsu \u00e8 una tecnica manuale di origine giapponese sviluppatasi agli inizi del ventesimo secolo e diffusasi un po\u2019 in tutto il mondo a partire dagli anni sessanta. Tokujiro Namikoshi \u00e8 stato sicuramente una delle figure pi\u00f9 importanti nella nascita dello shiatsu e la scuola da lui fondata, il Japan Shiatsu College di Tokyo, [&hellip;]<\/p>","protected":false},"author":1,"featured_media":0,"parent":0,"menu_order":0,"comment_status":"closed","ping_status":"closed","template":"","meta":{"footnotes":""},"class_list":["post-603","page","type-page","status-publish","hentry"],"yoast_head":"<!-- This site is optimized with the Yoast SEO plugin v25.4 - https:\/\/yoast.com\/wordpress\/plugins\/seo\/ -->\n<title>shiatsu - Japan Matsuri - Festival Giapponese Bellinzona<\/title>\n<meta name=\"robots\" content=\"index, follow, max-snippet:-1, max-image-preview:large, max-video-preview:-1\" \/>\n<link rel=\"canonical\" href=\"https:\/\/japanmatsuri.org\/fr\/shiatsu\/\" \/>\n<meta property=\"og:locale\" content=\"fr_FR\" \/>\n<meta property=\"og:type\" content=\"article\" \/>\n<meta property=\"og:title\" content=\"shiatsu - Japan Matsuri - Festival Giapponese Bellinzona\" \/>\n<meta property=\"og:description\" content=\"Shiatsu Lo shiatsu \u00e8 una tecnica manuale di origine giapponese sviluppatasi agli inizi del ventesimo secolo e diffusasi un po\u2019 in tutto il mondo a partire dagli anni sessanta. Tokujiro Namikoshi \u00e8 stato sicuramente una delle figure pi\u00f9 importanti nella nascita dello shiatsu e la scuola da lui fondata, il Japan Shiatsu College di Tokyo, [&hellip;]\" \/>\n<meta property=\"og:url\" content=\"https:\/\/japanmatsuri.org\/fr\/shiatsu\/\" \/>\n<meta property=\"og:site_name\" content=\"Japan Matsuri - Festival Giapponese Bellinzona\" \/>\n<meta property=\"article:modified_time\" content=\"2025-05-21T20:52:20+00:00\" \/>\n<meta property=\"og:image\" content=\"https:\/\/japanmatsuri.org\/wp-content\/uploads\/2025\/05\/shiatsu3.jpg\" \/>\n\t<meta property=\"og:image:width\" content=\"700\" \/>\n\t<meta property=\"og:image:height\" content=\"467\" \/>\n\t<meta property=\"og:image:type\" content=\"image\/jpeg\" \/>\n<meta name=\"twitter:card\" content=\"summary_large_image\" \/>\n<script type=\"application\/ld+json\" class=\"yoast-schema-graph\">{\"@context\":\"https:\/\/schema.org\",\"@graph\":[{\"@type\":\"WebPage\",\"@id\":\"https:\/\/japanmatsuri.org\/shiatsu\/\",\"url\":\"https:\/\/japanmatsuri.org\/shiatsu\/\",\"name\":\"shiatsu - Japan Matsuri - Festival Giapponese Bellinzona\",\"isPartOf\":{\"@id\":\"https:\/\/japanmatsuri.org\/#website\"},\"primaryImageOfPage\":{\"@id\":\"https:\/\/japanmatsuri.org\/shiatsu\/#primaryimage\"},\"image\":{\"@id\":\"https:\/\/japanmatsuri.org\/shiatsu\/#primaryimage\"},\"thumbnailUrl\":\"https:\/\/japanmatsuri.org\/wp-content\/uploads\/2025\/05\/shiatsu3.jpg\",\"datePublished\":\"2025-05-12T09:55:35+00:00\",\"dateModified\":\"2025-05-21T20:52:20+00:00\",\"breadcrumb\":{\"@id\":\"https:\/\/japanmatsuri.org\/shiatsu\/#breadcrumb\"},\"inLanguage\":\"fr-FR\",\"potentialAction\":[{\"@type\":\"ReadAction\",\"target\":[\"https:\/\/japanmatsuri.org\/shiatsu\/\"]}]},{\"@type\":\"ImageObject\",\"inLanguage\":\"fr-FR\",\"@id\":\"https:\/\/japanmatsuri.org\/shiatsu\/#primaryimage\",\"url\":\"https:\/\/japanmatsuri.org\/wp-content\/uploads\/2025\/05\/shiatsu3.jpg\",\"contentUrl\":\"https:\/\/japanmatsuri.org\/wp-content\/uploads\/2025\/05\/shiatsu3.jpg\"},{\"@type\":\"BreadcrumbList\",\"@id\":\"https:\/\/japanmatsuri.org\/shiatsu\/#breadcrumb\",\"itemListElement\":[{\"@type\":\"ListItem\",\"position\":1,\"name\":\"Home\",\"item\":\"https:\/\/japanmatsuri.org\/it\/\"},{\"@type\":\"ListItem\",\"position\":2,\"name\":\"shiatsu\"}]},{\"@type\":\"WebSite\",\"@id\":\"https:\/\/japanmatsuri.org\/#website\",\"url\":\"https:\/\/japanmatsuri.org\/\",\"name\":\"Japan Matsuri - Festival Giapponese Bellinzona\",\"description\":\"Festival Giapponese Bellinzona\",\"potentialAction\":[{\"@type\":\"SearchAction\",\"target\":{\"@type\":\"EntryPoint\",\"urlTemplate\":\"https:\/\/japanmatsuri.org\/?s={search_term_string}\"},\"query-input\":{\"@type\":\"PropertyValueSpecification\",\"valueRequired\":true,\"valueName\":\"search_term_string\"}}],\"inLanguage\":\"fr-FR\"}]}<\/script>\n<!-- \/ Yoast SEO plugin. -->","yoast_head_json":{"title":"shiatsu - Japan Matsuri - Festival Giapponese Bellinzona","robots":{"index":"index","follow":"follow","max-snippet":"max-snippet:-1","max-image-preview":"max-image-preview:large","max-video-preview":"max-video-preview:-1"},"canonical":"https:\/\/japanmatsuri.org\/fr\/shiatsu\/","og_locale":"fr_FR","og_type":"article","og_title":"shiatsu - Japan Matsuri - Festival Giapponese Bellinzona","og_description":"Shiatsu Lo shiatsu \u00e8 una tecnica manuale di origine giapponese sviluppatasi agli inizi del ventesimo secolo e diffusasi un po\u2019 in tutto il mondo a partire dagli anni sessanta. Tokujiro Namikoshi \u00e8 stato sicuramente una delle figure pi\u00f9 importanti nella nascita dello shiatsu e la scuola da lui fondata, il Japan Shiatsu College di Tokyo, [&hellip;]","og_url":"https:\/\/japanmatsuri.org\/fr\/shiatsu\/","og_site_name":"Japan Matsuri - Festival Giapponese Bellinzona","article_modified_time":"2025-05-21T20:52:20+00:00","og_image":[{"width":700,"height":467,"url":"https:\/\/japanmatsuri.org\/wp-content\/uploads\/2025\/05\/shiatsu3.jpg","type":"image\/jpeg"}],"twitter_card":"summary_large_image","schema":{"@context":"https:\/\/schema.org","@graph":[{"@type":"WebPage","@id":"https:\/\/japanmatsuri.org\/shiatsu\/","url":"https:\/\/japanmatsuri.org\/shiatsu\/","name":"shiatsu - Japan Matsuri - Festival Giapponese Bellinzona","isPartOf":{"@id":"https:\/\/japanmatsuri.org\/#website"},"primaryImageOfPage":{"@id":"https:\/\/japanmatsuri.org\/shiatsu\/#primaryimage"},"image":{"@id":"https:\/\/japanmatsuri.org\/shiatsu\/#primaryimage"},"thumbnailUrl":"https:\/\/japanmatsuri.org\/wp-content\/uploads\/2025\/05\/shiatsu3.jpg","datePublished":"2025-05-12T09:55:35+00:00","dateModified":"2025-05-21T20:52:20+00:00","breadcrumb":{"@id":"https:\/\/japanmatsuri.org\/shiatsu\/#breadcrumb"},"inLanguage":"fr-FR","potentialAction":[{"@type":"ReadAction","target":["https:\/\/japanmatsuri.org\/shiatsu\/"]}]},{"@type":"ImageObject","inLanguage":"fr-FR","@id":"https:\/\/japanmatsuri.org\/shiatsu\/#primaryimage","url":"https:\/\/japanmatsuri.org\/wp-content\/uploads\/2025\/05\/shiatsu3.jpg","contentUrl":"https:\/\/japanmatsuri.org\/wp-content\/uploads\/2025\/05\/shiatsu3.jpg"},{"@type":"BreadcrumbList","@id":"https:\/\/japanmatsuri.org\/shiatsu\/#breadcrumb","itemListElement":[{"@type":"ListItem","position":1,"name":"Home","item":"https:\/\/japanmatsuri.org\/it\/"},{"@type":"ListItem","position":2,"name":"shiatsu"}]},{"@type":"WebSite","@id":"https:\/\/japanmatsuri.org\/#website","url":"https:\/\/japanmatsuri.org\/","name":"Japan Matsuri - Festival Giapponese Bellinzona","description":"Festival Giapponese Bellinzona","potentialAction":[{"@type":"SearchAction","target":{"@type":"EntryPoint","urlTemplate":"https:\/\/japanmatsuri.org\/?s={search_term_string}"},"query-input":{"@type":"PropertyValueSpecification","valueRequired":true,"valueName":"search_term_string"}}],"inLanguage":"fr-FR"}]}},"_links":{"self":[{"href":"https:\/\/japanmatsuri.org\/fr\/wp-json\/wp\/v2\/pages\/603","targetHints":{"allow":["GET"]}}],"collection":[{"href":"https:\/\/japanmatsuri.org\/fr\/wp-json\/wp\/v2\/pages"}],"about":[{"href":"https:\/\/japanmatsuri.org\/fr\/wp-json\/wp\/v2\/types\/page"}],"author":[{"embeddable":true,"href":"https:\/\/japanmatsuri.org\/fr\/wp-json\/wp\/v2\/users\/1"}],"replies":[{"embeddable":true,"href":"https:\/\/japanmatsuri.org\/fr\/wp-json\/wp\/v2\/comments?post=603"}],"version-history":[{"count":7,"href":"https:\/\/japanmatsuri.org\/fr\/wp-json\/wp\/v2\/pages\/603\/revisions"}],"predecessor-version":[{"id":762,"href":"https:\/\/japanmatsuri.org\/fr\/wp-json\/wp\/v2\/pages\/603\/revisions\/762"}],"wp:attachment":[{"href":"https:\/\/japanmatsuri.org\/fr\/wp-json\/wp\/v2\/media?parent=603"}],"curies":[{"name":"wp","href":"https:\/\/api.w.org\/{rel}","templated":true}]}}