{"id":898,"date":"2025-06-22T17:04:13","date_gmt":"2025-06-22T16:04:13","guid":{"rendered":"https:\/\/japanmatsuri.org\/it\/?page_id=898"},"modified":"2025-07-14T19:43:49","modified_gmt":"2025-07-14T18:43:49","slug":"ki","status":"publish","type":"page","link":"https:\/\/japanmatsuri.org\/fr\/ki\/","title":{"rendered":"ki-energia-respiro"},"content":{"rendered":"<div data-elementor-type=\"wp-page\" data-elementor-id=\"898\" class=\"elementor elementor-898\" data-elementor-post-type=\"page\">\n\t\t\t\t<div class=\"elementor-element elementor-element-5ca9223b e-flex e-con-boxed e-con e-parent\" data-id=\"5ca9223b\" data-element_type=\"container\">\n\t\t\t\t\t<div class=\"e-con-inner\">\n\t\t\t\t<div class=\"elementor-element elementor-element-74d917f9 elementor-widget elementor-widget-heading\" data-id=\"74d917f9\" data-element_type=\"widget\" data-widget_type=\"heading.default\">\n\t\t\t\t<div class=\"elementor-widget-container\">\n\t\t\t\t\t<h1 class=\"elementor-heading-title elementor-size-default\">Ki, l\u2019\u00e9nergie du souffle<\/h1>\t\t\t\t<\/div>\n\t\t\t\t<\/div>\n\t\t\t\t<div class=\"elementor-element elementor-element-e23bd44 elementor-widget elementor-widget-heading\" data-id=\"e23bd44\" data-element_type=\"widget\" data-widget_type=\"heading.default\">\n\t\t\t\t<div class=\"elementor-widget-container\">\n\t\t\t\t\t<h2 class=\"elementor-heading-title elementor-size-default\">Circulation dynamique<\/h2>\t\t\t\t<\/div>\n\t\t\t\t<\/div>\n\t\t\t\t\t<\/div>\n\t\t\t\t<\/div>\n\t\t<div class=\"elementor-element elementor-element-2d061d5f e-flex e-con-boxed e-con e-parent\" data-id=\"2d061d5f\" data-element_type=\"container\">\n\t\t\t\t\t<div class=\"e-con-inner\">\n\t\t\t\t<div class=\"elementor-element elementor-element-3fc11d6 elementor-widget elementor-widget-image\" data-id=\"3fc11d6\" data-element_type=\"widget\" data-widget_type=\"image.default\">\n\t\t\t\t<div class=\"elementor-widget-container\">\n\t\t\t\t\t\t\t\t\t\t\t\t\t\t\t<img fetchpriority=\"high\" decoding=\"async\" width=\"1750\" height=\"700\" src=\"https:\/\/japanmatsuri.org\/wp-content\/uploads\/2025\/06\/4.png\" class=\"attachment-full size-full wp-image-900\" alt=\"\" srcset=\"https:\/\/japanmatsuri.org\/wp-content\/uploads\/2025\/06\/4.png 1750w, https:\/\/japanmatsuri.org\/wp-content\/uploads\/2025\/06\/4-300x120.png 300w, https:\/\/japanmatsuri.org\/wp-content\/uploads\/2025\/06\/4-1024x410.png 1024w, https:\/\/japanmatsuri.org\/wp-content\/uploads\/2025\/06\/4-768x307.png 768w, https:\/\/japanmatsuri.org\/wp-content\/uploads\/2025\/06\/4-1536x614.png 1536w, https:\/\/japanmatsuri.org\/wp-content\/uploads\/2025\/06\/4-18x7.png 18w\" sizes=\"(max-width: 1750px) 100vw, 1750px\" \/>\t\t\t\t\t\t\t\t\t\t\t\t\t\t\t<\/div>\n\t\t\t\t<\/div>\n\t\t\t\t\t<\/div>\n\t\t\t\t<\/div>\n\t\t<div class=\"elementor-element elementor-element-6054f58 e-flex e-con-boxed e-con e-parent\" data-id=\"6054f58\" data-element_type=\"container\">\n\t\t\t\t\t<div class=\"e-con-inner\">\n\t\t\t\t\t<\/div>\n\t\t\t\t<\/div>\n\t\t<div class=\"elementor-element elementor-element-48e219b e-flex e-con-boxed e-con e-parent\" data-id=\"48e219b\" data-element_type=\"container\">\n\t\t\t\t\t<div class=\"e-con-inner\">\n\t\t\t\t<div class=\"elementor-element elementor-element-272312c elementor-widget elementor-widget-text-editor\" data-id=\"272312c\" data-element_type=\"widget\" data-widget_type=\"text-editor.default\">\n\t\t\t\t<div class=\"elementor-widget-container\">\n\t\t\t\t\t\t\t\t\t<p>Lors de cet atelier, vous d\u00e9couvrirez le lien entre le souffle et le mouvement afin de g\u00e9n\u00e9rer l\u2019\u00e9nergie du Ki. Gr\u00e2ce \u00e0 des exercices dynamiques, vous vous familiariserez avec une pratique qui utilise le corps comme vecteur pour faire circuler l\u2019\u00e9nergie, dans un rythme harmonieux entre mouvement physique et respiration.<\/p><p class=\"translation-block\">Comme l\u2019enseigne le ma\u00eetre Nishino, le terme <\/i>Ki<\/i>, selon la tradition japonaise ancienne, d\u00e9signe l\u2019\u00e9nergie vitale. En japonais, les id\u00e9ogrammes de \u201cvivre\u201d et de \u201crespirer\u201d se prononcent de la m\u00eame mani\u00e8re : <i>iki<\/i>. Autrement dit, vivre signifie respirer. En r\u00e9p\u00e9tant l\u2019id\u00e9ogramme <i>iki<\/i>, on obtient l\u2019expression <i>iki-iki<\/i>, qui signifie \u201cvif\u201d ou \u201c\u00e9nergique\u201d, et d\u00e9signe litt\u00e9ralement une respiration tr\u00e8s active. Cultiver le Ki par le souffle revient donc \u00e0 cultiver son \u00e9nergie vitale.<\/p>\t\t\t\t\t\t\t\t<\/div>\n\t\t\t\t<\/div>\n\t\t\t\t<div class=\"elementor-element elementor-element-5b30880 elementor-widget elementor-widget-text-editor\" data-id=\"5b30880\" data-element_type=\"widget\" data-widget_type=\"text-editor.default\">\n\t\t\t\t<div class=\"elementor-widget-container\">\n\t\t\t\t\t\t\t\t\t<p class=\"translation-block\">L\u2019Association Yag\u014d, bas\u00e9e dans la r\u00e9gion de Lugano, a \u00e9t\u00e9 fond\u00e9e pour transmettre les anciens enseignements orientaux li\u00e9s au souffle. <i>Yag\u014d<\/i> est un terme historique japonais qui d\u00e9signe une \u201cMaison de pratique\u201d, un lieu privil\u00e9gi\u00e9 o\u00f9 partager une discipline ou un art, selon la philosophie traditionnelle.<\/p>\t\t\t\t\t\t\t\t<\/div>\n\t\t\t\t<\/div>\n\t\t\t\t\t<\/div>\n\t\t\t\t<\/div>\n\t\t<div class=\"elementor-element elementor-element-f8688b8 e-flex e-con-boxed e-con e-parent\" data-id=\"f8688b8\" data-element_type=\"container\">\n\t\t\t\t\t<div class=\"e-con-inner\">\n\t\t\t\t\t<\/div>\n\t\t\t\t<\/div>\n\t\t<div class=\"elementor-element elementor-element-1a64c8b e-flex e-con-boxed e-con e-parent\" data-id=\"1a64c8b\" data-element_type=\"container\">\n\t\t\t\t\t<div class=\"e-con-inner\">\n\t\t<div class=\"elementor-element elementor-element-75061bc e-con-full e-flex e-con e-child\" data-id=\"75061bc\" data-element_type=\"container\">\n\t\t\t\t<div class=\"elementor-element elementor-element-b911228 elementor-widget elementor-widget-text-editor\" data-id=\"b911228\" data-element_type=\"widget\" data-widget_type=\"text-editor.default\">\n\t\t\t\t<div class=\"elementor-widget-container\">\n\t\t\t\t\t\t\t\t\t<p class=\"translation-block\"><b>Date<\/b> : Dimanche 21 septembre 2025<br>\n<b>Horaire<\/b> : 11h00 \u2013 12h00<br>\n<b>Lieu<\/b> : Espace ext\u00e9rieur<br>\n<b>Participants<\/b> : maximum 20<br>\n<b>Prix<\/b> : 15 CHF<br>\n<b>Mat\u00e9riel \u00e0 apporte\/b&gt;r : tenue confortable, tapis ou couverture, coussin<\/p><p class=\"translation-block\"><b>Langue :<\/b> italien<\/p>\t\t\t\t\t\t\t\t<\/div>\n\t\t\t\t<\/div>\n\t\t\t\t<\/div>\n\t\t<div class=\"elementor-element elementor-element-660e7ca e-flex e-con-boxed e-con e-child\" data-id=\"660e7ca\" data-element_type=\"container\">\n\t\t\t\t\t<div class=\"e-con-inner\">\n\t\t\t\t<div class=\"elementor-element elementor-element-6f84610 elementor-widget-mobile__width-initial elementor-widget elementor-widget-button\" data-id=\"6f84610\" data-element_type=\"widget\" data-widget_type=\"button.default\">\n\t\t\t\t<div class=\"elementor-widget-container\">\n\t\t\t\t\t\t\t\t\t<div class=\"elementor-button-wrapper\">\n\t\t\t\t\t<a class=\"elementor-button elementor-button-link elementor-size-sm\" href=\"https:\/\/www.ticketino.com\/fr\/event\/japan-matsuri-workshops\/205119\" target=\"_blank\">\n\t\t\t\t\t\t<span class=\"elementor-button-content-wrapper\">\n\t\t\t\t\t\t\t\t\t<span class=\"elementor-button-text\">INSCRIPTION<\/span>\n\t\t\t\t\t<\/span>\n\t\t\t\t\t<\/a>\n\t\t\t\t<\/div>\n\t\t\t\t\t\t\t\t<\/div>\n\t\t\t\t<\/div>\n\t\t\t\t<div class=\"elementor-element elementor-element-909fc21 elementor-widget elementor-widget-button\" data-id=\"909fc21\" data-element_type=\"widget\" data-widget_type=\"button.default\">\n\t\t\t\t<div class=\"elementor-widget-container\">\n\t\t\t\t\t\t\t\t\t<div class=\"elementor-button-wrapper\">\n\t\t\t\t\t<a class=\"elementor-button elementor-button-link elementor-size-sm\" href=\"https:\/\/japanmatsuri.org\/fr\/reglement\/\" target=\"_blank\">\n\t\t\t\t\t\t<span class=\"elementor-button-content-wrapper\">\n\t\t\t\t\t\t\t\t\t<span class=\"elementor-button-text\">R\u00c8GLEMENT<\/span>\n\t\t\t\t\t<\/span>\n\t\t\t\t\t<\/a>\n\t\t\t\t<\/div>\n\t\t\t\t\t\t\t\t<\/div>\n\t\t\t\t<\/div>\n\t\t\t\t\t<\/div>\n\t\t\t\t<\/div>\n\t\t\t\t\t<\/div>\n\t\t\t\t<\/div>\n\t\t<div class=\"elementor-element elementor-element-3a54b51 e-flex e-con-boxed e-con e-parent\" data-id=\"3a54b51\" data-element_type=\"container\">\n\t\t\t\t\t<div class=\"e-con-inner\">\n\t\t\t\t<div class=\"elementor-element elementor-element-eb011c1 elementor-widget elementor-widget-text-editor\" data-id=\"eb011c1\" data-element_type=\"widget\" data-widget_type=\"text-editor.default\">\n\t\t\t\t<div class=\"elementor-widget-container\">\n\t\t\t\t\t\t\t\t\t<p><i>Pour acc\u00e9der \u00e0 l\u2019espace des ateliers, vous devrez porter le bracelet fourni \u00e0 l\u2019entr\u00e9e du festival. Pour faciliter l\u2019entr\u00e9e, nous vous recommandons d\u2019acheter votre billet de festival en ligne. Les personnes handicap\u00e9es ou \u00e0 mobilit\u00e9 r\u00e9duite sont invit\u00e9es \u00e0 nous contacter \u00e0 l\u2019avance par email \u00e0 l\u2019adresse info@japanmatsuri.org afin que nous puissions organiser un acc\u00e8s sans stress.<\/i><\/p>\t\t\t\t\t\t\t\t<\/div>\n\t\t\t\t<\/div>\n\t\t\t\t\t<\/div>\n\t\t\t\t<\/div>\n\t\t<div class=\"elementor-element elementor-element-2934483f e-flex e-con-boxed e-con e-parent\" data-id=\"2934483f\" data-element_type=\"container\">\n\t\t\t\t\t<div class=\"e-con-inner\">\n\t\t\t\t\t<\/div>\n\t\t\t\t<\/div>\n\t\t\t\t<\/div>","protected":false},"excerpt":{"rendered":"<p>Ki, l\u2019energia del respiro La circolazione dinamica In questo workshop potrai sperimentare la connessione tra respiro e movimento per generare l\u2019energia del Ki. Attraverso esercizi dinamici, acquisirai familiarit\u00e0 con una pratica che utilizza il corpo come veicolo per far fluire l\u2019energia, in un ritmo armonioso tra movimento fisico e respirazione. Come afferma il maestro Nishino, [&hellip;]<\/p>","protected":false},"author":1,"featured_media":0,"parent":0,"menu_order":0,"comment_status":"closed","ping_status":"closed","template":"","meta":{"footnotes":""},"class_list":["post-898","page","type-page","status-publish","hentry"],"yoast_head":"<!-- This site is optimized with the Yoast SEO plugin v25.4 - https:\/\/yoast.com\/wordpress\/plugins\/seo\/ -->\n<title>ki-energia-respiro - Japan Matsuri - Festival Giapponese Bellinzona<\/title>\n<meta name=\"robots\" content=\"index, follow, max-snippet:-1, max-image-preview:large, max-video-preview:-1\" \/>\n<link rel=\"canonical\" href=\"https:\/\/japanmatsuri.org\/fr\/ki\/\" \/>\n<meta property=\"og:locale\" content=\"fr_FR\" \/>\n<meta property=\"og:type\" content=\"article\" \/>\n<meta property=\"og:title\" content=\"ki-energia-respiro - Japan Matsuri - Festival Giapponese Bellinzona\" \/>\n<meta property=\"og:description\" content=\"Ki, l\u2019energia del respiro La circolazione dinamica In questo workshop potrai sperimentare la connessione tra respiro e movimento per generare l\u2019energia del Ki. Attraverso esercizi dinamici, acquisirai familiarit\u00e0 con una pratica che utilizza il corpo come veicolo per far fluire l\u2019energia, in un ritmo armonioso tra movimento fisico e respirazione. Come afferma il maestro Nishino, [&hellip;]\" \/>\n<meta property=\"og:url\" content=\"https:\/\/japanmatsuri.org\/fr\/ki\/\" \/>\n<meta property=\"og:site_name\" content=\"Japan Matsuri - Festival Giapponese Bellinzona\" \/>\n<meta property=\"article:modified_time\" content=\"2025-07-14T18:43:49+00:00\" \/>\n<meta property=\"og:image\" content=\"https:\/\/japanmatsuri.org\/wp-content\/uploads\/2025\/06\/4.png\" \/>\n\t<meta property=\"og:image:width\" content=\"1750\" \/>\n\t<meta property=\"og:image:height\" content=\"700\" \/>\n\t<meta property=\"og:image:type\" content=\"image\/png\" \/>\n<meta name=\"twitter:card\" content=\"summary_large_image\" \/>\n<meta name=\"twitter:label1\" content=\"Dur\u00e9e de lecture estim\u00e9e\" \/>\n\t<meta name=\"twitter:data1\" content=\"1 minute\" \/>\n<script type=\"application\/ld+json\" class=\"yoast-schema-graph\">{\"@context\":\"https:\/\/schema.org\",\"@graph\":[{\"@type\":\"WebPage\",\"@id\":\"https:\/\/japanmatsuri.org\/ki\/\",\"url\":\"https:\/\/japanmatsuri.org\/ki\/\",\"name\":\"ki-energia-respiro - Japan Matsuri - Festival Giapponese Bellinzona\",\"isPartOf\":{\"@id\":\"https:\/\/japanmatsuri.org\/#website\"},\"primaryImageOfPage\":{\"@id\":\"https:\/\/japanmatsuri.org\/ki\/#primaryimage\"},\"image\":{\"@id\":\"https:\/\/japanmatsuri.org\/ki\/#primaryimage\"},\"thumbnailUrl\":\"https:\/\/japanmatsuri.org\/wp-content\/uploads\/2025\/06\/4.png\",\"datePublished\":\"2025-06-22T16:04:13+00:00\",\"dateModified\":\"2025-07-14T18:43:49+00:00\",\"breadcrumb\":{\"@id\":\"https:\/\/japanmatsuri.org\/ki\/#breadcrumb\"},\"inLanguage\":\"fr-FR\",\"potentialAction\":[{\"@type\":\"ReadAction\",\"target\":[\"https:\/\/japanmatsuri.org\/ki\/\"]}]},{\"@type\":\"ImageObject\",\"inLanguage\":\"fr-FR\",\"@id\":\"https:\/\/japanmatsuri.org\/ki\/#primaryimage\",\"url\":\"https:\/\/japanmatsuri.org\/wp-content\/uploads\/2025\/06\/4.png\",\"contentUrl\":\"https:\/\/japanmatsuri.org\/wp-content\/uploads\/2025\/06\/4.png\"},{\"@type\":\"BreadcrumbList\",\"@id\":\"https:\/\/japanmatsuri.org\/ki\/#breadcrumb\",\"itemListElement\":[{\"@type\":\"ListItem\",\"position\":1,\"name\":\"Home\",\"item\":\"https:\/\/japanmatsuri.org\/it\/\"},{\"@type\":\"ListItem\",\"position\":2,\"name\":\"ki-energia-respiro\"}]},{\"@type\":\"WebSite\",\"@id\":\"https:\/\/japanmatsuri.org\/#website\",\"url\":\"https:\/\/japanmatsuri.org\/\",\"name\":\"Japan Matsuri - Festival Giapponese Bellinzona\",\"description\":\"Festival Giapponese Bellinzona\",\"potentialAction\":[{\"@type\":\"SearchAction\",\"target\":{\"@type\":\"EntryPoint\",\"urlTemplate\":\"https:\/\/japanmatsuri.org\/?s={search_term_string}\"},\"query-input\":{\"@type\":\"PropertyValueSpecification\",\"valueRequired\":true,\"valueName\":\"search_term_string\"}}],\"inLanguage\":\"fr-FR\"}]}<\/script>\n<!-- \/ Yoast SEO plugin. -->","yoast_head_json":{"title":"ki-energia-respiro - Japan Matsuri - Festival Giapponese Bellinzona","robots":{"index":"index","follow":"follow","max-snippet":"max-snippet:-1","max-image-preview":"max-image-preview:large","max-video-preview":"max-video-preview:-1"},"canonical":"https:\/\/japanmatsuri.org\/fr\/ki\/","og_locale":"fr_FR","og_type":"article","og_title":"ki-energia-respiro - Japan Matsuri - Festival Giapponese Bellinzona","og_description":"Ki, l\u2019energia del respiro La circolazione dinamica In questo workshop potrai sperimentare la connessione tra respiro e movimento per generare l\u2019energia del Ki. Attraverso esercizi dinamici, acquisirai familiarit\u00e0 con una pratica che utilizza il corpo come veicolo per far fluire l\u2019energia, in un ritmo armonioso tra movimento fisico e respirazione. Come afferma il maestro Nishino, [&hellip;]","og_url":"https:\/\/japanmatsuri.org\/fr\/ki\/","og_site_name":"Japan Matsuri - Festival Giapponese Bellinzona","article_modified_time":"2025-07-14T18:43:49+00:00","og_image":[{"width":1750,"height":700,"url":"https:\/\/japanmatsuri.org\/wp-content\/uploads\/2025\/06\/4.png","type":"image\/png"}],"twitter_card":"summary_large_image","twitter_misc":{"Dur\u00e9e de lecture estim\u00e9e":"1 minute"},"schema":{"@context":"https:\/\/schema.org","@graph":[{"@type":"WebPage","@id":"https:\/\/japanmatsuri.org\/ki\/","url":"https:\/\/japanmatsuri.org\/ki\/","name":"ki-energia-respiro - Japan Matsuri - Festival Giapponese Bellinzona","isPartOf":{"@id":"https:\/\/japanmatsuri.org\/#website"},"primaryImageOfPage":{"@id":"https:\/\/japanmatsuri.org\/ki\/#primaryimage"},"image":{"@id":"https:\/\/japanmatsuri.org\/ki\/#primaryimage"},"thumbnailUrl":"https:\/\/japanmatsuri.org\/wp-content\/uploads\/2025\/06\/4.png","datePublished":"2025-06-22T16:04:13+00:00","dateModified":"2025-07-14T18:43:49+00:00","breadcrumb":{"@id":"https:\/\/japanmatsuri.org\/ki\/#breadcrumb"},"inLanguage":"fr-FR","potentialAction":[{"@type":"ReadAction","target":["https:\/\/japanmatsuri.org\/ki\/"]}]},{"@type":"ImageObject","inLanguage":"fr-FR","@id":"https:\/\/japanmatsuri.org\/ki\/#primaryimage","url":"https:\/\/japanmatsuri.org\/wp-content\/uploads\/2025\/06\/4.png","contentUrl":"https:\/\/japanmatsuri.org\/wp-content\/uploads\/2025\/06\/4.png"},{"@type":"BreadcrumbList","@id":"https:\/\/japanmatsuri.org\/ki\/#breadcrumb","itemListElement":[{"@type":"ListItem","position":1,"name":"Home","item":"https:\/\/japanmatsuri.org\/it\/"},{"@type":"ListItem","position":2,"name":"ki-energia-respiro"}]},{"@type":"WebSite","@id":"https:\/\/japanmatsuri.org\/#website","url":"https:\/\/japanmatsuri.org\/","name":"Japan Matsuri - Festival Giapponese Bellinzona","description":"Festival Giapponese Bellinzona","potentialAction":[{"@type":"SearchAction","target":{"@type":"EntryPoint","urlTemplate":"https:\/\/japanmatsuri.org\/?s={search_term_string}"},"query-input":{"@type":"PropertyValueSpecification","valueRequired":true,"valueName":"search_term_string"}}],"inLanguage":"fr-FR"}]}},"_links":{"self":[{"href":"https:\/\/japanmatsuri.org\/fr\/wp-json\/wp\/v2\/pages\/898","targetHints":{"allow":["GET"]}}],"collection":[{"href":"https:\/\/japanmatsuri.org\/fr\/wp-json\/wp\/v2\/pages"}],"about":[{"href":"https:\/\/japanmatsuri.org\/fr\/wp-json\/wp\/v2\/types\/page"}],"author":[{"embeddable":true,"href":"https:\/\/japanmatsuri.org\/fr\/wp-json\/wp\/v2\/users\/1"}],"replies":[{"embeddable":true,"href":"https:\/\/japanmatsuri.org\/fr\/wp-json\/wp\/v2\/comments?post=898"}],"version-history":[{"count":14,"href":"https:\/\/japanmatsuri.org\/fr\/wp-json\/wp\/v2\/pages\/898\/revisions"}],"predecessor-version":[{"id":1400,"href":"https:\/\/japanmatsuri.org\/fr\/wp-json\/wp\/v2\/pages\/898\/revisions\/1400"}],"wp:attachment":[{"href":"https:\/\/japanmatsuri.org\/fr\/wp-json\/wp\/v2\/media?parent=898"}],"curies":[{"name":"wp","href":"https:\/\/api.w.org\/{rel}","templated":true}]}}