{"id":914,"date":"2025-06-22T17:15:47","date_gmt":"2025-06-22T16:15:47","guid":{"rendered":"https:\/\/japanmatsuri.org\/it\/?page_id=914"},"modified":"2025-06-22T17:35:19","modified_gmt":"2025-06-22T16:35:19","slug":"sushi-masterclass","status":"publish","type":"page","link":"https:\/\/japanmatsuri.org\/fr\/sushi-masterclass\/","title":{"rendered":"Masterclass de Sushi"},"content":{"rendered":"<div data-elementor-type=\"wp-page\" data-elementor-id=\"914\" class=\"elementor elementor-914\" data-elementor-post-type=\"page\">\n\t\t\t\t<div class=\"elementor-element elementor-element-327b48ee e-flex e-con-boxed e-con e-parent\" data-id=\"327b48ee\" data-element_type=\"container\">\n\t\t\t\t\t<div class=\"e-con-inner\">\n\t\t\t\t<div class=\"elementor-element elementor-element-3198481b elementor-widget elementor-widget-heading\" data-id=\"3198481b\" data-element_type=\"widget\" data-widget_type=\"heading.default\">\n\t\t\t\t<div class=\"elementor-widget-container\">\n\t\t\t\t\t<h1 class=\"elementor-heading-title elementor-size-default\">Masterclass de Sushi<\/h1>\t\t\t\t<\/div>\n\t\t\t\t<\/div>\n\t\t\t\t<div class=\"elementor-element elementor-element-514bfaf elementor-widget elementor-widget-heading\" data-id=\"514bfaf\" data-element_type=\"widget\" data-widget_type=\"heading.default\">\n\t\t\t\t<div class=\"elementor-widget-container\">\n\t\t\t\t\t<h4 class=\"elementor-heading-title elementor-size-default\">Nigiri, Hosomaki et Uramaki avec Philippe K\u00e4mpf<\/h4>\t\t\t\t<\/div>\n\t\t\t\t<\/div>\n\t\t\t\t\t<\/div>\n\t\t\t\t<\/div>\n\t\t<div class=\"elementor-element elementor-element-3cc2ff39 e-flex e-con-boxed e-con e-parent\" data-id=\"3cc2ff39\" data-element_type=\"container\">\n\t\t\t\t\t<div class=\"e-con-inner\">\n\t\t\t\t<div class=\"elementor-element elementor-element-de3e142 elementor-widget elementor-widget-image\" data-id=\"de3e142\" data-element_type=\"widget\" data-widget_type=\"image.default\">\n\t\t\t\t<div class=\"elementor-widget-container\">\n\t\t\t\t\t\t\t\t\t\t\t\t\t\t\t<img fetchpriority=\"high\" decoding=\"async\" width=\"1750\" height=\"700\" src=\"https:\/\/japanmatsuri.org\/wp-content\/uploads\/2025\/06\/11.png\" class=\"attachment-full size-full wp-image-916\" alt=\"\" srcset=\"https:\/\/japanmatsuri.org\/wp-content\/uploads\/2025\/06\/11.png 1750w, https:\/\/japanmatsuri.org\/wp-content\/uploads\/2025\/06\/11-300x120.png 300w, https:\/\/japanmatsuri.org\/wp-content\/uploads\/2025\/06\/11-1024x410.png 1024w, https:\/\/japanmatsuri.org\/wp-content\/uploads\/2025\/06\/11-768x307.png 768w, https:\/\/japanmatsuri.org\/wp-content\/uploads\/2025\/06\/11-1536x614.png 1536w, https:\/\/japanmatsuri.org\/wp-content\/uploads\/2025\/06\/11-18x7.png 18w\" sizes=\"(max-width: 1750px) 100vw, 1750px\" \/>\t\t\t\t\t\t\t\t\t\t\t\t\t\t\t<\/div>\n\t\t\t\t<\/div>\n\t\t\t\t\t<\/div>\n\t\t\t\t<\/div>\n\t\t<div class=\"elementor-element elementor-element-c1c68a6 e-flex e-con-boxed e-con e-parent\" data-id=\"c1c68a6\" data-element_type=\"container\">\n\t\t\t\t\t<div class=\"e-con-inner\">\n\t\t\t\t\t<\/div>\n\t\t\t\t<\/div>\n\t\t<div class=\"elementor-element elementor-element-4d96518 e-flex e-con-boxed e-con e-parent\" data-id=\"4d96518\" data-element_type=\"container\">\n\t\t\t\t\t<div class=\"e-con-inner\">\n\t\t\t\t<div class=\"elementor-element elementor-element-f2e4dea elementor-widget elementor-widget-text-editor\" data-id=\"f2e4dea\" data-element_type=\"widget\" data-widget_type=\"text-editor.default\">\n\t\t\t\t<div class=\"elementor-widget-container\">\n\t\t\t\t\t\t\t\t\t<p>Rejoignez-nous pour un atelier sushi \u00e0 ne pas manquer ! Cette session pratique vous guidera dans la pr\u00e9paration de trois types de sushi classiques : Nigiri, Hosomaki et Uramaki. D\u00e9couvrez des astuces et des techniques pour reproduire facilement ces plats chez vous, et apprenez \u00e9galement \u00e0 consommer le sushi de mani\u00e8re plus durable.<\/p>\t\t\t\t\t\t\t\t<\/div>\n\t\t\t\t<\/div>\n\t\t\t\t<div class=\"elementor-element elementor-element-4385f0a elementor-widget elementor-widget-text-editor\" data-id=\"4385f0a\" data-element_type=\"widget\" data-widget_type=\"text-editor.default\">\n\t\t\t\t<div class=\"elementor-widget-container\">\n\t\t\t\t\t\t\t\t\t<p><b><b>Ce que vous ferez :<\/b><\/b><\/p><ul><li aria-level=\"1\" class=\"translation-block\"><b>Pr\u00e9paration du Sushi<\/b> : Suivez des instructions pas \u00e0 pas pour cr\u00e9er des Nigiri, Hosomaki et Uramaki.<\/li><li aria-level=\"1\" class=\"translation-block\"><b>Partie Th\u00e9orique<\/b> : Apprenez d'o\u00f9 provient le poisson de sushi et comment faire des choix durables pour \u00eatre \"en bonne sant\u00e9 comme un poisson\".<\/li><\/ul><p>\u00a0<\/p><p><b><b>Inclus dans le cours<\/b> :<\/b><\/p><ul><li aria-level=\"1\" class=\"translation-block\"><b>D\u00e9jeuner<\/b> : Savourez les plats pr\u00e9par\u00e9s pendant l'atelier.<\/li><\/ul><p><b><br \/>n.b<\/b><b>Remarque<\/b> : Si de la nourriture reste \u00e0 la fin du cours, vous pourrez l'emporter chez vous. Nous vous recommandons donc d'apporter des contenants.<\/p>\t\t\t\t\t\t\t\t<\/div>\n\t\t\t\t<\/div>\n\t\t\t\t\t<\/div>\n\t\t\t\t<\/div>\n\t\t<div class=\"elementor-element elementor-element-8e62462 e-flex e-con-boxed e-con e-parent\" data-id=\"8e62462\" data-element_type=\"container\">\n\t\t\t\t\t<div class=\"e-con-inner\">\n\t\t\t\t\t<\/div>\n\t\t\t\t<\/div>\n\t\t<div class=\"elementor-element elementor-element-572e89a e-flex e-con-boxed e-con e-parent\" data-id=\"572e89a\" data-element_type=\"container\">\n\t\t\t\t\t<div class=\"e-con-inner\">\n\t\t<div class=\"elementor-element elementor-element-0b54221 e-con-full e-flex e-con e-child\" data-id=\"0b54221\" data-element_type=\"container\">\n\t\t\t\t<div class=\"elementor-element elementor-element-89c1452 elementor-widget elementor-widget-text-editor\" data-id=\"89c1452\" data-element_type=\"widget\" data-widget_type=\"text-editor.default\">\n\t\t\t\t<div class=\"elementor-widget-container\">\n\t\t\t\t\t\t\t\t\t<p class=\"translation-block\"><b>Instructeur<\/b> : Philippe K\u00e4mpf<br>\n<b>Date et heure<\/b> : Samedi 20 septembre, de 10h45 \u00e0 13h45 (d\u00e9jeuner inclus)<br>\n<b>Lieu<\/b> : Salle de Cuisine<br>\n<b>Nombre maximum de participants<\/b> : 24 (le cours aura lieu seulement avec un minimum de 18 participants)<br>\n<b>Prix :<\/b> CHF 43.-<\/p><p class=\"translation-block\"><b>Langues :<\/b> italien, fran\u00e7ais, allemand, anglais<\/p><p class=\"translation-block\"><b>Date limite d'inscription : 16.09.2025<\/b><\/p>\t\t\t\t\t\t\t\t<\/div>\n\t\t\t\t<\/div>\n\t\t\t\t<\/div>\n\t\t<div class=\"elementor-element elementor-element-896c1c0 e-flex e-con-boxed e-con e-child\" data-id=\"896c1c0\" data-element_type=\"container\">\n\t\t\t\t\t<div class=\"e-con-inner\">\n\t\t\t\t<div class=\"elementor-element elementor-element-93f46de elementor-widget-mobile__width-initial elementor-widget elementor-widget-button\" data-id=\"93f46de\" data-element_type=\"widget\" data-widget_type=\"button.default\">\n\t\t\t\t<div class=\"elementor-widget-container\">\n\t\t\t\t\t\t\t\t\t<div class=\"elementor-button-wrapper\">\n\t\t\t\t\t<a class=\"elementor-button elementor-button-link elementor-size-sm\" href=\"https:\/\/www.ticketino.com\/fr\/event\/japan-matsuri-workshops\/205119\" target=\"_blank\">\n\t\t\t\t\t\t<span class=\"elementor-button-content-wrapper\">\n\t\t\t\t\t\t\t\t\t<span class=\"elementor-button-text\">INSCRIPTION<\/span>\n\t\t\t\t\t<\/span>\n\t\t\t\t\t<\/a>\n\t\t\t\t<\/div>\n\t\t\t\t\t\t\t\t<\/div>\n\t\t\t\t<\/div>\n\t\t\t\t<div class=\"elementor-element elementor-element-020ff59 elementor-widget elementor-widget-button\" data-id=\"020ff59\" data-element_type=\"widget\" data-widget_type=\"button.default\">\n\t\t\t\t<div class=\"elementor-widget-container\">\n\t\t\t\t\t\t\t\t\t<div class=\"elementor-button-wrapper\">\n\t\t\t\t\t<a class=\"elementor-button elementor-button-link elementor-size-sm\" href=\"https:\/\/japanmatsuri.org\/fr\/reglement\/\" target=\"_blank\">\n\t\t\t\t\t\t<span class=\"elementor-button-content-wrapper\">\n\t\t\t\t\t\t\t\t\t<span class=\"elementor-button-text\">R\u00c8GLEMENT<\/span>\n\t\t\t\t\t<\/span>\n\t\t\t\t\t<\/a>\n\t\t\t\t<\/div>\n\t\t\t\t\t\t\t\t<\/div>\n\t\t\t\t<\/div>\n\t\t\t\t\t<\/div>\n\t\t\t\t<\/div>\n\t\t\t\t\t<\/div>\n\t\t\t\t<\/div>\n\t\t<div class=\"elementor-element elementor-element-cb1dd8d e-flex e-con-boxed e-con e-parent\" data-id=\"cb1dd8d\" data-element_type=\"container\">\n\t\t\t\t\t<div class=\"e-con-inner\">\n\t\t\t\t\t<\/div>\n\t\t\t\t<\/div>\n\t\t<div class=\"elementor-element elementor-element-4611194 e-flex e-con-boxed e-con e-parent\" data-id=\"4611194\" data-element_type=\"container\">\n\t\t\t\t\t<div class=\"e-con-inner\">\n\t\t\t\t<div class=\"elementor-element elementor-element-3aeefba elementor-widget elementor-widget-text-editor\" data-id=\"3aeefba\" data-element_type=\"widget\" data-widget_type=\"text-editor.default\">\n\t\t\t\t<div class=\"elementor-widget-container\">\n\t\t\t\t\t\t\t\t\t<p><i>Pour acc\u00e9der \u00e0 l\u2019espace des ateliers, vous devrez porter le bracelet fourni \u00e0 l\u2019entr\u00e9e du festival. Pour faciliter l\u2019entr\u00e9e, nous vous recommandons d\u2019acheter votre billet de festival en ligne. Les personnes handicap\u00e9es ou \u00e0 mobilit\u00e9 r\u00e9duite sont invit\u00e9es \u00e0 nous contacter \u00e0 l\u2019avance par email \u00e0 l\u2019adresse info@japanmatsuri.org afin que nous puissions organiser un acc\u00e8s sans stress.<\/i><\/p>\t\t\t\t\t\t\t\t<\/div>\n\t\t\t\t<\/div>\n\t\t\t\t\t<\/div>\n\t\t\t\t<\/div>\n\t\t<div class=\"elementor-element elementor-element-5779e157 e-flex e-con-boxed e-con e-parent\" data-id=\"5779e157\" data-element_type=\"container\">\n\t\t\t\t\t<div class=\"e-con-inner\">\n\t\t<div class=\"elementor-element elementor-element-632e2d87 e-con-full e-flex e-con e-child\" data-id=\"632e2d87\" data-element_type=\"container\">\n\t\t\t\t<\/div>\n\t\t<div class=\"elementor-element elementor-element-2fc3e2d9 e-con-full e-flex e-con e-child\" data-id=\"2fc3e2d9\" data-element_type=\"container\">\n\t\t\t\t<\/div>\n\t\t\t\t\t<\/div>\n\t\t\t\t<\/div>\n\t\t<div class=\"elementor-element elementor-element-2bd87b36 e-flex e-con-boxed e-con e-parent\" data-id=\"2bd87b36\" data-element_type=\"container\">\n\t\t\t\t\t<div class=\"e-con-inner\">\n\t\t<div class=\"elementor-element elementor-element-2fa91060 e-con-full e-flex e-con e-child\" data-id=\"2fa91060\" data-element_type=\"container\">\n\t\t\t\t<\/div>\n\t\t<div class=\"elementor-element elementor-element-6d763f47 e-con-full e-flex e-con e-child\" data-id=\"6d763f47\" data-element_type=\"container\">\n\t\t\t\t<\/div>\n\t\t\t\t\t<\/div>\n\t\t\t\t<\/div>\n\t\t<div class=\"elementor-element elementor-element-a274f21 e-flex e-con-boxed e-con e-parent\" data-id=\"a274f21\" data-element_type=\"container\">\n\t\t\t\t\t<div class=\"e-con-inner\">\n\t\t\t\t\t<\/div>\n\t\t\t\t<\/div>\n\t\t\t\t<\/div>","protected":false},"excerpt":{"rendered":"<p>Masterclass Sushi Nigiri, Hosomaki e Uramaki con Philippe K\u00e4mpf Unisciti a noi per un altro imperdibile corso sul sushi! Questa sessione pratica ti guider\u00e0 attraverso la preparazione di tre variet\u00e0 classiche di sushi: Nigiri, Hosomaki e Uramaki. Scopri trucchi e tecniche per replicare facilmente questi piatti a casa, e impara anche come consumare sushi in [&hellip;]<\/p>","protected":false},"author":1,"featured_media":0,"parent":0,"menu_order":0,"comment_status":"closed","ping_status":"closed","template":"","meta":{"footnotes":""},"class_list":["post-914","page","type-page","status-publish","hentry"],"yoast_head":"<!-- This site is optimized with the Yoast SEO plugin v25.4 - https:\/\/yoast.com\/wordpress\/plugins\/seo\/ -->\n<title>Masterclass Sushi - Japan Matsuri - Festival Giapponese Bellinzona<\/title>\n<meta name=\"robots\" content=\"index, follow, max-snippet:-1, max-image-preview:large, max-video-preview:-1\" \/>\n<link rel=\"canonical\" href=\"https:\/\/japanmatsuri.org\/fr\/sushi-masterclass\/\" \/>\n<meta property=\"og:locale\" content=\"fr_FR\" \/>\n<meta property=\"og:type\" content=\"article\" \/>\n<meta property=\"og:title\" content=\"Masterclass Sushi - Japan Matsuri - Festival Giapponese Bellinzona\" \/>\n<meta property=\"og:description\" content=\"Masterclass Sushi Nigiri, Hosomaki e Uramaki con Philippe K\u00e4mpf Unisciti a noi per un altro imperdibile corso sul sushi! Questa sessione pratica ti guider\u00e0 attraverso la preparazione di tre variet\u00e0 classiche di sushi: Nigiri, Hosomaki e Uramaki. Scopri trucchi e tecniche per replicare facilmente questi piatti a casa, e impara anche come consumare sushi in [&hellip;]\" \/>\n<meta property=\"og:url\" content=\"https:\/\/japanmatsuri.org\/fr\/sushi-masterclass\/\" \/>\n<meta property=\"og:site_name\" content=\"Japan Matsuri - Festival Giapponese Bellinzona\" \/>\n<meta property=\"article:modified_time\" content=\"2025-06-22T16:35:19+00:00\" \/>\n<meta property=\"og:image\" content=\"https:\/\/japanmatsuri.org\/wp-content\/uploads\/2025\/06\/11-1024x410.png\" \/>\n\t<meta property=\"og:image:width\" content=\"1024\" \/>\n\t<meta property=\"og:image:height\" content=\"410\" \/>\n\t<meta property=\"og:image:type\" content=\"image\/png\" \/>\n<meta name=\"twitter:card\" content=\"summary_large_image\" \/>\n<meta name=\"twitter:label1\" content=\"Dur\u00e9e de lecture estim\u00e9e\" \/>\n\t<meta name=\"twitter:data1\" content=\"1 minute\" \/>\n<script type=\"application\/ld+json\" class=\"yoast-schema-graph\">{\"@context\":\"https:\/\/schema.org\",\"@graph\":[{\"@type\":\"WebPage\",\"@id\":\"https:\/\/japanmatsuri.org\/sushi-masterclass\/\",\"url\":\"https:\/\/japanmatsuri.org\/sushi-masterclass\/\",\"name\":\"Masterclass Sushi - Japan Matsuri - Festival Giapponese Bellinzona\",\"isPartOf\":{\"@id\":\"https:\/\/japanmatsuri.org\/#website\"},\"primaryImageOfPage\":{\"@id\":\"https:\/\/japanmatsuri.org\/sushi-masterclass\/#primaryimage\"},\"image\":{\"@id\":\"https:\/\/japanmatsuri.org\/sushi-masterclass\/#primaryimage\"},\"thumbnailUrl\":\"https:\/\/japanmatsuri.org\/wp-content\/uploads\/2025\/06\/11.png\",\"datePublished\":\"2025-06-22T16:15:47+00:00\",\"dateModified\":\"2025-06-22T16:35:19+00:00\",\"breadcrumb\":{\"@id\":\"https:\/\/japanmatsuri.org\/sushi-masterclass\/#breadcrumb\"},\"inLanguage\":\"fr-FR\",\"potentialAction\":[{\"@type\":\"ReadAction\",\"target\":[\"https:\/\/japanmatsuri.org\/sushi-masterclass\/\"]}]},{\"@type\":\"ImageObject\",\"inLanguage\":\"fr-FR\",\"@id\":\"https:\/\/japanmatsuri.org\/sushi-masterclass\/#primaryimage\",\"url\":\"https:\/\/japanmatsuri.org\/wp-content\/uploads\/2025\/06\/11.png\",\"contentUrl\":\"https:\/\/japanmatsuri.org\/wp-content\/uploads\/2025\/06\/11.png\"},{\"@type\":\"BreadcrumbList\",\"@id\":\"https:\/\/japanmatsuri.org\/sushi-masterclass\/#breadcrumb\",\"itemListElement\":[{\"@type\":\"ListItem\",\"position\":1,\"name\":\"Home\",\"item\":\"https:\/\/japanmatsuri.org\/it\/\"},{\"@type\":\"ListItem\",\"position\":2,\"name\":\"Masterclass Sushi\"}]},{\"@type\":\"WebSite\",\"@id\":\"https:\/\/japanmatsuri.org\/#website\",\"url\":\"https:\/\/japanmatsuri.org\/\",\"name\":\"Japan Matsuri - Festival Giapponese Bellinzona\",\"description\":\"Festival Giapponese Bellinzona\",\"potentialAction\":[{\"@type\":\"SearchAction\",\"target\":{\"@type\":\"EntryPoint\",\"urlTemplate\":\"https:\/\/japanmatsuri.org\/?s={search_term_string}\"},\"query-input\":{\"@type\":\"PropertyValueSpecification\",\"valueRequired\":true,\"valueName\":\"search_term_string\"}}],\"inLanguage\":\"fr-FR\"}]}<\/script>\n<!-- \/ Yoast SEO plugin. -->","yoast_head_json":{"title":"Masterclass Sushi - Japan Matsuri - Festival Giapponese Bellinzona","robots":{"index":"index","follow":"follow","max-snippet":"max-snippet:-1","max-image-preview":"max-image-preview:large","max-video-preview":"max-video-preview:-1"},"canonical":"https:\/\/japanmatsuri.org\/fr\/sushi-masterclass\/","og_locale":"fr_FR","og_type":"article","og_title":"Masterclass Sushi - Japan Matsuri - Festival Giapponese Bellinzona","og_description":"Masterclass Sushi Nigiri, Hosomaki e Uramaki con Philippe K\u00e4mpf Unisciti a noi per un altro imperdibile corso sul sushi! Questa sessione pratica ti guider\u00e0 attraverso la preparazione di tre variet\u00e0 classiche di sushi: Nigiri, Hosomaki e Uramaki. Scopri trucchi e tecniche per replicare facilmente questi piatti a casa, e impara anche come consumare sushi in [&hellip;]","og_url":"https:\/\/japanmatsuri.org\/fr\/sushi-masterclass\/","og_site_name":"Japan Matsuri - Festival Giapponese Bellinzona","article_modified_time":"2025-06-22T16:35:19+00:00","og_image":[{"width":1024,"height":410,"url":"https:\/\/japanmatsuri.org\/wp-content\/uploads\/2025\/06\/11-1024x410.png","type":"image\/png"}],"twitter_card":"summary_large_image","twitter_misc":{"Dur\u00e9e de lecture estim\u00e9e":"1 minute"},"schema":{"@context":"https:\/\/schema.org","@graph":[{"@type":"WebPage","@id":"https:\/\/japanmatsuri.org\/sushi-masterclass\/","url":"https:\/\/japanmatsuri.org\/sushi-masterclass\/","name":"Masterclass Sushi - Japan Matsuri - Festival Giapponese Bellinzona","isPartOf":{"@id":"https:\/\/japanmatsuri.org\/#website"},"primaryImageOfPage":{"@id":"https:\/\/japanmatsuri.org\/sushi-masterclass\/#primaryimage"},"image":{"@id":"https:\/\/japanmatsuri.org\/sushi-masterclass\/#primaryimage"},"thumbnailUrl":"https:\/\/japanmatsuri.org\/wp-content\/uploads\/2025\/06\/11.png","datePublished":"2025-06-22T16:15:47+00:00","dateModified":"2025-06-22T16:35:19+00:00","breadcrumb":{"@id":"https:\/\/japanmatsuri.org\/sushi-masterclass\/#breadcrumb"},"inLanguage":"fr-FR","potentialAction":[{"@type":"ReadAction","target":["https:\/\/japanmatsuri.org\/sushi-masterclass\/"]}]},{"@type":"ImageObject","inLanguage":"fr-FR","@id":"https:\/\/japanmatsuri.org\/sushi-masterclass\/#primaryimage","url":"https:\/\/japanmatsuri.org\/wp-content\/uploads\/2025\/06\/11.png","contentUrl":"https:\/\/japanmatsuri.org\/wp-content\/uploads\/2025\/06\/11.png"},{"@type":"BreadcrumbList","@id":"https:\/\/japanmatsuri.org\/sushi-masterclass\/#breadcrumb","itemListElement":[{"@type":"ListItem","position":1,"name":"Home","item":"https:\/\/japanmatsuri.org\/it\/"},{"@type":"ListItem","position":2,"name":"Masterclass Sushi"}]},{"@type":"WebSite","@id":"https:\/\/japanmatsuri.org\/#website","url":"https:\/\/japanmatsuri.org\/","name":"Japan Matsuri - Festival Giapponese Bellinzona","description":"Festival Giapponese Bellinzona","potentialAction":[{"@type":"SearchAction","target":{"@type":"EntryPoint","urlTemplate":"https:\/\/japanmatsuri.org\/?s={search_term_string}"},"query-input":{"@type":"PropertyValueSpecification","valueRequired":true,"valueName":"search_term_string"}}],"inLanguage":"fr-FR"}]}},"_links":{"self":[{"href":"https:\/\/japanmatsuri.org\/fr\/wp-json\/wp\/v2\/pages\/914","targetHints":{"allow":["GET"]}}],"collection":[{"href":"https:\/\/japanmatsuri.org\/fr\/wp-json\/wp\/v2\/pages"}],"about":[{"href":"https:\/\/japanmatsuri.org\/fr\/wp-json\/wp\/v2\/types\/page"}],"author":[{"embeddable":true,"href":"https:\/\/japanmatsuri.org\/fr\/wp-json\/wp\/v2\/users\/1"}],"replies":[{"embeddable":true,"href":"https:\/\/japanmatsuri.org\/fr\/wp-json\/wp\/v2\/comments?post=914"}],"version-history":[{"count":7,"href":"https:\/\/japanmatsuri.org\/fr\/wp-json\/wp\/v2\/pages\/914\/revisions"}],"predecessor-version":[{"id":922,"href":"https:\/\/japanmatsuri.org\/fr\/wp-json\/wp\/v2\/pages\/914\/revisions\/922"}],"wp:attachment":[{"href":"https:\/\/japanmatsuri.org\/fr\/wp-json\/wp\/v2\/media?parent=914"}],"curies":[{"name":"wp","href":"https:\/\/api.w.org\/{rel}","templated":true}]}}