{"id":929,"date":"2025-06-22T18:13:19","date_gmt":"2025-06-22T17:13:19","guid":{"rendered":"https:\/\/japanmatsuri.org\/it\/?page_id=929"},"modified":"2025-06-25T17:57:03","modified_gmt":"2025-06-25T16:57:03","slug":"samurai-edge-shiden-ryu","status":"publish","type":"page","link":"https:\/\/japanmatsuri.org\/fr\/samurai-edge-shiden-ryu\/","title":{"rendered":"Samurai EDGE \uff5eSHIDEN-RYU\uff5e"},"content":{"rendered":"<div data-elementor-type=\"wp-page\" data-elementor-id=\"929\" class=\"elementor elementor-929\" data-elementor-post-type=\"page\">\n\t\t\t\t<div class=\"elementor-element elementor-element-6f857076 e-flex e-con-boxed e-con e-parent\" data-id=\"6f857076\" data-element_type=\"container\">\n\t\t\t\t\t<div class=\"e-con-inner\">\n\t\t\t\t<div class=\"elementor-element elementor-element-76a1d8bf elementor-widget elementor-widget-heading\" data-id=\"76a1d8bf\" data-element_type=\"widget\" data-widget_type=\"heading.default\">\n\t\t\t\t<div class=\"elementor-widget-container\">\n\t\t\t\t\t<h1 class=\"elementor-heading-title elementor-size-default\">Samurai EDGE ~SHIDEN-RYU~<\/h1>\t\t\t\t<\/div>\n\t\t\t\t<\/div>\n\t\t\t\t\t<\/div>\n\t\t\t\t<\/div>\n\t\t<div class=\"elementor-element elementor-element-74047a6 e-flex e-con-boxed e-con e-parent\" data-id=\"74047a6\" data-element_type=\"container\">\n\t\t\t\t\t<div class=\"e-con-inner\">\n\t\t<div class=\"elementor-element elementor-element-2f01b79f e-con-full e-flex e-con e-child\" data-id=\"2f01b79f\" data-element_type=\"container\">\n\t\t\t\t<div class=\"elementor-element elementor-element-25f275e elementor-widget elementor-widget-text-editor\" data-id=\"25f275e\" data-element_type=\"widget\" data-widget_type=\"text-editor.default\">\n\t\t\t\t<div class=\"elementor-widget-container\">\n\t\t\t\t\t\t\t\t\t<p>Shiden-ryu est une \u00e9cole de spectacle qui ravive l\u2019esprit des samoura\u00efs \u00e0 l\u2019\u00e9poque moderne, en fusionnant la philosophie du Bushid\u014d avec les arts expressifs contemporains.<\/p><p>Fond\u00e9e dans le but de partager la culture japonaise traditionnelle au Japon comme \u00e0 l\u2019\u00e9tranger, Shiden-ryu a d\u00e9velopp\u00e9 un style unique combinant les bases de l\u2019escrime, du combat sc\u00e9nique et de l\u2019\u00e9tiquette avec des \u00e9l\u00e9ments de th\u00e9\u00e2tre et des mouvements sc\u00e9niques chor\u00e9graphi\u00e9s et stylis\u00e9s, accompagn\u00e9s de spectaculaires combats \u00e0 l\u2019\u00e9p\u00e9e (tate).<\/p><p>Chaque spectacle est diff\u00e9rent, dynamique et saisissant : une exp\u00e9rience incontournable pour d\u00e9couvrir la puissance, l\u2019\u00e9l\u00e9gance et la rigueur de la tradition samoura\u00ef r\u00e9interpr\u00e9t\u00e9e pour le public d\u2019aujourd\u2019hui. Venez les voir sur sc\u00e8ne!<\/p><p><b><br \/><b>Spectacles :<\/b><\/b><\/p><p class=\"translation-block\">Samedi 20 septembre : \u00e0 15h15 et \u00e0 19h15<\/p><p class=\"translation-block\">Dimanche 21 septembre : \u00e0 13h45<\/p><p>Lieu : Sc\u00e8ne<\/p>\t\t\t\t\t\t\t\t<\/div>\n\t\t\t\t<\/div>\n\t\t\t\t<\/div>\n\t\t<div class=\"elementor-element elementor-element-78f2b643 e-con-full e-flex e-con e-child\" data-id=\"78f2b643\" data-element_type=\"container\">\n\t\t\t\t<div class=\"elementor-element elementor-element-4daf684 elementor-widget elementor-widget-image\" data-id=\"4daf684\" data-element_type=\"widget\" data-widget_type=\"image.default\">\n\t\t\t\t<div class=\"elementor-widget-container\">\n\t\t\t\t\t\t\t\t\t\t\t\t\t\t\t<img fetchpriority=\"high\" decoding=\"async\" width=\"726\" height=\"1024\" src=\"https:\/\/japanmatsuri.org\/wp-content\/uploads\/2025\/06\/tokyokenbukai-726x1024.png\" class=\"attachment-large size-large wp-image-932\" alt=\"\" srcset=\"https:\/\/japanmatsuri.org\/wp-content\/uploads\/2025\/06\/tokyokenbukai-726x1024.png 726w, https:\/\/japanmatsuri.org\/wp-content\/uploads\/2025\/06\/tokyokenbukai-213x300.png 213w, https:\/\/japanmatsuri.org\/wp-content\/uploads\/2025\/06\/tokyokenbukai-768x1083.png 768w, https:\/\/japanmatsuri.org\/wp-content\/uploads\/2025\/06\/tokyokenbukai-1090x1536.png 1090w, https:\/\/japanmatsuri.org\/wp-content\/uploads\/2025\/06\/tokyokenbukai-9x12.png 9w, https:\/\/japanmatsuri.org\/wp-content\/uploads\/2025\/06\/tokyokenbukai.png 1447w\" sizes=\"(max-width: 726px) 100vw, 726px\" \/>\t\t\t\t\t\t\t\t\t\t\t\t\t\t\t<\/div>\n\t\t\t\t<\/div>\n\t\t\t\t<\/div>\n\t\t\t\t\t<\/div>\n\t\t\t\t<\/div>\n\t\t<div class=\"elementor-element elementor-element-a9ec5ff e-flex e-con-boxed e-con e-parent\" data-id=\"a9ec5ff\" data-element_type=\"container\">\n\t\t\t\t\t<div class=\"e-con-inner\">\n\t\t\t\t<div class=\"elementor-element elementor-element-e029a4b elementor-widget elementor-widget-text-editor\" data-id=\"e029a4b\" data-element_type=\"widget\" data-widget_type=\"text-editor.default\">\n\t\t\t\t<div class=\"elementor-widget-container\">\n\t\t\t\t\t\t\t\t\t<p>En plus de leurs spectacles sur sc\u00e8ne, Shiden-ryu sera pr\u00e9sent les deux jours du Japan Matsuri avec son propre stand, proposant des exp\u00e9riences immersives et ludiques pour tous les \u00e2ges, inspir\u00e9es de l\u2019univers fascinant des samoura\u00efs et des ninjas.<\/p><p>Testez votre adresse avec la Ninja Shuriken Experience, ou tentez l\u2019\u00e9tonnant Hanshi-kiri : trancher avec un sabre... face \u00e0 des objets qui d\u00e9fient la lame elle-m\u00eame ! Une invitation \u00e0 plonger dans les arts martiaux japonais de mani\u00e8re originale, interactive et inoubliable. Ne manquez pas ce rendez-vous!<\/p>\t\t\t\t\t\t\t\t<\/div>\n\t\t\t\t<\/div>\n\t\t\t\t<div class=\"elementor-element elementor-element-8ea0454 elementor-widget elementor-widget-image\" data-id=\"8ea0454\" data-element_type=\"widget\" data-widget_type=\"image.default\">\n\t\t\t\t<div class=\"elementor-widget-container\">\n\t\t\t\t\t\t\t\t\t\t\t\t\t\t\t<img decoding=\"async\" width=\"768\" height=\"576\" src=\"https:\/\/japanmatsuri.org\/wp-content\/uploads\/2025\/06\/ninja-768x576.jpg\" class=\"attachment-medium_large size-medium_large wp-image-946\" alt=\"\" srcset=\"https:\/\/japanmatsuri.org\/wp-content\/uploads\/2025\/06\/ninja-768x576.jpg 768w, https:\/\/japanmatsuri.org\/wp-content\/uploads\/2025\/06\/ninja-300x225.jpg 300w, https:\/\/japanmatsuri.org\/wp-content\/uploads\/2025\/06\/ninja-1024x768.jpg 1024w, https:\/\/japanmatsuri.org\/wp-content\/uploads\/2025\/06\/ninja-1536x1152.jpg 1536w, https:\/\/japanmatsuri.org\/wp-content\/uploads\/2025\/06\/ninja-2048x1536.jpg 2048w, https:\/\/japanmatsuri.org\/wp-content\/uploads\/2025\/06\/ninja-16x12.jpg 16w\" sizes=\"(max-width: 768px) 100vw, 768px\" \/>\t\t\t\t\t\t\t\t\t\t\t\t\t\t\t<\/div>\n\t\t\t\t<\/div>\n\t\t\t\t\t<\/div>\n\t\t\t\t<\/div>\n\t\t<div class=\"elementor-element elementor-element-642acb e-flex e-con-boxed e-con e-parent\" data-id=\"642acb\" data-element_type=\"container\">\n\t\t\t\t\t<div class=\"e-con-inner\">\n\t\t\t\t\t<\/div>\n\t\t\t\t<\/div>\n\t\t\t\t<\/div>","protected":false},"excerpt":{"rendered":"<p>Samurai EDGE ~SHIDEN-RYU~ Shiden-ryu \u00e8 una scuola di spettacolo che rinnova lo spirito dei samurai nell\u2019epoca moderna, fondendo la filosofia del Bushid\u014d con le arti espressive contemporanee. Fondata con l\u2019obiettivo di condividere la cultura tradizionale giapponese sia in Giappone che all\u2019estero, Shiden-ryu ha sviluppato uno stile unico che combina le basi della scherma, del combattimento [&hellip;]<\/p>","protected":false},"author":1,"featured_media":0,"parent":0,"menu_order":0,"comment_status":"closed","ping_status":"closed","template":"","meta":{"footnotes":""},"class_list":["post-929","page","type-page","status-publish","hentry"],"yoast_head":"<!-- This site is optimized with the Yoast SEO plugin v25.4 - https:\/\/yoast.com\/wordpress\/plugins\/seo\/ -->\n<title>Samurai EDGE \uff5eSHIDEN-RYU\uff5e - Japan Matsuri - Festival Giapponese Bellinzona<\/title>\n<meta name=\"robots\" content=\"index, follow, max-snippet:-1, max-image-preview:large, max-video-preview:-1\" \/>\n<link rel=\"canonical\" href=\"https:\/\/japanmatsuri.org\/fr\/samurai-edge-shiden-ryu\/\" \/>\n<meta property=\"og:locale\" content=\"fr_FR\" \/>\n<meta property=\"og:type\" content=\"article\" \/>\n<meta property=\"og:title\" content=\"Samurai EDGE \uff5eSHIDEN-RYU\uff5e - Japan Matsuri - Festival Giapponese Bellinzona\" \/>\n<meta property=\"og:description\" content=\"Samurai EDGE ~SHIDEN-RYU~ Shiden-ryu \u00e8 una scuola di spettacolo che rinnova lo spirito dei samurai nell\u2019epoca moderna, fondendo la filosofia del Bushid\u014d con le arti espressive contemporanee. Fondata con l\u2019obiettivo di condividere la cultura tradizionale giapponese sia in Giappone che all\u2019estero, Shiden-ryu ha sviluppato uno stile unico che combina le basi della scherma, del combattimento [&hellip;]\" \/>\n<meta property=\"og:url\" content=\"https:\/\/japanmatsuri.org\/fr\/samurai-edge-shiden-ryu\/\" \/>\n<meta property=\"og:site_name\" content=\"Japan Matsuri - Festival Giapponese Bellinzona\" \/>\n<meta property=\"article:modified_time\" content=\"2025-06-25T16:57:03+00:00\" \/>\n<meta property=\"og:image\" content=\"https:\/\/japanmatsuri.org\/wp-content\/uploads\/2025\/06\/tokyokenbukai-726x1024.png\" \/>\n\t<meta property=\"og:image:width\" content=\"726\" \/>\n\t<meta property=\"og:image:height\" content=\"1024\" \/>\n\t<meta property=\"og:image:type\" content=\"image\/png\" \/>\n<meta name=\"twitter:card\" content=\"summary_large_image\" \/>\n<meta name=\"twitter:label1\" content=\"Dur\u00e9e de lecture estim\u00e9e\" \/>\n\t<meta name=\"twitter:data1\" content=\"1 minute\" \/>\n<script type=\"application\/ld+json\" class=\"yoast-schema-graph\">{\"@context\":\"https:\/\/schema.org\",\"@graph\":[{\"@type\":\"WebPage\",\"@id\":\"https:\/\/japanmatsuri.org\/it\/samurai-edge-shiden-ryu\/\",\"url\":\"https:\/\/japanmatsuri.org\/it\/samurai-edge-shiden-ryu\/\",\"name\":\"Samurai EDGE \uff5eSHIDEN-RYU\uff5e - Japan Matsuri - Festival Giapponese Bellinzona\",\"isPartOf\":{\"@id\":\"https:\/\/japanmatsuri.org\/#website\"},\"primaryImageOfPage\":{\"@id\":\"https:\/\/japanmatsuri.org\/it\/samurai-edge-shiden-ryu\/#primaryimage\"},\"image\":{\"@id\":\"https:\/\/japanmatsuri.org\/it\/samurai-edge-shiden-ryu\/#primaryimage\"},\"thumbnailUrl\":\"https:\/\/japanmatsuri.org\/wp-content\/uploads\/2025\/06\/tokyokenbukai-726x1024.png\",\"datePublished\":\"2025-06-22T17:13:19+00:00\",\"dateModified\":\"2025-06-25T16:57:03+00:00\",\"breadcrumb\":{\"@id\":\"https:\/\/japanmatsuri.org\/it\/samurai-edge-shiden-ryu\/#breadcrumb\"},\"inLanguage\":\"fr-FR\",\"potentialAction\":[{\"@type\":\"ReadAction\",\"target\":[\"https:\/\/japanmatsuri.org\/it\/samurai-edge-shiden-ryu\/\"]}]},{\"@type\":\"ImageObject\",\"inLanguage\":\"fr-FR\",\"@id\":\"https:\/\/japanmatsuri.org\/it\/samurai-edge-shiden-ryu\/#primaryimage\",\"url\":\"https:\/\/japanmatsuri.org\/wp-content\/uploads\/2025\/06\/tokyokenbukai-726x1024.png\",\"contentUrl\":\"https:\/\/japanmatsuri.org\/wp-content\/uploads\/2025\/06\/tokyokenbukai-726x1024.png\"},{\"@type\":\"BreadcrumbList\",\"@id\":\"https:\/\/japanmatsuri.org\/it\/samurai-edge-shiden-ryu\/#breadcrumb\",\"itemListElement\":[{\"@type\":\"ListItem\",\"position\":1,\"name\":\"Home\",\"item\":\"https:\/\/japanmatsuri.org\/it\/\"},{\"@type\":\"ListItem\",\"position\":2,\"name\":\"Samurai EDGE \uff5eSHIDEN-RYU\uff5e\"}]},{\"@type\":\"WebSite\",\"@id\":\"https:\/\/japanmatsuri.org\/#website\",\"url\":\"https:\/\/japanmatsuri.org\/\",\"name\":\"Japan Matsuri - Festival Giapponese Bellinzona\",\"description\":\"Festival Giapponese Bellinzona\",\"potentialAction\":[{\"@type\":\"SearchAction\",\"target\":{\"@type\":\"EntryPoint\",\"urlTemplate\":\"https:\/\/japanmatsuri.org\/?s={search_term_string}\"},\"query-input\":{\"@type\":\"PropertyValueSpecification\",\"valueRequired\":true,\"valueName\":\"search_term_string\"}}],\"inLanguage\":\"fr-FR\"}]}<\/script>\n<!-- \/ Yoast SEO plugin. -->","yoast_head_json":{"title":"Samurai EDGE \uff5eSHIDEN-RYU\uff5e - Japan Matsuri - Festival Giapponese Bellinzona","robots":{"index":"index","follow":"follow","max-snippet":"max-snippet:-1","max-image-preview":"max-image-preview:large","max-video-preview":"max-video-preview:-1"},"canonical":"https:\/\/japanmatsuri.org\/fr\/samurai-edge-shiden-ryu\/","og_locale":"fr_FR","og_type":"article","og_title":"Samurai EDGE \uff5eSHIDEN-RYU\uff5e - Japan Matsuri - Festival Giapponese Bellinzona","og_description":"Samurai EDGE ~SHIDEN-RYU~ Shiden-ryu \u00e8 una scuola di spettacolo che rinnova lo spirito dei samurai nell\u2019epoca moderna, fondendo la filosofia del Bushid\u014d con le arti espressive contemporanee. Fondata con l\u2019obiettivo di condividere la cultura tradizionale giapponese sia in Giappone che all\u2019estero, Shiden-ryu ha sviluppato uno stile unico che combina le basi della scherma, del combattimento [&hellip;]","og_url":"https:\/\/japanmatsuri.org\/fr\/samurai-edge-shiden-ryu\/","og_site_name":"Japan Matsuri - Festival Giapponese Bellinzona","article_modified_time":"2025-06-25T16:57:03+00:00","og_image":[{"width":726,"height":1024,"url":"https:\/\/japanmatsuri.org\/wp-content\/uploads\/2025\/06\/tokyokenbukai-726x1024.png","type":"image\/png"}],"twitter_card":"summary_large_image","twitter_misc":{"Dur\u00e9e de lecture estim\u00e9e":"1 minute"},"schema":{"@context":"https:\/\/schema.org","@graph":[{"@type":"WebPage","@id":"https:\/\/japanmatsuri.org\/it\/samurai-edge-shiden-ryu\/","url":"https:\/\/japanmatsuri.org\/it\/samurai-edge-shiden-ryu\/","name":"Samurai EDGE \uff5eSHIDEN-RYU\uff5e - Japan Matsuri - Festival Giapponese Bellinzona","isPartOf":{"@id":"https:\/\/japanmatsuri.org\/#website"},"primaryImageOfPage":{"@id":"https:\/\/japanmatsuri.org\/it\/samurai-edge-shiden-ryu\/#primaryimage"},"image":{"@id":"https:\/\/japanmatsuri.org\/it\/samurai-edge-shiden-ryu\/#primaryimage"},"thumbnailUrl":"https:\/\/japanmatsuri.org\/wp-content\/uploads\/2025\/06\/tokyokenbukai-726x1024.png","datePublished":"2025-06-22T17:13:19+00:00","dateModified":"2025-06-25T16:57:03+00:00","breadcrumb":{"@id":"https:\/\/japanmatsuri.org\/it\/samurai-edge-shiden-ryu\/#breadcrumb"},"inLanguage":"fr-FR","potentialAction":[{"@type":"ReadAction","target":["https:\/\/japanmatsuri.org\/it\/samurai-edge-shiden-ryu\/"]}]},{"@type":"ImageObject","inLanguage":"fr-FR","@id":"https:\/\/japanmatsuri.org\/it\/samurai-edge-shiden-ryu\/#primaryimage","url":"https:\/\/japanmatsuri.org\/wp-content\/uploads\/2025\/06\/tokyokenbukai-726x1024.png","contentUrl":"https:\/\/japanmatsuri.org\/wp-content\/uploads\/2025\/06\/tokyokenbukai-726x1024.png"},{"@type":"BreadcrumbList","@id":"https:\/\/japanmatsuri.org\/it\/samurai-edge-shiden-ryu\/#breadcrumb","itemListElement":[{"@type":"ListItem","position":1,"name":"Home","item":"https:\/\/japanmatsuri.org\/it\/"},{"@type":"ListItem","position":2,"name":"Samurai EDGE \uff5eSHIDEN-RYU\uff5e"}]},{"@type":"WebSite","@id":"https:\/\/japanmatsuri.org\/#website","url":"https:\/\/japanmatsuri.org\/","name":"Japan Matsuri - Festival Giapponese Bellinzona","description":"Festival Giapponese Bellinzona","potentialAction":[{"@type":"SearchAction","target":{"@type":"EntryPoint","urlTemplate":"https:\/\/japanmatsuri.org\/?s={search_term_string}"},"query-input":{"@type":"PropertyValueSpecification","valueRequired":true,"valueName":"search_term_string"}}],"inLanguage":"fr-FR"}]}},"_links":{"self":[{"href":"https:\/\/japanmatsuri.org\/fr\/wp-json\/wp\/v2\/pages\/929","targetHints":{"allow":["GET"]}}],"collection":[{"href":"https:\/\/japanmatsuri.org\/fr\/wp-json\/wp\/v2\/pages"}],"about":[{"href":"https:\/\/japanmatsuri.org\/fr\/wp-json\/wp\/v2\/types\/page"}],"author":[{"embeddable":true,"href":"https:\/\/japanmatsuri.org\/fr\/wp-json\/wp\/v2\/users\/1"}],"replies":[{"embeddable":true,"href":"https:\/\/japanmatsuri.org\/fr\/wp-json\/wp\/v2\/comments?post=929"}],"version-history":[{"count":24,"href":"https:\/\/japanmatsuri.org\/fr\/wp-json\/wp\/v2\/pages\/929\/revisions"}],"predecessor-version":[{"id":1140,"href":"https:\/\/japanmatsuri.org\/fr\/wp-json\/wp\/v2\/pages\/929\/revisions\/1140"}],"wp:attachment":[{"href":"https:\/\/japanmatsuri.org\/fr\/wp-json\/wp\/v2\/media?parent=929"}],"curies":[{"name":"wp","href":"https:\/\/api.w.org\/{rel}","templated":true}]}}