{"id":1198,"date":"2025-07-01T17:18:59","date_gmt":"2025-07-01T16:18:59","guid":{"rendered":"https:\/\/japanmatsuri.org\/it\/?page_id=1198"},"modified":"2025-09-05T18:57:27","modified_gmt":"2025-09-05T17:57:27","slug":"metodo-konmari","status":"publish","type":"page","link":"https:\/\/japanmatsuri.org\/it\/metodo-konmari\/","title":{"rendered":"Metodo KonMari"},"content":{"rendered":"\t\t<div data-elementor-type=\"wp-page\" data-elementor-id=\"1198\" class=\"elementor elementor-1198\" data-elementor-post-type=\"page\">\n\t\t\t\t<div class=\"elementor-element elementor-element-1ce695c6 e-flex e-con-boxed e-con e-parent\" data-id=\"1ce695c6\" data-element_type=\"container\">\n\t\t\t\t\t<div class=\"e-con-inner\">\n\t\t\t\t<div class=\"elementor-element elementor-element-3fe16b76 elementor-widget elementor-widget-heading\" data-id=\"3fe16b76\" data-element_type=\"widget\" data-widget_type=\"heading.default\">\n\t\t\t\t<div class=\"elementor-widget-container\">\n\t\t\t\t\t<h1 class=\"elementor-heading-title elementor-size-default\">Scopri il Potere del Metodo KonMari<\/h1>\t\t\t\t<\/div>\n\t\t\t\t<\/div>\n\t\t\t\t<div class=\"elementor-element elementor-element-b2162ce elementor-widget elementor-widget-heading\" data-id=\"b2162ce\" data-element_type=\"widget\" data-widget_type=\"heading.default\">\n\t\t\t\t<div class=\"elementor-widget-container\">\n\t\t\t\t\t<h2 class=\"elementor-heading-title elementor-size-default\">Trasforma i tuoi Spazi e la tua Vita<\/h2>\t\t\t\t<\/div>\n\t\t\t\t<\/div>\n\t\t\t\t\t<\/div>\n\t\t\t\t<\/div>\n\t\t<div class=\"elementor-element elementor-element-14fd3d1b e-flex e-con-boxed e-con e-parent\" data-id=\"14fd3d1b\" data-element_type=\"container\">\n\t\t\t\t\t<div class=\"e-con-inner\">\n\t\t\t\t<div class=\"elementor-element elementor-element-894c7be elementor-widget elementor-widget-image\" data-id=\"894c7be\" data-element_type=\"widget\" data-widget_type=\"image.default\">\n\t\t\t\t<div class=\"elementor-widget-container\">\n\t\t\t\t\t\t\t\t\t\t\t\t\t\t\t<img fetchpriority=\"high\" decoding=\"async\" width=\"1750\" height=\"700\" src=\"https:\/\/japanmatsuri.org\/wp-content\/uploads\/2025\/07\/10.png\" class=\"attachment-full size-full wp-image-1200\" alt=\"\" srcset=\"https:\/\/japanmatsuri.org\/wp-content\/uploads\/2025\/07\/10.png 1750w, https:\/\/japanmatsuri.org\/wp-content\/uploads\/2025\/07\/10-300x120.png 300w, https:\/\/japanmatsuri.org\/wp-content\/uploads\/2025\/07\/10-1024x410.png 1024w, https:\/\/japanmatsuri.org\/wp-content\/uploads\/2025\/07\/10-768x307.png 768w, https:\/\/japanmatsuri.org\/wp-content\/uploads\/2025\/07\/10-1536x614.png 1536w, https:\/\/japanmatsuri.org\/wp-content\/uploads\/2025\/07\/10-18x7.png 18w\" sizes=\"(max-width: 1750px) 100vw, 1750px\" \/>\t\t\t\t\t\t\t\t\t\t\t\t\t\t\t<\/div>\n\t\t\t\t<\/div>\n\t\t\t\t\t<\/div>\n\t\t\t\t<\/div>\n\t\t<div class=\"elementor-element elementor-element-30348c0 e-flex e-con-boxed e-con e-parent\" data-id=\"30348c0\" data-element_type=\"container\">\n\t\t\t\t\t<div class=\"e-con-inner\">\n\t\t\t\t\t<\/div>\n\t\t\t\t<\/div>\n\t\t<div class=\"elementor-element elementor-element-6d0bdf3 e-flex e-con-boxed e-con e-parent\" data-id=\"6d0bdf3\" data-element_type=\"container\">\n\t\t\t\t\t<div class=\"e-con-inner\">\n\t\t\t\t<div class=\"elementor-element elementor-element-374e13c elementor-widget elementor-widget-text-editor\" data-id=\"374e13c\" data-element_type=\"widget\" data-widget_type=\"text-editor.default\">\n\t\t\t\t<div class=\"elementor-widget-container\">\n\t\t\t\t\t\t\t\t\t<p>Vuoi trasformare la tua casa in un\u2019oasi di pace e serenit\u00e0? Il Metodo KonMari, creato dalla celebre Marie Kondo, \u00e8 molto pi\u00f9 di un semplice approccio all\u2019organizzazione: \u00e8 un viaggio verso un equilibrio interiore e una vita pi\u00f9 felice. Impara a circondarti solo di ci\u00f2 che ti fa davvero \u201cscintillare di gioia\u201d e crea ambienti che riflettano chi sei veramente.<\/p>\t\t\t\t\t\t\t\t<\/div>\n\t\t\t\t<\/div>\n\t\t\t\t\t<\/div>\n\t\t\t\t<\/div>\n\t\t<div class=\"elementor-element elementor-element-30d9580 e-flex e-con-boxed e-con e-parent\" data-id=\"30d9580\" data-element_type=\"container\">\n\t\t\t\t\t<div class=\"e-con-inner\">\n\t\t<div class=\"elementor-element elementor-element-d3908e1 e-con-full e-flex e-con e-child\" data-id=\"d3908e1\" data-element_type=\"container\">\n\t\t\t\t<div class=\"elementor-element elementor-element-561a746 elementor-widget elementor-widget-text-editor\" data-id=\"561a746\" data-element_type=\"widget\" data-widget_type=\"text-editor.default\">\n\t\t\t\t<div class=\"elementor-widget-container\">\n\t\t\t\t\t\t\t\t\t<p>Partecipa alla nostra presentazione e lasciati ispirare da Jennifer Smith, l\u2019unica consulente certificata del Metodo KonMari in Ticino. Jennifer ti sveler\u00e0 i segreti di questa metodologia rivoluzionaria, sfatando i miti pi\u00f9 comuni e offrendoti consigli pratici per trasformare la tua casa in un rifugio di calma e benessere.<\/p>\t\t\t\t\t\t\t\t<\/div>\n\t\t\t\t<\/div>\n\t\t\t\t<\/div>\n\t\t<div class=\"elementor-element elementor-element-a34983f e-con-full e-flex e-con e-child\" data-id=\"a34983f\" data-element_type=\"container\">\n\t\t\t\t<div class=\"elementor-element elementor-element-245c5a9 elementor-widget elementor-widget-image\" data-id=\"245c5a9\" data-element_type=\"widget\" data-widget_type=\"image.default\">\n\t\t\t\t<div class=\"elementor-widget-container\">\n\t\t\t\t\t\t\t\t\t\t\t\t\t\t\t<img decoding=\"async\" width=\"265\" height=\"300\" src=\"https:\/\/japanmatsuri.org\/wp-content\/uploads\/2025\/07\/KonMari-Jennifer-Smith-1-265x300.jpg\" class=\"attachment-medium size-medium wp-image-1206\" alt=\"\" srcset=\"https:\/\/japanmatsuri.org\/wp-content\/uploads\/2025\/07\/KonMari-Jennifer-Smith-1-265x300.jpg 265w, https:\/\/japanmatsuri.org\/wp-content\/uploads\/2025\/07\/KonMari-Jennifer-Smith-1-904x1024.jpg 904w, https:\/\/japanmatsuri.org\/wp-content\/uploads\/2025\/07\/KonMari-Jennifer-Smith-1-768x870.jpg 768w, https:\/\/japanmatsuri.org\/wp-content\/uploads\/2025\/07\/KonMari-Jennifer-Smith-1-1356x1536.jpg 1356w, https:\/\/japanmatsuri.org\/wp-content\/uploads\/2025\/07\/KonMari-Jennifer-Smith-1-11x12.jpg 11w, https:\/\/japanmatsuri.org\/wp-content\/uploads\/2025\/07\/KonMari-Jennifer-Smith-1.jpg 1500w\" sizes=\"(max-width: 265px) 100vw, 265px\" \/>\t\t\t\t\t\t\t\t\t\t\t\t\t\t\t<\/div>\n\t\t\t\t<\/div>\n\t\t\t\t<\/div>\n\t\t\t\t\t<\/div>\n\t\t\t\t<\/div>\n\t\t<div class=\"elementor-element elementor-element-554c460 e-flex e-con-boxed e-con e-parent\" data-id=\"554c460\" data-element_type=\"container\">\n\t\t\t\t\t<div class=\"e-con-inner\">\n\t\t<div class=\"elementor-element elementor-element-f793579 e-con-full e-flex e-con e-child\" data-id=\"f793579\" data-element_type=\"container\">\n\t\t\t\t<div class=\"elementor-element elementor-element-aedc334 elementor-widget elementor-widget-text-editor\" data-id=\"aedc334\" data-element_type=\"widget\" data-widget_type=\"text-editor.default\">\n\t\t\t\t<div class=\"elementor-widget-container\">\n\t\t\t\t\t\t\t\t\t<p><strong>Data<\/strong>: Sabato 20 settembre 2025<br \/><strong>Orario<\/strong>: 16:30 \u2013 18:00<br \/><strong>Luogo<\/strong>: Aula 2<\/p><p><strong>Data<\/strong>: Domenica 21 settembre 2025<br \/><strong>Orario<\/strong>: 15:15 \u2013 16:45<br \/><strong>Luogo<\/strong>: Aula 1<\/p><p><strong>Iscrizioni<\/strong>: massimo 24 partecipanti<br \/><strong>Costo<\/strong>: gratuito<\/p><p><strong>Lingue<\/strong>: italiano, inglese<\/p>\t\t\t\t\t\t\t\t<\/div>\n\t\t\t\t<\/div>\n\t\t\t\t<\/div>\n\t\t<div class=\"elementor-element elementor-element-8db9b8c e-flex e-con-boxed e-con e-child\" data-id=\"8db9b8c\" data-element_type=\"container\">\n\t\t\t\t\t<div class=\"e-con-inner\">\n\t\t\t\t<div class=\"elementor-element elementor-element-1fe0a4d elementor-widget-mobile__width-initial elementor-widget elementor-widget-button\" data-id=\"1fe0a4d\" data-element_type=\"widget\" data-widget_type=\"button.default\">\n\t\t\t\t<div class=\"elementor-widget-container\">\n\t\t\t\t\t\t\t\t\t<div class=\"elementor-button-wrapper\">\n\t\t\t\t\t<a class=\"elementor-button elementor-button-link elementor-size-sm\" href=\"https:\/\/www.ticketino.com\/it\/event\/japan-matsuri-corsi\/205136\" target=\"_blank\">\n\t\t\t\t\t\t<span class=\"elementor-button-content-wrapper\">\n\t\t\t\t\t\t\t\t\t<span class=\"elementor-button-text\">ISCRIVITI<\/span>\n\t\t\t\t\t<\/span>\n\t\t\t\t\t<\/a>\n\t\t\t\t<\/div>\n\t\t\t\t\t\t\t\t<\/div>\n\t\t\t\t<\/div>\n\t\t\t\t<div class=\"elementor-element elementor-element-2d27be6 elementor-widget elementor-widget-button\" data-id=\"2d27be6\" data-element_type=\"widget\" data-widget_type=\"button.default\">\n\t\t\t\t<div class=\"elementor-widget-container\">\n\t\t\t\t\t\t\t\t\t<div class=\"elementor-button-wrapper\">\n\t\t\t\t\t<a class=\"elementor-button elementor-button-link elementor-size-sm\" href=\"https:\/\/japanmatsuri.org\/it\/regolamento\/\" target=\"_blank\">\n\t\t\t\t\t\t<span class=\"elementor-button-content-wrapper\">\n\t\t\t\t\t\t\t\t\t<span class=\"elementor-button-text\">REGOLAMENTO<\/span>\n\t\t\t\t\t<\/span>\n\t\t\t\t\t<\/a>\n\t\t\t\t<\/div>\n\t\t\t\t\t\t\t\t<\/div>\n\t\t\t\t<\/div>\n\t\t\t\t\t<\/div>\n\t\t\t\t<\/div>\n\t\t\t\t\t<\/div>\n\t\t\t\t<\/div>\n\t\t<div class=\"elementor-element elementor-element-2616d3e e-flex e-con-boxed e-con e-parent\" data-id=\"2616d3e\" data-element_type=\"container\">\n\t\t\t\t\t<div class=\"e-con-inner\">\n\t\t\t\t<div class=\"elementor-element elementor-element-868c81d elementor-widget elementor-widget-text-editor\" data-id=\"868c81d\" data-element_type=\"widget\" data-widget_type=\"text-editor.default\">\n\t\t\t\t<div class=\"elementor-widget-container\">\n\t\t\t\t\t\t\t\t\t<p><i>Per accedere all\u2019area workshop, sar\u00e0 necessario indossare il bracciale che verr\u00e0 distribuito all\u2019ingresso del festival. Per facilitare l\u2019accesso, ti consigliamo di acquistare il biglietto del festival online. Le persone con disabilit\u00e0 o mobilit\u00e0 ridotta sono invitate a contattarci in anticipo via email all\u2019indirizzo info@japanmatsuri.org, cos\u00ec da poter organizzare un accesso senza stress.<\/i><\/p>\t\t\t\t\t\t\t\t<\/div>\n\t\t\t\t<\/div>\n\t\t\t\t\t<\/div>\n\t\t\t\t<\/div>\n\t\t<div class=\"elementor-element elementor-element-3b9e9ecd e-flex e-con-boxed e-con e-parent\" data-id=\"3b9e9ecd\" data-element_type=\"container\">\n\t\t\t\t\t<div class=\"e-con-inner\">\n\t\t\t\t\t<\/div>\n\t\t\t\t<\/div>\n\t\t\t\t<\/div>\n\t\t","protected":false},"excerpt":{"rendered":"<p>Scopri il Potere del Metodo KonMari Trasforma i tuoi Spazi e la tua Vita Vuoi trasformare la tua casa in un\u2019oasi di pace e serenit\u00e0? Il Metodo KonMari, creato dalla celebre Marie Kondo, \u00e8 molto pi\u00f9 di un semplice approccio all\u2019organizzazione: \u00e8 un viaggio verso un equilibrio interiore e una vita pi\u00f9 felice. Impara a [&hellip;]<\/p>\n","protected":false},"author":1,"featured_media":0,"parent":0,"menu_order":0,"comment_status":"closed","ping_status":"closed","template":"","meta":{"footnotes":""},"class_list":["post-1198","page","type-page","status-publish","hentry"],"yoast_head":"<!-- This site is optimized with the Yoast SEO plugin v25.4 - https:\/\/yoast.com\/wordpress\/plugins\/seo\/ -->\n<title>Metodo KonMari - Japan Matsuri - Festival Giapponese Bellinzona<\/title>\n<meta name=\"robots\" content=\"index, follow, max-snippet:-1, max-image-preview:large, max-video-preview:-1\" \/>\n<link rel=\"canonical\" href=\"https:\/\/japanmatsuri.org\/it\/metodo-konmari\/\" \/>\n<meta property=\"og:locale\" content=\"it_IT\" \/>\n<meta property=\"og:type\" content=\"article\" \/>\n<meta property=\"og:title\" content=\"Metodo KonMari - Japan Matsuri - Festival Giapponese Bellinzona\" \/>\n<meta property=\"og:description\" content=\"Scopri il Potere del Metodo KonMari Trasforma i tuoi Spazi e la tua Vita Vuoi trasformare la tua casa in un\u2019oasi di pace e serenit\u00e0? Il Metodo KonMari, creato dalla celebre Marie Kondo, \u00e8 molto pi\u00f9 di un semplice approccio all\u2019organizzazione: \u00e8 un viaggio verso un equilibrio interiore e una vita pi\u00f9 felice. Impara a [&hellip;]\" \/>\n<meta property=\"og:url\" content=\"https:\/\/japanmatsuri.org\/it\/metodo-konmari\/\" \/>\n<meta property=\"og:site_name\" content=\"Japan Matsuri - Festival Giapponese Bellinzona\" \/>\n<meta property=\"article:modified_time\" content=\"2025-09-05T17:57:27+00:00\" \/>\n<meta property=\"og:image\" content=\"https:\/\/japanmatsuri.org\/wp-content\/uploads\/2025\/07\/10.png\" \/>\n\t<meta property=\"og:image:width\" content=\"1750\" \/>\n\t<meta property=\"og:image:height\" content=\"700\" \/>\n\t<meta property=\"og:image:type\" content=\"image\/png\" \/>\n<meta name=\"twitter:card\" content=\"summary_large_image\" \/>\n<meta name=\"twitter:label1\" content=\"Tempo di lettura stimato\" \/>\n\t<meta name=\"twitter:data1\" content=\"2 minuti\" \/>\n<script type=\"application\/ld+json\" class=\"yoast-schema-graph\">{\"@context\":\"https:\/\/schema.org\",\"@graph\":[{\"@type\":\"WebPage\",\"@id\":\"https:\/\/japanmatsuri.org\/it\/metodo-konmari\/\",\"url\":\"https:\/\/japanmatsuri.org\/it\/metodo-konmari\/\",\"name\":\"Metodo KonMari - Japan Matsuri - Festival Giapponese Bellinzona\",\"isPartOf\":{\"@id\":\"https:\/\/japanmatsuri.org\/#website\"},\"primaryImageOfPage\":{\"@id\":\"https:\/\/japanmatsuri.org\/it\/metodo-konmari\/#primaryimage\"},\"image\":{\"@id\":\"https:\/\/japanmatsuri.org\/it\/metodo-konmari\/#primaryimage\"},\"thumbnailUrl\":\"https:\/\/japanmatsuri.org\/wp-content\/uploads\/2025\/07\/10.png\",\"datePublished\":\"2025-07-01T16:18:59+00:00\",\"dateModified\":\"2025-09-05T17:57:27+00:00\",\"breadcrumb\":{\"@id\":\"https:\/\/japanmatsuri.org\/it\/metodo-konmari\/#breadcrumb\"},\"inLanguage\":\"it-IT\",\"potentialAction\":[{\"@type\":\"ReadAction\",\"target\":[\"https:\/\/japanmatsuri.org\/it\/metodo-konmari\/\"]}]},{\"@type\":\"ImageObject\",\"inLanguage\":\"it-IT\",\"@id\":\"https:\/\/japanmatsuri.org\/it\/metodo-konmari\/#primaryimage\",\"url\":\"https:\/\/japanmatsuri.org\/wp-content\/uploads\/2025\/07\/10.png\",\"contentUrl\":\"https:\/\/japanmatsuri.org\/wp-content\/uploads\/2025\/07\/10.png\"},{\"@type\":\"BreadcrumbList\",\"@id\":\"https:\/\/japanmatsuri.org\/it\/metodo-konmari\/#breadcrumb\",\"itemListElement\":[{\"@type\":\"ListItem\",\"position\":1,\"name\":\"Home\",\"item\":\"https:\/\/japanmatsuri.org\/it\/\"},{\"@type\":\"ListItem\",\"position\":2,\"name\":\"Metodo KonMari\"}]},{\"@type\":\"WebSite\",\"@id\":\"https:\/\/japanmatsuri.org\/#website\",\"url\":\"https:\/\/japanmatsuri.org\/\",\"name\":\"Japan Matsuri - Festival Giapponese Bellinzona\",\"description\":\"Festival Giapponese Bellinzona\",\"potentialAction\":[{\"@type\":\"SearchAction\",\"target\":{\"@type\":\"EntryPoint\",\"urlTemplate\":\"https:\/\/japanmatsuri.org\/?s={search_term_string}\"},\"query-input\":{\"@type\":\"PropertyValueSpecification\",\"valueRequired\":true,\"valueName\":\"search_term_string\"}}],\"inLanguage\":\"it-IT\"}]}<\/script>\n<!-- \/ Yoast SEO plugin. -->","yoast_head_json":{"title":"Metodo KonMari - Japan Matsuri - Festival Giapponese Bellinzona","robots":{"index":"index","follow":"follow","max-snippet":"max-snippet:-1","max-image-preview":"max-image-preview:large","max-video-preview":"max-video-preview:-1"},"canonical":"https:\/\/japanmatsuri.org\/it\/metodo-konmari\/","og_locale":"it_IT","og_type":"article","og_title":"Metodo KonMari - Japan Matsuri - Festival Giapponese Bellinzona","og_description":"Scopri il Potere del Metodo KonMari Trasforma i tuoi Spazi e la tua Vita Vuoi trasformare la tua casa in un\u2019oasi di pace e serenit\u00e0? Il Metodo KonMari, creato dalla celebre Marie Kondo, \u00e8 molto pi\u00f9 di un semplice approccio all\u2019organizzazione: \u00e8 un viaggio verso un equilibrio interiore e una vita pi\u00f9 felice. Impara a [&hellip;]","og_url":"https:\/\/japanmatsuri.org\/it\/metodo-konmari\/","og_site_name":"Japan Matsuri - Festival Giapponese Bellinzona","article_modified_time":"2025-09-05T17:57:27+00:00","og_image":[{"width":1750,"height":700,"url":"https:\/\/japanmatsuri.org\/wp-content\/uploads\/2025\/07\/10.png","type":"image\/png"}],"twitter_card":"summary_large_image","twitter_misc":{"Tempo di lettura stimato":"2 minuti"},"schema":{"@context":"https:\/\/schema.org","@graph":[{"@type":"WebPage","@id":"https:\/\/japanmatsuri.org\/it\/metodo-konmari\/","url":"https:\/\/japanmatsuri.org\/it\/metodo-konmari\/","name":"Metodo KonMari - Japan Matsuri - Festival Giapponese Bellinzona","isPartOf":{"@id":"https:\/\/japanmatsuri.org\/#website"},"primaryImageOfPage":{"@id":"https:\/\/japanmatsuri.org\/it\/metodo-konmari\/#primaryimage"},"image":{"@id":"https:\/\/japanmatsuri.org\/it\/metodo-konmari\/#primaryimage"},"thumbnailUrl":"https:\/\/japanmatsuri.org\/wp-content\/uploads\/2025\/07\/10.png","datePublished":"2025-07-01T16:18:59+00:00","dateModified":"2025-09-05T17:57:27+00:00","breadcrumb":{"@id":"https:\/\/japanmatsuri.org\/it\/metodo-konmari\/#breadcrumb"},"inLanguage":"it-IT","potentialAction":[{"@type":"ReadAction","target":["https:\/\/japanmatsuri.org\/it\/metodo-konmari\/"]}]},{"@type":"ImageObject","inLanguage":"it-IT","@id":"https:\/\/japanmatsuri.org\/it\/metodo-konmari\/#primaryimage","url":"https:\/\/japanmatsuri.org\/wp-content\/uploads\/2025\/07\/10.png","contentUrl":"https:\/\/japanmatsuri.org\/wp-content\/uploads\/2025\/07\/10.png"},{"@type":"BreadcrumbList","@id":"https:\/\/japanmatsuri.org\/it\/metodo-konmari\/#breadcrumb","itemListElement":[{"@type":"ListItem","position":1,"name":"Home","item":"https:\/\/japanmatsuri.org\/it\/"},{"@type":"ListItem","position":2,"name":"Metodo KonMari"}]},{"@type":"WebSite","@id":"https:\/\/japanmatsuri.org\/#website","url":"https:\/\/japanmatsuri.org\/","name":"Japan Matsuri - Festival Giapponese Bellinzona","description":"Festival Giapponese Bellinzona","potentialAction":[{"@type":"SearchAction","target":{"@type":"EntryPoint","urlTemplate":"https:\/\/japanmatsuri.org\/?s={search_term_string}"},"query-input":{"@type":"PropertyValueSpecification","valueRequired":true,"valueName":"search_term_string"}}],"inLanguage":"it-IT"}]}},"_links":{"self":[{"href":"https:\/\/japanmatsuri.org\/it\/wp-json\/wp\/v2\/pages\/1198","targetHints":{"allow":["GET"]}}],"collection":[{"href":"https:\/\/japanmatsuri.org\/it\/wp-json\/wp\/v2\/pages"}],"about":[{"href":"https:\/\/japanmatsuri.org\/it\/wp-json\/wp\/v2\/types\/page"}],"author":[{"embeddable":true,"href":"https:\/\/japanmatsuri.org\/it\/wp-json\/wp\/v2\/users\/1"}],"replies":[{"embeddable":true,"href":"https:\/\/japanmatsuri.org\/it\/wp-json\/wp\/v2\/comments?post=1198"}],"version-history":[{"count":13,"href":"https:\/\/japanmatsuri.org\/it\/wp-json\/wp\/v2\/pages\/1198\/revisions"}],"predecessor-version":[{"id":2043,"href":"https:\/\/japanmatsuri.org\/it\/wp-json\/wp\/v2\/pages\/1198\/revisions\/2043"}],"wp:attachment":[{"href":"https:\/\/japanmatsuri.org\/it\/wp-json\/wp\/v2\/media?parent=1198"}],"curies":[{"name":"wp","href":"https:\/\/api.w.org\/{rel}","templated":true}]}}