{"id":1235,"date":"2025-07-01T19:02:44","date_gmt":"2025-07-01T18:02:44","guid":{"rendered":"https:\/\/japanmatsuri.org\/it\/?page_id=1235"},"modified":"2025-07-09T18:03:25","modified_gmt":"2025-07-09T17:03:25","slug":"sumi-e-shozo-koike","status":"publish","type":"page","link":"https:\/\/japanmatsuri.org\/it\/sumi-e-shozo-koike\/","title":{"rendered":"SUMI-E Shozo Koike"},"content":{"rendered":"\t\t<div data-elementor-type=\"wp-page\" data-elementor-id=\"1235\" class=\"elementor elementor-1235\" data-elementor-post-type=\"page\">\n\t\t\t\t<div class=\"elementor-element elementor-element-68c8ea0d e-flex e-con-boxed e-con e-parent\" data-id=\"68c8ea0d\" data-element_type=\"container\">\n\t\t\t\t\t<div class=\"e-con-inner\">\n\t\t\t\t<div class=\"elementor-element elementor-element-5b3d0899 elementor-widget elementor-widget-heading\" data-id=\"5b3d0899\" data-element_type=\"widget\" data-widget_type=\"heading.default\">\n\t\t\t\t<div class=\"elementor-widget-container\">\n\t\t\t\t\t<h1 class=\"elementor-heading-title elementor-size-default\">SUMI-E con Shozo Koike<\/h1>\t\t\t\t<\/div>\n\t\t\t\t<\/div>\n\t\t\t\t\t<\/div>\n\t\t\t\t<\/div>\n\t\t<div class=\"elementor-element elementor-element-7d9cda23 e-flex e-con-boxed e-con e-parent\" data-id=\"7d9cda23\" data-element_type=\"container\">\n\t\t\t\t\t<div class=\"e-con-inner\">\n\t\t\t\t<div class=\"elementor-element elementor-element-55d3942 elementor-widget elementor-widget-image\" data-id=\"55d3942\" data-element_type=\"widget\" data-widget_type=\"image.default\">\n\t\t\t\t<div class=\"elementor-widget-container\">\n\t\t\t\t\t\t\t\t\t\t\t\t\t\t\t<img fetchpriority=\"high\" decoding=\"async\" width=\"1750\" height=\"700\" src=\"https:\/\/japanmatsuri.org\/wp-content\/uploads\/2025\/07\/16.png\" class=\"attachment-full size-full wp-image-1237\" alt=\"\" srcset=\"https:\/\/japanmatsuri.org\/wp-content\/uploads\/2025\/07\/16.png 1750w, https:\/\/japanmatsuri.org\/wp-content\/uploads\/2025\/07\/16-300x120.png 300w, https:\/\/japanmatsuri.org\/wp-content\/uploads\/2025\/07\/16-1024x410.png 1024w, https:\/\/japanmatsuri.org\/wp-content\/uploads\/2025\/07\/16-768x307.png 768w, https:\/\/japanmatsuri.org\/wp-content\/uploads\/2025\/07\/16-1536x614.png 1536w, https:\/\/japanmatsuri.org\/wp-content\/uploads\/2025\/07\/16-18x7.png 18w\" sizes=\"(max-width: 1750px) 100vw, 1750px\" \/>\t\t\t\t\t\t\t\t\t\t\t\t\t\t\t<\/div>\n\t\t\t\t<\/div>\n\t\t\t\t\t<\/div>\n\t\t\t\t<\/div>\n\t\t<div class=\"elementor-element elementor-element-7abcbb3 e-flex e-con-boxed e-con e-parent\" data-id=\"7abcbb3\" data-element_type=\"container\">\n\t\t\t\t\t<div class=\"e-con-inner\">\n\t\t\t\t\t<\/div>\n\t\t\t\t<\/div>\n\t\t<div class=\"elementor-element elementor-element-4ab12ba e-flex e-con-boxed e-con e-parent\" data-id=\"4ab12ba\" data-element_type=\"container\">\n\t\t\t\t\t<div class=\"e-con-inner\">\n\t\t\t\t<div class=\"elementor-element elementor-element-be32378 elementor-widget elementor-widget-text-editor\" data-id=\"be32378\" data-element_type=\"widget\" data-widget_type=\"text-editor.default\">\n\t\t\t\t<div class=\"elementor-widget-container\">\n\t\t\t\t\t\t\t\t\t<p>Il termine giapponese SUMI-E (\u58a8\u7d75) significa letteralmente \u201cpittura ad inchiostro\u201d ed indica una forma di pittura che si esegue con inchiostro nero (sumi) in varie diluizioni. \u00c8 un\u2019arte che rappresenta l\u2019armonia e che tramite l\u2019uso del pennello permette di riprodurre un mondo in bianco, nero, e grigio; tonalit\u00e0 e giochi di sfumature che insieme sulla carta riescono a restituire al pittore ed all\u2019osservatore le stesse sensazioni che i giochi di colori portano con s\u00e9. I segni tracciati non si possono correggere, e questo richiede concentrazione, dedizione e molta pratica. Non si dipinge per dimostrare bravura, ma per esprimere s\u00e9 stessi.<\/p>\t\t\t\t\t\t\t\t<\/div>\n\t\t\t\t<\/div>\n\t\t\t\t<div class=\"elementor-element elementor-element-287a43f elementor-widget elementor-widget-text-editor\" data-id=\"287a43f\" data-element_type=\"widget\" data-widget_type=\"text-editor.default\">\n\t\t\t\t<div class=\"elementor-widget-container\">\n\t\t\t\t\t\t\t\t\t<p><strong>Programma<\/strong><br \/>Senza l\u2019uso del disegno si compongono immagini all\u2019apparenza semplici, ma da cui traspare armonia ed eleganza. Non \u00e8 necessario avere conoscenze pittoriche, perch\u00e9 si potr\u00e0 sperimentare una tecnica diversa; per tutti sar\u00e0 la prima volta.<br \/>Un metodo differente, imparando ad osservare la natura e a disegnare con il pennello e le gradazioni del nero. Dalla diluizione dell\u2019inchiostro alla preparazione delle gradazioni, per finire con la creazione di un\u2019immagine, un percorso dentro il mondo e la cultura del Sol Levante.<\/p>\t\t\t\t\t\t\t\t<\/div>\n\t\t\t\t<\/div>\n\t\t\t\t<div class=\"elementor-element elementor-element-810eec2 elementor-widget elementor-widget-text-editor\" data-id=\"810eec2\" data-element_type=\"widget\" data-widget_type=\"text-editor.default\">\n\t\t\t\t<div class=\"elementor-widget-container\">\n\t\t\t\t\t\t\t\t\t<p><strong>Contenuti della lezione:<\/strong><\/p><ul><li>\u00a0 \u00a0 \u00a0 Preparazione dell\u2019inchiostro ed uso del pennello<\/li><li>\u00a0 \u00a0 \u00a0 Caratteristiche del sumi (l\u2019inchiostro giapponese)<\/li><li>\u00a0 \u00a0 \u00a0 Tecnica ed atteggiamento necessari per dipingere<\/li><li>\u00a0 \u00a0 \u00a0 Realizzazione di alcuni soggetti tradizionali<\/li><\/ul>\t\t\t\t\t\t\t\t<\/div>\n\t\t\t\t<\/div>\n\t\t\t\t\t<\/div>\n\t\t\t\t<\/div>\n\t\t<div class=\"elementor-element elementor-element-f227403 e-flex e-con-boxed e-con e-parent\" data-id=\"f227403\" data-element_type=\"container\">\n\t\t\t\t\t<div class=\"e-con-inner\">\n\t\t<div class=\"elementor-element elementor-element-146b1b3 e-con-full e-flex e-con e-child\" data-id=\"146b1b3\" data-element_type=\"container\">\n\t\t\t\t<div class=\"elementor-element elementor-element-d29e83a elementor-widget elementor-widget-image\" data-id=\"d29e83a\" data-element_type=\"widget\" data-widget_type=\"image.default\">\n\t\t\t\t<div class=\"elementor-widget-container\">\n\t\t\t\t\t\t\t\t\t\t\t\t\t\t\t<img decoding=\"async\" width=\"800\" height=\"573\" src=\"https:\/\/japanmatsuri.org\/wp-content\/uploads\/2025\/07\/Sumi-e-1024x734.jpg\" class=\"attachment-large size-large wp-image-1238\" alt=\"\" srcset=\"https:\/\/japanmatsuri.org\/wp-content\/uploads\/2025\/07\/Sumi-e-1024x734.jpg 1024w, https:\/\/japanmatsuri.org\/wp-content\/uploads\/2025\/07\/Sumi-e-300x215.jpg 300w, https:\/\/japanmatsuri.org\/wp-content\/uploads\/2025\/07\/Sumi-e-768x550.jpg 768w, https:\/\/japanmatsuri.org\/wp-content\/uploads\/2025\/07\/Sumi-e-1536x1100.jpg 1536w, https:\/\/japanmatsuri.org\/wp-content\/uploads\/2025\/07\/Sumi-e-18x12.jpg 18w, https:\/\/japanmatsuri.org\/wp-content\/uploads\/2025\/07\/Sumi-e.jpg 2048w\" sizes=\"(max-width: 800px) 100vw, 800px\" \/>\t\t\t\t\t\t\t\t\t\t\t\t\t\t\t<\/div>\n\t\t\t\t<\/div>\n\t\t\t\t<\/div>\n\t\t<div class=\"elementor-element elementor-element-3db8ad5 e-con-full e-flex e-con e-child\" data-id=\"3db8ad5\" data-element_type=\"container\">\n\t\t\t\t<div class=\"elementor-element elementor-element-1a57efb elementor-widget elementor-widget-text-editor\" data-id=\"1a57efb\" data-element_type=\"widget\" data-widget_type=\"text-editor.default\">\n\t\t\t\t<div class=\"elementor-widget-container\">\n\t\t\t\t\t\t\t\t\t<p class=\"\"><strong>Docente:<\/strong> Shozo Koike<\/p><p class=\"\">Nato a Okaya, nella prefettura di Nagano, Giappone, vive in Italia da oltre vent\u2019anni. Dopo aver completato gli studi all\u2019Accademia di Belle Arti Taiheiyo a Tokyo e aver maturato un\u2019esperienza professionale e artistica in Giappone, si trasferisce in Italia, spinto dalla passione per l\u2019arte. A Firenze, ottiene il diploma in restauro di dipinti presso Palazzo Spinelli e frequenta un corso di disegno all\u2019Accademia di Belle Arti di Firenze. Dopo molti anni trascorsi a Firenze, si stabilisce in Piemonte, a Casale Monferrato (AL), dove insegna la pittura tradizionale giapponese a inchiostro, nota come \u2018sumi-e\u2019. Parallelamente alla sua attivit\u00e0 di restauratore, ha una vivace carriera artistica, con mostre personali e collettive dal 1981 sia in Giappone che in Italia.<\/p>\t\t\t\t\t\t\t\t<\/div>\n\t\t\t\t<\/div>\n\t\t\t\t<\/div>\n\t\t\t\t\t<\/div>\n\t\t\t\t<\/div>\n\t\t<div class=\"elementor-element elementor-element-fd1f431 e-flex e-con-boxed e-con e-parent\" data-id=\"fd1f431\" data-element_type=\"container\">\n\t\t\t\t\t<div class=\"e-con-inner\">\n\t\t<div class=\"elementor-element elementor-element-8e23d23 e-con-full e-flex e-con e-child\" data-id=\"8e23d23\" data-element_type=\"container\">\n\t\t\t\t<div class=\"elementor-element elementor-element-e0103d8 elementor-widget elementor-widget-text-editor\" data-id=\"e0103d8\" data-element_type=\"widget\" data-widget_type=\"text-editor.default\">\n\t\t\t\t<div class=\"elementor-widget-container\">\n\t\t\t\t\t\t\t\t\t<p><strong>Data<\/strong>: Domenica 21 settembre 2025<br \/><strong>Orario<\/strong>: 13:30 \u2013 15:00<br \/><strong>Luogo<\/strong>: Aula 1<br \/><strong>Iscrizioni<\/strong>: massimo 10 partecipanti<br \/><strong>Costo<\/strong>: gratuito<\/p><p><strong>Lingue<\/strong>: italiano, giapponese<\/p>\t\t\t\t\t\t\t\t<\/div>\n\t\t\t\t<\/div>\n\t\t\t\t<\/div>\n\t\t<div class=\"elementor-element elementor-element-75f49a1 e-flex e-con-boxed e-con e-child\" data-id=\"75f49a1\" data-element_type=\"container\">\n\t\t\t\t\t<div class=\"e-con-inner\">\n\t\t\t\t<div class=\"elementor-element elementor-element-d3f91e9 elementor-widget-mobile__width-initial elementor-widget elementor-widget-button\" data-id=\"d3f91e9\" data-element_type=\"widget\" data-widget_type=\"button.default\">\n\t\t\t\t<div class=\"elementor-widget-container\">\n\t\t\t\t\t\t\t\t\t<div class=\"elementor-button-wrapper\">\n\t\t\t\t\t<a class=\"elementor-button elementor-button-link elementor-size-sm\" href=\"https:\/\/www.ticketino.com\/it\/event\/japan-matsuri-corsi\/205136\" target=\"_blank\">\n\t\t\t\t\t\t<span class=\"elementor-button-content-wrapper\">\n\t\t\t\t\t\t\t\t\t<span class=\"elementor-button-text\">ISCRIVITI<\/span>\n\t\t\t\t\t<\/span>\n\t\t\t\t\t<\/a>\n\t\t\t\t<\/div>\n\t\t\t\t\t\t\t\t<\/div>\n\t\t\t\t<\/div>\n\t\t\t\t<div class=\"elementor-element elementor-element-4a3b6e8 elementor-widget elementor-widget-button\" data-id=\"4a3b6e8\" data-element_type=\"widget\" data-widget_type=\"button.default\">\n\t\t\t\t<div class=\"elementor-widget-container\">\n\t\t\t\t\t\t\t\t\t<div class=\"elementor-button-wrapper\">\n\t\t\t\t\t<a class=\"elementor-button elementor-button-link elementor-size-sm\" href=\"https:\/\/japanmatsuri.org\/it\/regolamento\/\" target=\"_blank\">\n\t\t\t\t\t\t<span class=\"elementor-button-content-wrapper\">\n\t\t\t\t\t\t\t\t\t<span class=\"elementor-button-text\">REGOLAMENTO<\/span>\n\t\t\t\t\t<\/span>\n\t\t\t\t\t<\/a>\n\t\t\t\t<\/div>\n\t\t\t\t\t\t\t\t<\/div>\n\t\t\t\t<\/div>\n\t\t\t\t\t<\/div>\n\t\t\t\t<\/div>\n\t\t\t\t\t<\/div>\n\t\t\t\t<\/div>\n\t\t<div class=\"elementor-element elementor-element-3855ea0 e-flex e-con-boxed e-con e-parent\" data-id=\"3855ea0\" data-element_type=\"container\">\n\t\t\t\t\t<div class=\"e-con-inner\">\n\t\t\t\t<div class=\"elementor-element elementor-element-34375c7 elementor-widget elementor-widget-text-editor\" data-id=\"34375c7\" data-element_type=\"widget\" data-widget_type=\"text-editor.default\">\n\t\t\t\t<div class=\"elementor-widget-container\">\n\t\t\t\t\t\t\t\t\t<p><i>Per accedere all\u2019area workshop, sar\u00e0 necessario indossare il bracciale che verr\u00e0 distribuito all\u2019ingresso del festival. Per facilitare l\u2019accesso, ti consigliamo di acquistare il biglietto del festival online. Le persone con disabilit\u00e0 o mobilit\u00e0 ridotta sono invitate a contattarci in anticipo via email all\u2019indirizzo info@japanmatsuri.org, cos\u00ec da poter organizzare un accesso senza stress.<\/i><\/p>\t\t\t\t\t\t\t\t<\/div>\n\t\t\t\t<\/div>\n\t\t\t\t\t<\/div>\n\t\t\t\t<\/div>\n\t\t<div class=\"elementor-element elementor-element-2a9ad7db e-flex e-con-boxed e-con e-parent\" data-id=\"2a9ad7db\" data-element_type=\"container\">\n\t\t\t\t\t<div class=\"e-con-inner\">\n\t\t\t\t\t<\/div>\n\t\t\t\t<\/div>\n\t\t\t\t<\/div>\n\t\t","protected":false},"excerpt":{"rendered":"<p>SUMI-E con Shozo Koike Il termine giapponese SUMI-E (\u58a8\u7d75) significa letteralmente \u201cpittura ad inchiostro\u201d ed indica una forma di pittura che si esegue con inchiostro nero (sumi) in varie diluizioni. \u00c8 un\u2019arte che rappresenta l\u2019armonia e che tramite l\u2019uso del pennello permette di riprodurre un mondo in bianco, nero, e grigio; tonalit\u00e0 e giochi di [&hellip;]<\/p>\n","protected":false},"author":1,"featured_media":0,"parent":0,"menu_order":0,"comment_status":"closed","ping_status":"closed","template":"","meta":{"footnotes":""},"class_list":["post-1235","page","type-page","status-publish","hentry"],"yoast_head":"<!-- This site is optimized with the Yoast SEO plugin v25.4 - https:\/\/yoast.com\/wordpress\/plugins\/seo\/ -->\n<title>SUMI-E Shozo Koike - Japan Matsuri - Festival Giapponese Bellinzona<\/title>\n<meta name=\"robots\" content=\"index, follow, max-snippet:-1, max-image-preview:large, max-video-preview:-1\" \/>\n<link rel=\"canonical\" href=\"https:\/\/japanmatsuri.org\/it\/sumi-e-shozo-koike\/\" \/>\n<meta property=\"og:locale\" content=\"it_IT\" \/>\n<meta property=\"og:type\" content=\"article\" \/>\n<meta property=\"og:title\" content=\"SUMI-E Shozo Koike - Japan Matsuri - Festival Giapponese Bellinzona\" \/>\n<meta property=\"og:description\" content=\"SUMI-E con Shozo Koike Il termine giapponese SUMI-E (\u58a8\u7d75) significa letteralmente \u201cpittura ad inchiostro\u201d ed indica una forma di pittura che si esegue con inchiostro nero (sumi) in varie diluizioni. \u00c8 un\u2019arte che rappresenta l\u2019armonia e che tramite l\u2019uso del pennello permette di riprodurre un mondo in bianco, nero, e grigio; tonalit\u00e0 e giochi di [&hellip;]\" \/>\n<meta property=\"og:url\" content=\"https:\/\/japanmatsuri.org\/it\/sumi-e-shozo-koike\/\" \/>\n<meta property=\"og:site_name\" content=\"Japan Matsuri - Festival Giapponese Bellinzona\" \/>\n<meta property=\"article:modified_time\" content=\"2025-07-09T17:03:25+00:00\" \/>\n<meta property=\"og:image\" content=\"https:\/\/japanmatsuri.org\/wp-content\/uploads\/2025\/07\/16.png\" \/>\n\t<meta property=\"og:image:width\" content=\"1750\" \/>\n\t<meta property=\"og:image:height\" content=\"700\" \/>\n\t<meta property=\"og:image:type\" content=\"image\/png\" \/>\n<meta name=\"twitter:card\" content=\"summary_large_image\" \/>\n<meta name=\"twitter:label1\" content=\"Tempo di lettura stimato\" \/>\n\t<meta name=\"twitter:data1\" content=\"2 minuti\" \/>\n<script type=\"application\/ld+json\" class=\"yoast-schema-graph\">{\"@context\":\"https:\/\/schema.org\",\"@graph\":[{\"@type\":\"WebPage\",\"@id\":\"https:\/\/japanmatsuri.org\/en\/sumi-e-shozo-koike\/\",\"url\":\"https:\/\/japanmatsuri.org\/en\/sumi-e-shozo-koike\/\",\"name\":\"SUMI-E Shozo Koike - Japan Matsuri - Festival Giapponese Bellinzona\",\"isPartOf\":{\"@id\":\"https:\/\/japanmatsuri.org\/#website\"},\"primaryImageOfPage\":{\"@id\":\"https:\/\/japanmatsuri.org\/en\/sumi-e-shozo-koike\/#primaryimage\"},\"image\":{\"@id\":\"https:\/\/japanmatsuri.org\/en\/sumi-e-shozo-koike\/#primaryimage\"},\"thumbnailUrl\":\"https:\/\/japanmatsuri.org\/wp-content\/uploads\/2025\/07\/16.png\",\"datePublished\":\"2025-07-01T18:02:44+00:00\",\"dateModified\":\"2025-07-09T17:03:25+00:00\",\"breadcrumb\":{\"@id\":\"https:\/\/japanmatsuri.org\/en\/sumi-e-shozo-koike\/#breadcrumb\"},\"inLanguage\":\"it-IT\",\"potentialAction\":[{\"@type\":\"ReadAction\",\"target\":[\"https:\/\/japanmatsuri.org\/en\/sumi-e-shozo-koike\/\"]}]},{\"@type\":\"ImageObject\",\"inLanguage\":\"it-IT\",\"@id\":\"https:\/\/japanmatsuri.org\/en\/sumi-e-shozo-koike\/#primaryimage\",\"url\":\"https:\/\/japanmatsuri.org\/wp-content\/uploads\/2025\/07\/16.png\",\"contentUrl\":\"https:\/\/japanmatsuri.org\/wp-content\/uploads\/2025\/07\/16.png\"},{\"@type\":\"BreadcrumbList\",\"@id\":\"https:\/\/japanmatsuri.org\/en\/sumi-e-shozo-koike\/#breadcrumb\",\"itemListElement\":[{\"@type\":\"ListItem\",\"position\":1,\"name\":\"Home\",\"item\":\"https:\/\/japanmatsuri.org\/it\/\"},{\"@type\":\"ListItem\",\"position\":2,\"name\":\"SUMI-E Shozo Koike\"}]},{\"@type\":\"WebSite\",\"@id\":\"https:\/\/japanmatsuri.org\/#website\",\"url\":\"https:\/\/japanmatsuri.org\/\",\"name\":\"Japan Matsuri - Festival Giapponese Bellinzona\",\"description\":\"Festival Giapponese Bellinzona\",\"potentialAction\":[{\"@type\":\"SearchAction\",\"target\":{\"@type\":\"EntryPoint\",\"urlTemplate\":\"https:\/\/japanmatsuri.org\/?s={search_term_string}\"},\"query-input\":{\"@type\":\"PropertyValueSpecification\",\"valueRequired\":true,\"valueName\":\"search_term_string\"}}],\"inLanguage\":\"it-IT\"}]}<\/script>\n<!-- \/ Yoast SEO plugin. -->","yoast_head_json":{"title":"SUMI-E Shozo Koike - Japan Matsuri - Festival Giapponese Bellinzona","robots":{"index":"index","follow":"follow","max-snippet":"max-snippet:-1","max-image-preview":"max-image-preview:large","max-video-preview":"max-video-preview:-1"},"canonical":"https:\/\/japanmatsuri.org\/it\/sumi-e-shozo-koike\/","og_locale":"it_IT","og_type":"article","og_title":"SUMI-E Shozo Koike - Japan Matsuri - Festival Giapponese Bellinzona","og_description":"SUMI-E con Shozo Koike Il termine giapponese SUMI-E (\u58a8\u7d75) significa letteralmente \u201cpittura ad inchiostro\u201d ed indica una forma di pittura che si esegue con inchiostro nero (sumi) in varie diluizioni. \u00c8 un\u2019arte che rappresenta l\u2019armonia e che tramite l\u2019uso del pennello permette di riprodurre un mondo in bianco, nero, e grigio; tonalit\u00e0 e giochi di [&hellip;]","og_url":"https:\/\/japanmatsuri.org\/it\/sumi-e-shozo-koike\/","og_site_name":"Japan Matsuri - Festival Giapponese Bellinzona","article_modified_time":"2025-07-09T17:03:25+00:00","og_image":[{"width":1750,"height":700,"url":"https:\/\/japanmatsuri.org\/wp-content\/uploads\/2025\/07\/16.png","type":"image\/png"}],"twitter_card":"summary_large_image","twitter_misc":{"Tempo di lettura stimato":"2 minuti"},"schema":{"@context":"https:\/\/schema.org","@graph":[{"@type":"WebPage","@id":"https:\/\/japanmatsuri.org\/en\/sumi-e-shozo-koike\/","url":"https:\/\/japanmatsuri.org\/en\/sumi-e-shozo-koike\/","name":"SUMI-E Shozo Koike - Japan Matsuri - Festival Giapponese Bellinzona","isPartOf":{"@id":"https:\/\/japanmatsuri.org\/#website"},"primaryImageOfPage":{"@id":"https:\/\/japanmatsuri.org\/en\/sumi-e-shozo-koike\/#primaryimage"},"image":{"@id":"https:\/\/japanmatsuri.org\/en\/sumi-e-shozo-koike\/#primaryimage"},"thumbnailUrl":"https:\/\/japanmatsuri.org\/wp-content\/uploads\/2025\/07\/16.png","datePublished":"2025-07-01T18:02:44+00:00","dateModified":"2025-07-09T17:03:25+00:00","breadcrumb":{"@id":"https:\/\/japanmatsuri.org\/en\/sumi-e-shozo-koike\/#breadcrumb"},"inLanguage":"it-IT","potentialAction":[{"@type":"ReadAction","target":["https:\/\/japanmatsuri.org\/en\/sumi-e-shozo-koike\/"]}]},{"@type":"ImageObject","inLanguage":"it-IT","@id":"https:\/\/japanmatsuri.org\/en\/sumi-e-shozo-koike\/#primaryimage","url":"https:\/\/japanmatsuri.org\/wp-content\/uploads\/2025\/07\/16.png","contentUrl":"https:\/\/japanmatsuri.org\/wp-content\/uploads\/2025\/07\/16.png"},{"@type":"BreadcrumbList","@id":"https:\/\/japanmatsuri.org\/en\/sumi-e-shozo-koike\/#breadcrumb","itemListElement":[{"@type":"ListItem","position":1,"name":"Home","item":"https:\/\/japanmatsuri.org\/it\/"},{"@type":"ListItem","position":2,"name":"SUMI-E Shozo Koike"}]},{"@type":"WebSite","@id":"https:\/\/japanmatsuri.org\/#website","url":"https:\/\/japanmatsuri.org\/","name":"Japan Matsuri - Festival Giapponese Bellinzona","description":"Festival Giapponese Bellinzona","potentialAction":[{"@type":"SearchAction","target":{"@type":"EntryPoint","urlTemplate":"https:\/\/japanmatsuri.org\/?s={search_term_string}"},"query-input":{"@type":"PropertyValueSpecification","valueRequired":true,"valueName":"search_term_string"}}],"inLanguage":"it-IT"}]}},"_links":{"self":[{"href":"https:\/\/japanmatsuri.org\/it\/wp-json\/wp\/v2\/pages\/1235","targetHints":{"allow":["GET"]}}],"collection":[{"href":"https:\/\/japanmatsuri.org\/it\/wp-json\/wp\/v2\/pages"}],"about":[{"href":"https:\/\/japanmatsuri.org\/it\/wp-json\/wp\/v2\/types\/page"}],"author":[{"embeddable":true,"href":"https:\/\/japanmatsuri.org\/it\/wp-json\/wp\/v2\/users\/1"}],"replies":[{"embeddable":true,"href":"https:\/\/japanmatsuri.org\/it\/wp-json\/wp\/v2\/comments?post=1235"}],"version-history":[{"count":16,"href":"https:\/\/japanmatsuri.org\/it\/wp-json\/wp\/v2\/pages\/1235\/revisions"}],"predecessor-version":[{"id":1316,"href":"https:\/\/japanmatsuri.org\/it\/wp-json\/wp\/v2\/pages\/1235\/revisions\/1316"}],"wp:attachment":[{"href":"https:\/\/japanmatsuri.org\/it\/wp-json\/wp\/v2\/media?parent=1235"}],"curies":[{"name":"wp","href":"https:\/\/api.w.org\/{rel}","templated":true}]}}