{"id":1372,"date":"2025-07-14T18:32:17","date_gmt":"2025-07-14T17:32:17","guid":{"rendered":"https:\/\/japanmatsuri.org\/it\/?page_id=1372"},"modified":"2025-07-14T18:35:59","modified_gmt":"2025-07-14T17:35:59","slug":"tonkotsu-ramen","status":"publish","type":"page","link":"https:\/\/japanmatsuri.org\/it\/tonkotsu-ramen\/","title":{"rendered":"Tonkotsu Ramen"},"content":{"rendered":"\t\t<div data-elementor-type=\"wp-page\" data-elementor-id=\"1372\" class=\"elementor elementor-1372\" data-elementor-post-type=\"page\">\n\t\t\t\t<div class=\"elementor-element elementor-element-320726b2 e-flex e-con-boxed e-con e-parent\" data-id=\"320726b2\" data-element_type=\"container\">\n\t\t\t\t\t<div class=\"e-con-inner\">\n\t\t\t\t<div class=\"elementor-element elementor-element-464527d2 elementor-widget elementor-widget-heading\" data-id=\"464527d2\" data-element_type=\"widget\" data-widget_type=\"heading.default\">\n\t\t\t\t<div class=\"elementor-widget-container\">\n\t\t\t\t\t<h1 class=\"elementor-heading-title elementor-size-default\">Tonkotsu Ramen<\/h1>\t\t\t\t<\/div>\n\t\t\t\t<\/div>\n\t\t\t\t<div class=\"elementor-element elementor-element-d5b061e elementor-widget elementor-widget-heading\" data-id=\"d5b061e\" data-element_type=\"widget\" data-widget_type=\"heading.default\">\n\t\t\t\t<div class=\"elementor-widget-container\">\n\t\t\t\t\t<h2 class=\"elementor-heading-title elementor-size-default\">Sapori autentici del Giappone<\/h2>\t\t\t\t<\/div>\n\t\t\t\t<\/div>\n\t\t\t\t\t<\/div>\n\t\t\t\t<\/div>\n\t\t<div class=\"elementor-element elementor-element-491c0aa7 e-flex e-con-boxed e-con e-parent\" data-id=\"491c0aa7\" data-element_type=\"container\">\n\t\t\t\t\t<div class=\"e-con-inner\">\n\t\t\t\t<div class=\"elementor-element elementor-element-dbfccd8 elementor-widget elementor-widget-image\" data-id=\"dbfccd8\" data-element_type=\"widget\" data-widget_type=\"image.default\">\n\t\t\t\t<div class=\"elementor-widget-container\">\n\t\t\t\t\t\t\t\t\t\t\t\t\t\t\t<img fetchpriority=\"high\" decoding=\"async\" width=\"1750\" height=\"700\" src=\"https:\/\/japanmatsuri.org\/wp-content\/uploads\/2025\/07\/copertine-2.png\" class=\"attachment-full size-full wp-image-1374\" alt=\"\" srcset=\"https:\/\/japanmatsuri.org\/wp-content\/uploads\/2025\/07\/copertine-2.png 1750w, https:\/\/japanmatsuri.org\/wp-content\/uploads\/2025\/07\/copertine-2-300x120.png 300w, https:\/\/japanmatsuri.org\/wp-content\/uploads\/2025\/07\/copertine-2-1024x410.png 1024w, https:\/\/japanmatsuri.org\/wp-content\/uploads\/2025\/07\/copertine-2-768x307.png 768w, https:\/\/japanmatsuri.org\/wp-content\/uploads\/2025\/07\/copertine-2-1536x614.png 1536w, https:\/\/japanmatsuri.org\/wp-content\/uploads\/2025\/07\/copertine-2-18x7.png 18w\" sizes=\"(max-width: 1750px) 100vw, 1750px\" \/>\t\t\t\t\t\t\t\t\t\t\t\t\t\t\t<\/div>\n\t\t\t\t<\/div>\n\t\t\t\t\t<\/div>\n\t\t\t\t<\/div>\n\t\t<div class=\"elementor-element elementor-element-e585c8a e-flex e-con-boxed e-con e-parent\" data-id=\"e585c8a\" data-element_type=\"container\">\n\t\t\t\t\t<div class=\"e-con-inner\">\n\t\t\t\t\t<\/div>\n\t\t\t\t<\/div>\n\t\t<div class=\"elementor-element elementor-element-2eebe6a e-flex e-con-boxed e-con e-parent\" data-id=\"2eebe6a\" data-element_type=\"container\">\n\t\t\t\t\t<div class=\"e-con-inner\">\n\t\t\t\t<div class=\"elementor-element elementor-element-a6cda78 elementor-widget elementor-widget-text-editor\" data-id=\"a6cda78\" data-element_type=\"widget\" data-widget_type=\"text-editor.default\">\n\t\t\t\t<div class=\"elementor-widget-container\">\n\t\t\t\t\t\t\t\t\t<p>Partecipa a un&#8217;esperienza culinaria straordinaria con <b>Trevor Appignani<\/b>, il celebre chef del food truck pi\u00f9 amato del Ticino. Con quasi vent\u2019anni di esperienza nei migliori ristoranti d\u2019Europa, Trevor \u00e8 un perfezionista appassionato della cucina giapponese. La sua attenzione per la qualit\u00e0 e la creativit\u00e0 trasforma ogni piatto in un&#8217;esperienza gastronomica unica.<\/p><p>Durante questo workshop pratico scoprirai i segreti del <b>tonkotsu ramen<\/b>, uno dei piatti pi\u00f9 iconici del Giappone. Imparerai a preparare un brodo denso e saporito, le guarnizioni tradizionali e a bilanciare perfettamente i sapori. Un\u2019occasione imperdibile per chi ama la cucina asiatica e desidera apprendere una <b>ricetta autentica<\/b> direttamente da un maestro.<\/p>\t\t\t\t\t\t\t\t<\/div>\n\t\t\t\t<\/div>\n\t\t\t\t\t<\/div>\n\t\t\t\t<\/div>\n\t\t<div class=\"elementor-element elementor-element-0039596 e-flex e-con-boxed e-con e-parent\" data-id=\"0039596\" data-element_type=\"container\">\n\t\t\t\t\t<div class=\"e-con-inner\">\n\t\t<div class=\"elementor-element elementor-element-dde8116 e-con-full e-flex e-con e-child\" data-id=\"dde8116\" data-element_type=\"container\">\n\t\t\t\t<div class=\"elementor-element elementor-element-ac1a3c2 elementor-widget elementor-widget-text-editor\" data-id=\"ac1a3c2\" data-element_type=\"widget\" data-widget_type=\"text-editor.default\">\n\t\t\t\t<div class=\"elementor-widget-container\">\n\t\t\t\t\t\t\t\t\t<p><b>Data:<\/b> Sabato 20 settembre 2025<br \/><b>Orario:<\/b> 14:30 \u2013 16:00<br \/><b>Luogo:<\/b> Aula cucina<br \/><b>Partecipanti:<\/b> massimo 24<br \/><b>Costo:<\/b> CHF 45<\/p><p><b>Lingua:<\/b> italiano<\/p>\t\t\t\t\t\t\t\t<\/div>\n\t\t\t\t<\/div>\n\t\t\t\t<\/div>\n\t\t<div class=\"elementor-element elementor-element-0216b1d e-flex e-con-boxed e-con e-child\" data-id=\"0216b1d\" data-element_type=\"container\">\n\t\t\t\t\t<div class=\"e-con-inner\">\n\t\t\t\t<div class=\"elementor-element elementor-element-3dbb066 elementor-widget-mobile__width-initial elementor-widget elementor-widget-button\" data-id=\"3dbb066\" data-element_type=\"widget\" data-widget_type=\"button.default\">\n\t\t\t\t<div class=\"elementor-widget-container\">\n\t\t\t\t\t\t\t\t\t<div class=\"elementor-button-wrapper\">\n\t\t\t\t\t<a class=\"elementor-button elementor-button-link elementor-size-sm\" href=\"https:\/\/www.ticketino.com\/it\/event\/japan-matsuri-workshops\/205119\" target=\"_blank\">\n\t\t\t\t\t\t<span class=\"elementor-button-content-wrapper\">\n\t\t\t\t\t\t\t\t\t<span class=\"elementor-button-text\">ISCRIVITI<\/span>\n\t\t\t\t\t<\/span>\n\t\t\t\t\t<\/a>\n\t\t\t\t<\/div>\n\t\t\t\t\t\t\t\t<\/div>\n\t\t\t\t<\/div>\n\t\t\t\t<div class=\"elementor-element elementor-element-54eb402 elementor-widget elementor-widget-button\" data-id=\"54eb402\" data-element_type=\"widget\" data-widget_type=\"button.default\">\n\t\t\t\t<div class=\"elementor-widget-container\">\n\t\t\t\t\t\t\t\t\t<div class=\"elementor-button-wrapper\">\n\t\t\t\t\t<a class=\"elementor-button elementor-button-link elementor-size-sm\" href=\"https:\/\/japanmatsuri.org\/it\/regolamento\/\" target=\"_blank\">\n\t\t\t\t\t\t<span class=\"elementor-button-content-wrapper\">\n\t\t\t\t\t\t\t\t\t<span class=\"elementor-button-text\">REGOLAMENTO<\/span>\n\t\t\t\t\t<\/span>\n\t\t\t\t\t<\/a>\n\t\t\t\t<\/div>\n\t\t\t\t\t\t\t\t<\/div>\n\t\t\t\t<\/div>\n\t\t\t\t\t<\/div>\n\t\t\t\t<\/div>\n\t\t\t\t\t<\/div>\n\t\t\t\t<\/div>\n\t\t<div class=\"elementor-element elementor-element-12e365d e-flex e-con-boxed e-con e-parent\" data-id=\"12e365d\" data-element_type=\"container\">\n\t\t\t\t\t<div class=\"e-con-inner\">\n\t\t\t\t<div class=\"elementor-element elementor-element-8c01af7 elementor-widget elementor-widget-text-editor\" data-id=\"8c01af7\" data-element_type=\"widget\" data-widget_type=\"text-editor.default\">\n\t\t\t\t<div class=\"elementor-widget-container\">\n\t\t\t\t\t\t\t\t\t<p><i>Per accedere all\u2019area workshop, sar\u00e0 necessario indossare il bracciale che verr\u00e0 distribuito all\u2019ingresso del festival. Per facilitare l\u2019accesso, ti consigliamo di acquistare il biglietto del festival online. Le persone con disabilit\u00e0 o mobilit\u00e0 ridotta sono invitate a contattarci in anticipo via email all\u2019indirizzo info@japanmatsuri.org, cos\u00ec da poter organizzare un accesso senza stress.<\/i><\/p>\t\t\t\t\t\t\t\t<\/div>\n\t\t\t\t<\/div>\n\t\t\t\t\t<\/div>\n\t\t\t\t<\/div>\n\t\t<div class=\"elementor-element elementor-element-6181bf4c e-flex e-con-boxed e-con e-parent\" data-id=\"6181bf4c\" data-element_type=\"container\">\n\t\t\t\t\t<div class=\"e-con-inner\">\n\t\t\t\t\t<\/div>\n\t\t\t\t<\/div>\n\t\t\t\t<\/div>\n\t\t","protected":false},"excerpt":{"rendered":"<p>Tonkotsu Ramen Sapori autentici del Giappone Partecipa a un&#8217;esperienza culinaria straordinaria con Trevor Appignani, il celebre chef del food truck pi\u00f9 amato del Ticino. Con quasi vent\u2019anni di esperienza nei migliori ristoranti d\u2019Europa, Trevor \u00e8 un perfezionista appassionato della cucina giapponese. La sua attenzione per la qualit\u00e0 e la creativit\u00e0 trasforma ogni piatto in un&#8217;esperienza [&hellip;]<\/p>\n","protected":false},"author":1,"featured_media":0,"parent":0,"menu_order":0,"comment_status":"closed","ping_status":"closed","template":"","meta":{"footnotes":""},"class_list":["post-1372","page","type-page","status-publish","hentry"],"yoast_head":"<!-- This site is optimized with the Yoast SEO plugin v25.4 - https:\/\/yoast.com\/wordpress\/plugins\/seo\/ -->\n<title>Tonkotsu Ramen - Japan Matsuri - Festival Giapponese Bellinzona<\/title>\n<meta name=\"robots\" content=\"index, follow, max-snippet:-1, max-image-preview:large, max-video-preview:-1\" \/>\n<link rel=\"canonical\" href=\"https:\/\/japanmatsuri.org\/it\/tonkotsu-ramen\/\" \/>\n<meta property=\"og:locale\" content=\"it_IT\" \/>\n<meta property=\"og:type\" content=\"article\" \/>\n<meta property=\"og:title\" content=\"Tonkotsu Ramen - Japan Matsuri - Festival Giapponese Bellinzona\" \/>\n<meta property=\"og:description\" content=\"Tonkotsu Ramen Sapori autentici del Giappone Partecipa a un&#8217;esperienza culinaria straordinaria con Trevor Appignani, il celebre chef del food truck pi\u00f9 amato del Ticino. Con quasi vent\u2019anni di esperienza nei migliori ristoranti d\u2019Europa, Trevor \u00e8 un perfezionista appassionato della cucina giapponese. La sua attenzione per la qualit\u00e0 e la creativit\u00e0 trasforma ogni piatto in un&#8217;esperienza [&hellip;]\" \/>\n<meta property=\"og:url\" content=\"https:\/\/japanmatsuri.org\/it\/tonkotsu-ramen\/\" \/>\n<meta property=\"og:site_name\" content=\"Japan Matsuri - Festival Giapponese Bellinzona\" \/>\n<meta property=\"article:modified_time\" content=\"2025-07-14T17:35:59+00:00\" \/>\n<meta property=\"og:image\" content=\"https:\/\/japanmatsuri.org\/wp-content\/uploads\/2025\/07\/copertine-2.png\" \/>\n\t<meta property=\"og:image:width\" content=\"1750\" \/>\n\t<meta property=\"og:image:height\" content=\"700\" \/>\n\t<meta property=\"og:image:type\" content=\"image\/png\" \/>\n<meta name=\"twitter:card\" content=\"summary_large_image\" \/>\n<meta name=\"twitter:label1\" content=\"Tempo di lettura stimato\" \/>\n\t<meta name=\"twitter:data1\" content=\"1 minuto\" \/>\n<script type=\"application\/ld+json\" class=\"yoast-schema-graph\">{\"@context\":\"https:\/\/schema.org\",\"@graph\":[{\"@type\":\"WebPage\",\"@id\":\"https:\/\/japanmatsuri.org\/tonkotsu-ramen\/\",\"url\":\"https:\/\/japanmatsuri.org\/tonkotsu-ramen\/\",\"name\":\"Tonkotsu Ramen - Japan Matsuri - Festival Giapponese Bellinzona\",\"isPartOf\":{\"@id\":\"https:\/\/japanmatsuri.org\/#website\"},\"primaryImageOfPage\":{\"@id\":\"https:\/\/japanmatsuri.org\/tonkotsu-ramen\/#primaryimage\"},\"image\":{\"@id\":\"https:\/\/japanmatsuri.org\/tonkotsu-ramen\/#primaryimage\"},\"thumbnailUrl\":\"https:\/\/japanmatsuri.org\/wp-content\/uploads\/2025\/07\/copertine-2.png\",\"datePublished\":\"2025-07-14T17:32:17+00:00\",\"dateModified\":\"2025-07-14T17:35:59+00:00\",\"breadcrumb\":{\"@id\":\"https:\/\/japanmatsuri.org\/tonkotsu-ramen\/#breadcrumb\"},\"inLanguage\":\"it-IT\",\"potentialAction\":[{\"@type\":\"ReadAction\",\"target\":[\"https:\/\/japanmatsuri.org\/tonkotsu-ramen\/\"]}]},{\"@type\":\"ImageObject\",\"inLanguage\":\"it-IT\",\"@id\":\"https:\/\/japanmatsuri.org\/tonkotsu-ramen\/#primaryimage\",\"url\":\"https:\/\/japanmatsuri.org\/wp-content\/uploads\/2025\/07\/copertine-2.png\",\"contentUrl\":\"https:\/\/japanmatsuri.org\/wp-content\/uploads\/2025\/07\/copertine-2.png\"},{\"@type\":\"BreadcrumbList\",\"@id\":\"https:\/\/japanmatsuri.org\/tonkotsu-ramen\/#breadcrumb\",\"itemListElement\":[{\"@type\":\"ListItem\",\"position\":1,\"name\":\"Home\",\"item\":\"https:\/\/japanmatsuri.org\/it\/\"},{\"@type\":\"ListItem\",\"position\":2,\"name\":\"Tonkotsu Ramen\"}]},{\"@type\":\"WebSite\",\"@id\":\"https:\/\/japanmatsuri.org\/#website\",\"url\":\"https:\/\/japanmatsuri.org\/\",\"name\":\"Japan Matsuri - Festival Giapponese Bellinzona\",\"description\":\"Festival Giapponese Bellinzona\",\"potentialAction\":[{\"@type\":\"SearchAction\",\"target\":{\"@type\":\"EntryPoint\",\"urlTemplate\":\"https:\/\/japanmatsuri.org\/?s={search_term_string}\"},\"query-input\":{\"@type\":\"PropertyValueSpecification\",\"valueRequired\":true,\"valueName\":\"search_term_string\"}}],\"inLanguage\":\"it-IT\"}]}<\/script>\n<!-- \/ Yoast SEO plugin. -->","yoast_head_json":{"title":"Tonkotsu Ramen - Japan Matsuri - Festival Giapponese Bellinzona","robots":{"index":"index","follow":"follow","max-snippet":"max-snippet:-1","max-image-preview":"max-image-preview:large","max-video-preview":"max-video-preview:-1"},"canonical":"https:\/\/japanmatsuri.org\/it\/tonkotsu-ramen\/","og_locale":"it_IT","og_type":"article","og_title":"Tonkotsu Ramen - Japan Matsuri - Festival Giapponese Bellinzona","og_description":"Tonkotsu Ramen Sapori autentici del Giappone Partecipa a un&#8217;esperienza culinaria straordinaria con Trevor Appignani, il celebre chef del food truck pi\u00f9 amato del Ticino. Con quasi vent\u2019anni di esperienza nei migliori ristoranti d\u2019Europa, Trevor \u00e8 un perfezionista appassionato della cucina giapponese. La sua attenzione per la qualit\u00e0 e la creativit\u00e0 trasforma ogni piatto in un&#8217;esperienza [&hellip;]","og_url":"https:\/\/japanmatsuri.org\/it\/tonkotsu-ramen\/","og_site_name":"Japan Matsuri - Festival Giapponese Bellinzona","article_modified_time":"2025-07-14T17:35:59+00:00","og_image":[{"width":1750,"height":700,"url":"https:\/\/japanmatsuri.org\/wp-content\/uploads\/2025\/07\/copertine-2.png","type":"image\/png"}],"twitter_card":"summary_large_image","twitter_misc":{"Tempo di lettura stimato":"1 minuto"},"schema":{"@context":"https:\/\/schema.org","@graph":[{"@type":"WebPage","@id":"https:\/\/japanmatsuri.org\/tonkotsu-ramen\/","url":"https:\/\/japanmatsuri.org\/tonkotsu-ramen\/","name":"Tonkotsu Ramen - Japan Matsuri - Festival Giapponese Bellinzona","isPartOf":{"@id":"https:\/\/japanmatsuri.org\/#website"},"primaryImageOfPage":{"@id":"https:\/\/japanmatsuri.org\/tonkotsu-ramen\/#primaryimage"},"image":{"@id":"https:\/\/japanmatsuri.org\/tonkotsu-ramen\/#primaryimage"},"thumbnailUrl":"https:\/\/japanmatsuri.org\/wp-content\/uploads\/2025\/07\/copertine-2.png","datePublished":"2025-07-14T17:32:17+00:00","dateModified":"2025-07-14T17:35:59+00:00","breadcrumb":{"@id":"https:\/\/japanmatsuri.org\/tonkotsu-ramen\/#breadcrumb"},"inLanguage":"it-IT","potentialAction":[{"@type":"ReadAction","target":["https:\/\/japanmatsuri.org\/tonkotsu-ramen\/"]}]},{"@type":"ImageObject","inLanguage":"it-IT","@id":"https:\/\/japanmatsuri.org\/tonkotsu-ramen\/#primaryimage","url":"https:\/\/japanmatsuri.org\/wp-content\/uploads\/2025\/07\/copertine-2.png","contentUrl":"https:\/\/japanmatsuri.org\/wp-content\/uploads\/2025\/07\/copertine-2.png"},{"@type":"BreadcrumbList","@id":"https:\/\/japanmatsuri.org\/tonkotsu-ramen\/#breadcrumb","itemListElement":[{"@type":"ListItem","position":1,"name":"Home","item":"https:\/\/japanmatsuri.org\/it\/"},{"@type":"ListItem","position":2,"name":"Tonkotsu Ramen"}]},{"@type":"WebSite","@id":"https:\/\/japanmatsuri.org\/#website","url":"https:\/\/japanmatsuri.org\/","name":"Japan Matsuri - Festival Giapponese Bellinzona","description":"Festival Giapponese Bellinzona","potentialAction":[{"@type":"SearchAction","target":{"@type":"EntryPoint","urlTemplate":"https:\/\/japanmatsuri.org\/?s={search_term_string}"},"query-input":{"@type":"PropertyValueSpecification","valueRequired":true,"valueName":"search_term_string"}}],"inLanguage":"it-IT"}]}},"_links":{"self":[{"href":"https:\/\/japanmatsuri.org\/it\/wp-json\/wp\/v2\/pages\/1372","targetHints":{"allow":["GET"]}}],"collection":[{"href":"https:\/\/japanmatsuri.org\/it\/wp-json\/wp\/v2\/pages"}],"about":[{"href":"https:\/\/japanmatsuri.org\/it\/wp-json\/wp\/v2\/types\/page"}],"author":[{"embeddable":true,"href":"https:\/\/japanmatsuri.org\/it\/wp-json\/wp\/v2\/users\/1"}],"replies":[{"embeddable":true,"href":"https:\/\/japanmatsuri.org\/it\/wp-json\/wp\/v2\/comments?post=1372"}],"version-history":[{"count":4,"href":"https:\/\/japanmatsuri.org\/it\/wp-json\/wp\/v2\/pages\/1372\/revisions"}],"predecessor-version":[{"id":1377,"href":"https:\/\/japanmatsuri.org\/it\/wp-json\/wp\/v2\/pages\/1372\/revisions\/1377"}],"wp:attachment":[{"href":"https:\/\/japanmatsuri.org\/it\/wp-json\/wp\/v2\/media?parent=1372"}],"curies":[{"name":"wp","href":"https:\/\/api.w.org\/{rel}","templated":true}]}}