{"id":1394,"date":"2025-07-21T17:21:44","date_gmt":"2025-07-21T16:21:44","guid":{"rendered":"https:\/\/japanmatsuri.org\/it\/?page_id=1394"},"modified":"2025-07-21T17:28:58","modified_gmt":"2025-07-21T16:28:58","slug":"ki-il-movimento-interno","status":"publish","type":"page","link":"https:\/\/japanmatsuri.org\/it\/ki-il-movimento-interno\/","title":{"rendered":"ki Il movimento interno"},"content":{"rendered":"\t\t<div data-elementor-type=\"wp-page\" data-elementor-id=\"1394\" class=\"elementor elementor-1394\" data-elementor-post-type=\"page\">\n\t\t\t\t<div class=\"elementor-element elementor-element-57b7edd7 e-flex e-con-boxed e-con e-parent\" data-id=\"57b7edd7\" data-element_type=\"container\">\n\t\t\t\t\t<div class=\"e-con-inner\">\n\t\t\t\t<div class=\"elementor-element elementor-element-616cf0dd elementor-widget elementor-widget-heading\" data-id=\"616cf0dd\" data-element_type=\"widget\" data-widget_type=\"heading.default\">\n\t\t\t\t<div class=\"elementor-widget-container\">\n\t\t\t\t\t<h1 class=\"elementor-heading-title elementor-size-default\">Ki, l\u2019energia del respiro<\/h1>\t\t\t\t<\/div>\n\t\t\t\t<\/div>\n\t\t\t\t<div class=\"elementor-element elementor-element-a748482 elementor-widget elementor-widget-heading\" data-id=\"a748482\" data-element_type=\"widget\" data-widget_type=\"heading.default\">\n\t\t\t\t<div class=\"elementor-widget-container\">\n\t\t\t\t\t<h2 class=\"elementor-heading-title elementor-size-default\">Il movimento interno<\/h2>\t\t\t\t<\/div>\n\t\t\t\t<\/div>\n\t\t\t\t\t<\/div>\n\t\t\t\t<\/div>\n\t\t<div class=\"elementor-element elementor-element-1d80bad5 e-flex e-con-boxed e-con e-parent\" data-id=\"1d80bad5\" data-element_type=\"container\">\n\t\t\t\t\t<div class=\"e-con-inner\">\n\t\t\t\t<div class=\"elementor-element elementor-element-734813c elementor-widget elementor-widget-image\" data-id=\"734813c\" data-element_type=\"widget\" data-widget_type=\"image.default\">\n\t\t\t\t<div class=\"elementor-widget-container\">\n\t\t\t\t\t\t\t\t\t\t\t\t\t\t\t<img fetchpriority=\"high\" decoding=\"async\" width=\"1750\" height=\"700\" src=\"https:\/\/japanmatsuri.org\/wp-content\/uploads\/2025\/06\/4.png\" class=\"attachment-full size-full wp-image-900\" alt=\"\" srcset=\"https:\/\/japanmatsuri.org\/wp-content\/uploads\/2025\/06\/4.png 1750w, https:\/\/japanmatsuri.org\/wp-content\/uploads\/2025\/06\/4-300x120.png 300w, https:\/\/japanmatsuri.org\/wp-content\/uploads\/2025\/06\/4-1024x410.png 1024w, https:\/\/japanmatsuri.org\/wp-content\/uploads\/2025\/06\/4-768x307.png 768w, https:\/\/japanmatsuri.org\/wp-content\/uploads\/2025\/06\/4-1536x614.png 1536w, https:\/\/japanmatsuri.org\/wp-content\/uploads\/2025\/06\/4-18x7.png 18w\" sizes=\"(max-width: 1750px) 100vw, 1750px\" \/>\t\t\t\t\t\t\t\t\t\t\t\t\t\t\t<\/div>\n\t\t\t\t<\/div>\n\t\t\t\t\t<\/div>\n\t\t\t\t<\/div>\n\t\t<div class=\"elementor-element elementor-element-531494e e-flex e-con-boxed e-con e-parent\" data-id=\"531494e\" data-element_type=\"container\">\n\t\t\t\t\t<div class=\"e-con-inner\">\n\t\t\t\t\t<\/div>\n\t\t\t\t<\/div>\n\t\t<div class=\"elementor-element elementor-element-67e9704 e-flex e-con-boxed e-con e-parent\" data-id=\"67e9704\" data-element_type=\"container\">\n\t\t\t\t\t<div class=\"e-con-inner\">\n\t\t\t\t<div class=\"elementor-element elementor-element-df8c106 elementor-widget elementor-widget-text-editor\" data-id=\"df8c106\" data-element_type=\"widget\" data-widget_type=\"text-editor.default\">\n\t\t\t\t<div class=\"elementor-widget-container\">\n\t\t\t\t\t\t\t\t\t<p>In questo workshop potrai fare esperienza delle tecniche di respiro che permettono di incrementare l\u2019energia Ki e facilitarne il suo fluire interno. Questo favorir\u00e0 sia una maggiore connessione con noi stessi, sia il dissolversi delle tensioni interne per ritrovare uno stato di benessere globale.<\/p><p>Come sostiene il maestro Nishino il termine \u201cKi\u201d, secondo l\u2019antica tradizione giapponese, indica l\u2019energia vitale. Nella lingua giapponese gli ideogrammi \u201cvivere\u201d e \u201crespirare\u201d hanno lo stesso suono e si pronunciano \u201ciki\u201d. In altre parole, essere vivi significa respirare. Ripetendo l\u2019ideogramma vivere \u201ciki\u201d si ha l\u2019espressione \u201ciki-iki\u201d, che vuol dire vigoroso o energico, ma letteralmente significa respirazione molto attiva. Coltivare il Ki attraverso il respiro permette quindi di coltivare l\u2019energia vitale.<\/p><p>L\u2019<strong>Associazione Yag\u014d<\/strong>, con sede nel Luganese, nasce per diffondere gli antichi insegnamenti orientali del respiro. Yag\u014d \u00e8 un termine storico giapponese che sta a indicare una Casa di pratica, cio\u00e8, nella filosofia tradizionale, un luogo privilegiato nel quale condividere una pratica o un\u2019arte.<\/p>\t\t\t\t\t\t\t\t<\/div>\n\t\t\t\t<\/div>\n\t\t\t\t\t<\/div>\n\t\t\t\t<\/div>\n\t\t<div class=\"elementor-element elementor-element-602ab44 e-flex e-con-boxed e-con e-parent\" data-id=\"602ab44\" data-element_type=\"container\">\n\t\t\t\t\t<div class=\"e-con-inner\">\n\t\t<div class=\"elementor-element elementor-element-8047f40 e-con-full e-flex e-con e-child\" data-id=\"8047f40\" data-element_type=\"container\">\n\t\t\t\t<div class=\"elementor-element elementor-element-0151595 elementor-widget elementor-widget-text-editor\" data-id=\"0151595\" data-element_type=\"widget\" data-widget_type=\"text-editor.default\">\n\t\t\t\t<div class=\"elementor-widget-container\">\n\t\t\t\t\t\t\t\t\t<p><strong>Data<\/strong>: Sabato 20 settembre 2025<br \/><strong>Orario<\/strong>: 11:00 \u2013 12:00<br \/><strong>Luogo<\/strong>: Esterno<br \/><strong>Partecipanti<\/strong>: massimo 20<br \/><strong>Costo<\/strong>: 15 CHF<br \/><strong>Materiali per la pratica<\/strong>: abbigliamento comodo, materassino o coperta, cuscino.<\/p><p><strong>Lingua<\/strong>: italiano<\/p>\t\t\t\t\t\t\t\t<\/div>\n\t\t\t\t<\/div>\n\t\t\t\t<\/div>\n\t\t<div class=\"elementor-element elementor-element-7bf8729 e-flex e-con-boxed e-con e-child\" data-id=\"7bf8729\" data-element_type=\"container\">\n\t\t\t\t\t<div class=\"e-con-inner\">\n\t\t\t\t<div class=\"elementor-element elementor-element-d1bc2e4 elementor-widget-mobile__width-initial elementor-widget elementor-widget-button\" data-id=\"d1bc2e4\" data-element_type=\"widget\" data-widget_type=\"button.default\">\n\t\t\t\t<div class=\"elementor-widget-container\">\n\t\t\t\t\t\t\t\t\t<div class=\"elementor-button-wrapper\">\n\t\t\t\t\t<a class=\"elementor-button elementor-button-link elementor-size-sm\" href=\"https:\/\/www.ticketino.com\/it\/event\/japan-matsuri-workshops\/205119\" target=\"_blank\">\n\t\t\t\t\t\t<span class=\"elementor-button-content-wrapper\">\n\t\t\t\t\t\t\t\t\t<span class=\"elementor-button-text\">ISCRIVITI<\/span>\n\t\t\t\t\t<\/span>\n\t\t\t\t\t<\/a>\n\t\t\t\t<\/div>\n\t\t\t\t\t\t\t\t<\/div>\n\t\t\t\t<\/div>\n\t\t\t\t<div class=\"elementor-element elementor-element-c0c0c72 elementor-widget elementor-widget-button\" data-id=\"c0c0c72\" data-element_type=\"widget\" data-widget_type=\"button.default\">\n\t\t\t\t<div class=\"elementor-widget-container\">\n\t\t\t\t\t\t\t\t\t<div class=\"elementor-button-wrapper\">\n\t\t\t\t\t<a class=\"elementor-button elementor-button-link elementor-size-sm\" href=\"https:\/\/japanmatsuri.org\/it\/regolamento\/\" target=\"_blank\">\n\t\t\t\t\t\t<span class=\"elementor-button-content-wrapper\">\n\t\t\t\t\t\t\t\t\t<span class=\"elementor-button-text\">REGOLAMENTO<\/span>\n\t\t\t\t\t<\/span>\n\t\t\t\t\t<\/a>\n\t\t\t\t<\/div>\n\t\t\t\t\t\t\t\t<\/div>\n\t\t\t\t<\/div>\n\t\t\t\t\t<\/div>\n\t\t\t\t<\/div>\n\t\t\t\t\t<\/div>\n\t\t\t\t<\/div>\n\t\t<div class=\"elementor-element elementor-element-88032e3 e-flex e-con-boxed e-con e-parent\" data-id=\"88032e3\" data-element_type=\"container\">\n\t\t\t\t\t<div class=\"e-con-inner\">\n\t\t\t\t<div class=\"elementor-element elementor-element-1ee5368 elementor-widget elementor-widget-text-editor\" data-id=\"1ee5368\" data-element_type=\"widget\" data-widget_type=\"text-editor.default\">\n\t\t\t\t<div class=\"elementor-widget-container\">\n\t\t\t\t\t\t\t\t\t<p><i>Per accedere all\u2019area workshop, sar\u00e0 necessario indossare il bracciale che verr\u00e0 distribuito all\u2019ingresso del festival. Per facilitare l\u2019accesso, ti consigliamo di acquistare il biglietto del festival online. Le persone con disabilit\u00e0 o mobilit\u00e0 ridotta sono invitate a contattarci in anticipo via email all\u2019indirizzo info@japanmatsuri.org, cos\u00ec da poter organizzare un accesso senza stress.<\/i><\/p>\t\t\t\t\t\t\t\t<\/div>\n\t\t\t\t<\/div>\n\t\t\t\t\t<\/div>\n\t\t\t\t<\/div>\n\t\t<div class=\"elementor-element elementor-element-1326f17a e-flex e-con-boxed e-con e-parent\" data-id=\"1326f17a\" data-element_type=\"container\">\n\t\t\t\t\t<div class=\"e-con-inner\">\n\t\t\t\t\t<\/div>\n\t\t\t\t<\/div>\n\t\t\t\t<\/div>\n\t\t","protected":false},"excerpt":{"rendered":"<p>Ki, l\u2019energia del respiro Il movimento interno In questo workshop potrai fare esperienza delle tecniche di respiro che permettono di incrementare l\u2019energia Ki e facilitarne il suo fluire interno. Questo favorir\u00e0 sia una maggiore connessione con noi stessi, sia il dissolversi delle tensioni interne per ritrovare uno stato di benessere globale. Come sostiene il maestro [&hellip;]<\/p>\n","protected":false},"author":1,"featured_media":0,"parent":0,"menu_order":0,"comment_status":"closed","ping_status":"closed","template":"","meta":{"footnotes":""},"class_list":["post-1394","page","type-page","status-publish","hentry"],"yoast_head":"<!-- This site is optimized with the Yoast SEO plugin v25.4 - https:\/\/yoast.com\/wordpress\/plugins\/seo\/ -->\n<title>ki Il movimento interno - Japan Matsuri - Festival Giapponese Bellinzona<\/title>\n<meta name=\"robots\" content=\"index, follow, max-snippet:-1, max-image-preview:large, max-video-preview:-1\" \/>\n<link rel=\"canonical\" href=\"https:\/\/japanmatsuri.org\/it\/ki-il-movimento-interno\/\" \/>\n<meta property=\"og:locale\" content=\"it_IT\" \/>\n<meta property=\"og:type\" content=\"article\" \/>\n<meta property=\"og:title\" content=\"ki Il movimento interno - Japan Matsuri - Festival Giapponese Bellinzona\" \/>\n<meta property=\"og:description\" content=\"Ki, l\u2019energia del respiro Il movimento interno In questo workshop potrai fare esperienza delle tecniche di respiro che permettono di incrementare l\u2019energia Ki e facilitarne il suo fluire interno. Questo favorir\u00e0 sia una maggiore connessione con noi stessi, sia il dissolversi delle tensioni interne per ritrovare uno stato di benessere globale. Come sostiene il maestro [&hellip;]\" \/>\n<meta property=\"og:url\" content=\"https:\/\/japanmatsuri.org\/it\/ki-il-movimento-interno\/\" \/>\n<meta property=\"og:site_name\" content=\"Japan Matsuri - Festival Giapponese Bellinzona\" \/>\n<meta property=\"article:modified_time\" content=\"2025-07-21T16:28:58+00:00\" \/>\n<meta property=\"og:image\" content=\"https:\/\/japanmatsuri.org\/wp-content\/uploads\/2025\/06\/4.png\" \/>\n\t<meta property=\"og:image:width\" content=\"1750\" \/>\n\t<meta property=\"og:image:height\" content=\"700\" \/>\n\t<meta property=\"og:image:type\" content=\"image\/png\" \/>\n<meta name=\"twitter:card\" content=\"summary_large_image\" \/>\n<meta name=\"twitter:label1\" content=\"Tempo di lettura stimato\" \/>\n\t<meta name=\"twitter:data1\" content=\"1 minuto\" \/>\n<script type=\"application\/ld+json\" class=\"yoast-schema-graph\">{\"@context\":\"https:\/\/schema.org\",\"@graph\":[{\"@type\":\"WebPage\",\"@id\":\"https:\/\/japanmatsuri.org\/ki-il-movimento-interno\/\",\"url\":\"https:\/\/japanmatsuri.org\/ki-il-movimento-interno\/\",\"name\":\"ki Il movimento interno - Japan Matsuri - Festival Giapponese Bellinzona\",\"isPartOf\":{\"@id\":\"https:\/\/japanmatsuri.org\/#website\"},\"primaryImageOfPage\":{\"@id\":\"https:\/\/japanmatsuri.org\/ki-il-movimento-interno\/#primaryimage\"},\"image\":{\"@id\":\"https:\/\/japanmatsuri.org\/ki-il-movimento-interno\/#primaryimage\"},\"thumbnailUrl\":\"https:\/\/japanmatsuri.org\/wp-content\/uploads\/2025\/06\/4.png\",\"datePublished\":\"2025-07-21T16:21:44+00:00\",\"dateModified\":\"2025-07-21T16:28:58+00:00\",\"breadcrumb\":{\"@id\":\"https:\/\/japanmatsuri.org\/ki-il-movimento-interno\/#breadcrumb\"},\"inLanguage\":\"it-IT\",\"potentialAction\":[{\"@type\":\"ReadAction\",\"target\":[\"https:\/\/japanmatsuri.org\/ki-il-movimento-interno\/\"]}]},{\"@type\":\"ImageObject\",\"inLanguage\":\"it-IT\",\"@id\":\"https:\/\/japanmatsuri.org\/ki-il-movimento-interno\/#primaryimage\",\"url\":\"https:\/\/japanmatsuri.org\/wp-content\/uploads\/2025\/06\/4.png\",\"contentUrl\":\"https:\/\/japanmatsuri.org\/wp-content\/uploads\/2025\/06\/4.png\"},{\"@type\":\"BreadcrumbList\",\"@id\":\"https:\/\/japanmatsuri.org\/ki-il-movimento-interno\/#breadcrumb\",\"itemListElement\":[{\"@type\":\"ListItem\",\"position\":1,\"name\":\"Home\",\"item\":\"https:\/\/japanmatsuri.org\/it\/\"},{\"@type\":\"ListItem\",\"position\":2,\"name\":\"ki Il movimento interno\"}]},{\"@type\":\"WebSite\",\"@id\":\"https:\/\/japanmatsuri.org\/#website\",\"url\":\"https:\/\/japanmatsuri.org\/\",\"name\":\"Japan Matsuri - Festival Giapponese Bellinzona\",\"description\":\"Festival Giapponese Bellinzona\",\"potentialAction\":[{\"@type\":\"SearchAction\",\"target\":{\"@type\":\"EntryPoint\",\"urlTemplate\":\"https:\/\/japanmatsuri.org\/?s={search_term_string}\"},\"query-input\":{\"@type\":\"PropertyValueSpecification\",\"valueRequired\":true,\"valueName\":\"search_term_string\"}}],\"inLanguage\":\"it-IT\"}]}<\/script>\n<!-- \/ Yoast SEO plugin. -->","yoast_head_json":{"title":"ki Il movimento interno - Japan Matsuri - Festival Giapponese Bellinzona","robots":{"index":"index","follow":"follow","max-snippet":"max-snippet:-1","max-image-preview":"max-image-preview:large","max-video-preview":"max-video-preview:-1"},"canonical":"https:\/\/japanmatsuri.org\/it\/ki-il-movimento-interno\/","og_locale":"it_IT","og_type":"article","og_title":"ki Il movimento interno - Japan Matsuri - Festival Giapponese Bellinzona","og_description":"Ki, l\u2019energia del respiro Il movimento interno In questo workshop potrai fare esperienza delle tecniche di respiro che permettono di incrementare l\u2019energia Ki e facilitarne il suo fluire interno. Questo favorir\u00e0 sia una maggiore connessione con noi stessi, sia il dissolversi delle tensioni interne per ritrovare uno stato di benessere globale. Come sostiene il maestro [&hellip;]","og_url":"https:\/\/japanmatsuri.org\/it\/ki-il-movimento-interno\/","og_site_name":"Japan Matsuri - Festival Giapponese Bellinzona","article_modified_time":"2025-07-21T16:28:58+00:00","og_image":[{"width":1750,"height":700,"url":"https:\/\/japanmatsuri.org\/wp-content\/uploads\/2025\/06\/4.png","type":"image\/png"}],"twitter_card":"summary_large_image","twitter_misc":{"Tempo di lettura stimato":"1 minuto"},"schema":{"@context":"https:\/\/schema.org","@graph":[{"@type":"WebPage","@id":"https:\/\/japanmatsuri.org\/ki-il-movimento-interno\/","url":"https:\/\/japanmatsuri.org\/ki-il-movimento-interno\/","name":"ki Il movimento interno - Japan Matsuri - Festival Giapponese Bellinzona","isPartOf":{"@id":"https:\/\/japanmatsuri.org\/#website"},"primaryImageOfPage":{"@id":"https:\/\/japanmatsuri.org\/ki-il-movimento-interno\/#primaryimage"},"image":{"@id":"https:\/\/japanmatsuri.org\/ki-il-movimento-interno\/#primaryimage"},"thumbnailUrl":"https:\/\/japanmatsuri.org\/wp-content\/uploads\/2025\/06\/4.png","datePublished":"2025-07-21T16:21:44+00:00","dateModified":"2025-07-21T16:28:58+00:00","breadcrumb":{"@id":"https:\/\/japanmatsuri.org\/ki-il-movimento-interno\/#breadcrumb"},"inLanguage":"it-IT","potentialAction":[{"@type":"ReadAction","target":["https:\/\/japanmatsuri.org\/ki-il-movimento-interno\/"]}]},{"@type":"ImageObject","inLanguage":"it-IT","@id":"https:\/\/japanmatsuri.org\/ki-il-movimento-interno\/#primaryimage","url":"https:\/\/japanmatsuri.org\/wp-content\/uploads\/2025\/06\/4.png","contentUrl":"https:\/\/japanmatsuri.org\/wp-content\/uploads\/2025\/06\/4.png"},{"@type":"BreadcrumbList","@id":"https:\/\/japanmatsuri.org\/ki-il-movimento-interno\/#breadcrumb","itemListElement":[{"@type":"ListItem","position":1,"name":"Home","item":"https:\/\/japanmatsuri.org\/it\/"},{"@type":"ListItem","position":2,"name":"ki Il movimento interno"}]},{"@type":"WebSite","@id":"https:\/\/japanmatsuri.org\/#website","url":"https:\/\/japanmatsuri.org\/","name":"Japan Matsuri - Festival Giapponese Bellinzona","description":"Festival Giapponese Bellinzona","potentialAction":[{"@type":"SearchAction","target":{"@type":"EntryPoint","urlTemplate":"https:\/\/japanmatsuri.org\/?s={search_term_string}"},"query-input":{"@type":"PropertyValueSpecification","valueRequired":true,"valueName":"search_term_string"}}],"inLanguage":"it-IT"}]}},"_links":{"self":[{"href":"https:\/\/japanmatsuri.org\/it\/wp-json\/wp\/v2\/pages\/1394","targetHints":{"allow":["GET"]}}],"collection":[{"href":"https:\/\/japanmatsuri.org\/it\/wp-json\/wp\/v2\/pages"}],"about":[{"href":"https:\/\/japanmatsuri.org\/it\/wp-json\/wp\/v2\/types\/page"}],"author":[{"embeddable":true,"href":"https:\/\/japanmatsuri.org\/it\/wp-json\/wp\/v2\/users\/1"}],"replies":[{"embeddable":true,"href":"https:\/\/japanmatsuri.org\/it\/wp-json\/wp\/v2\/comments?post=1394"}],"version-history":[{"count":4,"href":"https:\/\/japanmatsuri.org\/it\/wp-json\/wp\/v2\/pages\/1394\/revisions"}],"predecessor-version":[{"id":1399,"href":"https:\/\/japanmatsuri.org\/it\/wp-json\/wp\/v2\/pages\/1394\/revisions\/1399"}],"wp:attachment":[{"href":"https:\/\/japanmatsuri.org\/it\/wp-json\/wp\/v2\/media?parent=1394"}],"curies":[{"name":"wp","href":"https:\/\/api.w.org\/{rel}","templated":true}]}}