{"id":1475,"date":"2025-08-02T14:35:20","date_gmt":"2025-08-02T13:35:20","guid":{"rendered":"https:\/\/japanmatsuri.org\/it\/?page_id=1475"},"modified":"2025-08-02T14:36:12","modified_gmt":"2025-08-02T13:36:12","slug":"onidaiko","status":"publish","type":"page","link":"https:\/\/japanmatsuri.org\/it\/onidaiko\/","title":{"rendered":"Onidaiko"},"content":{"rendered":"\t\t<div data-elementor-type=\"wp-page\" data-elementor-id=\"1475\" class=\"elementor elementor-1475\" data-elementor-post-type=\"page\">\n\t\t\t\t<div class=\"elementor-element elementor-element-603e2b04 e-flex e-con-boxed e-con e-parent\" data-id=\"603e2b04\" data-element_type=\"container\">\n\t\t\t\t\t<div class=\"e-con-inner\">\n\t\t\t\t<div class=\"elementor-element elementor-element-7b3db6c2 elementor-widget elementor-widget-heading\" data-id=\"7b3db6c2\" data-element_type=\"widget\" data-widget_type=\"heading.default\">\n\t\t\t\t<div class=\"elementor-widget-container\">\n\t\t\t\t\t<h1 class=\"elementor-heading-title elementor-size-default\">Onidaiko<\/h1>\t\t\t\t<\/div>\n\t\t\t\t<\/div>\n\t\t\t\t<div class=\"elementor-element elementor-element-539f21a elementor-widget elementor-widget-heading\" data-id=\"539f21a\" data-element_type=\"widget\" data-widget_type=\"heading.default\">\n\t\t\t\t<div class=\"elementor-widget-container\">\n\t\t\t\t\t<h2 class=\"elementor-heading-title elementor-size-default\">La Danza Sacra degli Oni di Sado<\/h2>\t\t\t\t<\/div>\n\t\t\t\t<\/div>\n\t\t\t\t\t<\/div>\n\t\t\t\t<\/div>\n\t\t<div class=\"elementor-element elementor-element-ed331bf e-flex e-con-boxed e-con e-parent\" data-id=\"ed331bf\" data-element_type=\"container\">\n\t\t\t\t\t<div class=\"e-con-inner\">\n\t\t\t\t<div class=\"elementor-element elementor-element-7af7121 elementor-widget elementor-widget-text-editor\" data-id=\"7af7121\" data-element_type=\"widget\" data-widget_type=\"text-editor.default\">\n\t\t\t\t<div class=\"elementor-widget-container\">\n\t\t\t\t\t\t\t\t\t<p>Dall\u2019isola di Sado, terra intrisa di antiche tradizioni e di un profondo patrimonio spirituale, arrivano i Kasuga Onigumi. Per la prima volta in Svizzera, questo straordinario gruppo presenta l\u2019<b>Onidaiko<\/b>, noto anche come <b>Ondeko<\/b>: la danza rituale sacra degli <b>Oni<\/b>.<\/p>\t\t\t\t\t\t\t\t<\/div>\n\t\t\t\t<\/div>\n\t\t\t\t<div class=\"elementor-element elementor-element-bec5659 elementor-widget elementor-widget-image\" data-id=\"bec5659\" data-element_type=\"widget\" data-widget_type=\"image.default\">\n\t\t\t\t<div class=\"elementor-widget-container\">\n\t\t\t\t\t\t\t\t\t\t\t\t\t\t\t<img fetchpriority=\"high\" decoding=\"async\" width=\"800\" height=\"606\" src=\"https:\/\/japanmatsuri.org\/wp-content\/uploads\/2025\/08\/DSC06352-1024x776.jpg\" class=\"attachment-large size-large wp-image-1477\" alt=\"\" srcset=\"https:\/\/japanmatsuri.org\/wp-content\/uploads\/2025\/08\/DSC06352-1024x776.jpg 1024w, https:\/\/japanmatsuri.org\/wp-content\/uploads\/2025\/08\/DSC06352-300x227.jpg 300w, https:\/\/japanmatsuri.org\/wp-content\/uploads\/2025\/08\/DSC06352-768x582.jpg 768w, https:\/\/japanmatsuri.org\/wp-content\/uploads\/2025\/08\/DSC06352-1536x1164.jpg 1536w, https:\/\/japanmatsuri.org\/wp-content\/uploads\/2025\/08\/DSC06352-16x12.jpg 16w, https:\/\/japanmatsuri.org\/wp-content\/uploads\/2025\/08\/DSC06352.jpg 2000w\" sizes=\"(max-width: 800px) 100vw, 800px\" \/>\t\t\t\t\t\t\t\t\t\t\t\t\t\t\t<\/div>\n\t\t\t\t<\/div>\n\t\t\t\t\t<\/div>\n\t\t\t\t<\/div>\n\t\t<div class=\"elementor-element elementor-element-879d9d6 e-flex e-con-boxed e-con e-parent\" data-id=\"879d9d6\" data-element_type=\"container\">\n\t\t\t\t\t<div class=\"e-con-inner\">\n\t\t\t\t<div class=\"elementor-element elementor-element-c2f88ca elementor-widget elementor-widget-text-editor\" data-id=\"c2f88ca\" data-element_type=\"widget\" data-widget_type=\"text-editor.default\">\n\t\t\t\t<div class=\"elementor-widget-container\">\n\t\t\t\t\t\t\t\t\t<p>Quest\u2019arte potente e secolare viene tramandata da oltre trecento anni. La versione proposta dai Kasuga Onigumi fu coreografata all\u2019inizio del XVIII secolo dal celebre attore di teatro Noh <b>Ukyokiyofusa Homma<\/b>, la cui eredit\u00e0 ha dato origine a una delle tradizioni di Onidaiko pi\u00f9 venerate dell\u2019isola di Sado. L\u2019Onidaiko fonde i ritmi fragorosi dei tamburi <b>Taiko<\/b> con una coreografia altamente simbolica e maschere espressive. Non \u00e8 solo una performance: \u00e8 un atto cerimoniale che purifica, protegge e celebra l\u2019armonia tra l\u2019essere umano, la natura e il divino.<\/p><p>Sull\u2019isola di Sado, l\u2019<b>Oni<\/b> non \u00e8 visto come un demone in senso negativo o malvagio. Al contrario, \u00e8 venerato come incarnazione di una divinit\u00e0, simbolo di potere sacro e protezione. Rappresenta forza spirituale, purifica le case, protegge i villaggi e garantisce raccolti abbondanti.<\/p><p>Ogni movimento, ogni suono, ogni maschera ha un significato profondo. Insieme, raccontano la storia di un popolo profondamente legato alle proprie radici e orgoglioso di una tradizione viva che continua con forza e grazia.<\/p>\t\t\t\t\t\t\t\t<\/div>\n\t\t\t\t<\/div>\n\t\t\t\t<div class=\"elementor-element elementor-element-f50b044 elementor-widget elementor-widget-image\" data-id=\"f50b044\" data-element_type=\"widget\" data-widget_type=\"image.default\">\n\t\t\t\t<div class=\"elementor-widget-container\">\n\t\t\t\t\t\t\t\t\t\t\t\t\t\t\t<img decoding=\"async\" width=\"800\" height=\"533\" src=\"https:\/\/japanmatsuri.org\/wp-content\/uploads\/2025\/08\/yh20210414_0035-912-1024x682.jpg\" class=\"attachment-large size-large wp-image-1478\" alt=\"\" srcset=\"https:\/\/japanmatsuri.org\/wp-content\/uploads\/2025\/08\/yh20210414_0035-912-1024x682.jpg 1024w, https:\/\/japanmatsuri.org\/wp-content\/uploads\/2025\/08\/yh20210414_0035-912-300x200.jpg 300w, https:\/\/japanmatsuri.org\/wp-content\/uploads\/2025\/08\/yh20210414_0035-912-768x512.jpg 768w, https:\/\/japanmatsuri.org\/wp-content\/uploads\/2025\/08\/yh20210414_0035-912-1536x1024.jpg 1536w, https:\/\/japanmatsuri.org\/wp-content\/uploads\/2025\/08\/yh20210414_0035-912-18x12.jpg 18w, https:\/\/japanmatsuri.org\/wp-content\/uploads\/2025\/08\/yh20210414_0035-912.jpg 2000w\" sizes=\"(max-width: 800px) 100vw, 800px\" \/>\t\t\t\t\t\t\t\t\t\t\t\t\t\t\t<\/div>\n\t\t\t\t<\/div>\n\t\t\t\t<div class=\"elementor-element elementor-element-b4d1b20 elementor-widget elementor-widget-text-editor\" data-id=\"b4d1b20\" data-element_type=\"widget\" data-widget_type=\"text-editor.default\">\n\t\t\t\t<div class=\"elementor-widget-container\">\n\t\t\t\t\t\t\t\t\t<p><b>Kasuga Onigumi<\/b> \u00e8 uno dei pi\u00f9 di cento gruppi di Onidaiko attivi oggi sull\u2019isola di Sado. Ogni gruppo custodisce uno stile unico e una propria interpretazione spirituale, contribuendo alla ricchezza e alla diversit\u00e0 di questo patrimonio culturale vivente.<\/p><p>Dopo lo spettacolo, i visitatori sono invitati a partecipare a un laboratorio che si terr\u00e0 sabato e domenica. Un\u2019occasione rara per apprendere i movimenti fondamentali dell\u2019Onidaiko direttamente dai membri dei Kasuga Onigumi. Il workshop \u00e8 aperto a tutti e offre un\u2019opportunit\u00e0 unica di entrare in contatto diretto con questa straordinaria tradizione.<\/p><p>Non \u00e8 semplicemente uno spettacolo: \u00e8 un incontro culturale, un raro sguardo nel cuore spirituale del Giappone.<\/p>\t\t\t\t\t\t\t\t<\/div>\n\t\t\t\t<\/div>\n\t\t\t\t\t<\/div>\n\t\t\t\t<\/div>\n\t\t<div class=\"elementor-element elementor-element-ef89e2f e-flex e-con-boxed e-con e-parent\" data-id=\"ef89e2f\" data-element_type=\"container\">\n\t\t\t\t\t<div class=\"e-con-inner\">\n\t\t<div class=\"elementor-element elementor-element-30f1d2f e-con-full e-flex e-con e-child\" data-id=\"30f1d2f\" data-element_type=\"container\">\n\t\t\t\t<div class=\"elementor-element elementor-element-c135a59 elementor-widget elementor-widget-text-editor\" data-id=\"c135a59\" data-element_type=\"widget\" data-widget_type=\"text-editor.default\">\n\t\t\t\t<div class=\"elementor-widget-container\">\n\t\t\t\t\t\t\t\t\t<p><b>Sabato 20 settembre<\/b><b><br \/><\/b> <b>Esibizioni sul palco:<\/b><b><br \/><\/b> \u2013 13:30 (nell\u2019ambito della cerimonia ufficiale di apertura)<br \/>\u2013 18:00<\/p><p><b>Workshop con donazione libera:<\/b><b><br \/><\/b> \u2013 15:00 \u2013 16:30<br \/><b>Luogo: <\/b>Area Workshop Esterna<\/p>\t\t\t\t\t\t\t\t<\/div>\n\t\t\t\t<\/div>\n\t\t\t\t<\/div>\n\t\t<div class=\"elementor-element elementor-element-c41a42d e-con-full e-flex e-con e-child\" data-id=\"c41a42d\" data-element_type=\"container\">\n\t\t\t\t<div class=\"elementor-element elementor-element-775040a elementor-widget elementor-widget-text-editor\" data-id=\"775040a\" data-element_type=\"widget\" data-widget_type=\"text-editor.default\">\n\t\t\t\t<div class=\"elementor-widget-container\">\n\t\t\t\t\t\t\t\t\t<p><b>Domenica 21 settembre<\/b><b><br \/><\/b> <b>Esibizione sul palco:<\/b><b><br \/><\/b> \u2013 13:00<\/p><p><b>Workshop con donazione libera:<\/b><b><br \/><\/b> \u2013 15:30 \u2013 17:00<br \/><b>Luogo: <\/b>Area Workshop Esterna<\/p>\t\t\t\t\t\t\t\t<\/div>\n\t\t\t\t<\/div>\n\t\t\t\t<\/div>\n\t\t\t\t\t<\/div>\n\t\t\t\t<\/div>\n\t\t<div class=\"elementor-element elementor-element-2e73584b e-flex e-con-boxed e-con e-parent\" data-id=\"2e73584b\" data-element_type=\"container\">\n\t\t\t\t\t<div class=\"e-con-inner\">\n\t\t\t\t\t<\/div>\n\t\t\t\t<\/div>\n\t\t\t\t<\/div>\n\t\t","protected":false},"excerpt":{"rendered":"<p>Onidaiko La Danza Sacra degli Oni di Sado Dall\u2019isola di Sado, terra intrisa di antiche tradizioni e di un profondo patrimonio spirituale, arrivano i Kasuga Onigumi. Per la prima volta in Svizzera, questo straordinario gruppo presenta l\u2019Onidaiko, noto anche come Ondeko: la danza rituale sacra degli Oni. Quest\u2019arte potente e secolare viene tramandata da oltre [&hellip;]<\/p>\n","protected":false},"author":1,"featured_media":0,"parent":0,"menu_order":0,"comment_status":"closed","ping_status":"closed","template":"","meta":{"footnotes":""},"class_list":["post-1475","page","type-page","status-publish","hentry"],"yoast_head":"<!-- This site is optimized with the Yoast SEO plugin v25.4 - https:\/\/yoast.com\/wordpress\/plugins\/seo\/ -->\n<title>Onidaiko - Japan Matsuri - Festival Giapponese Bellinzona<\/title>\n<meta name=\"robots\" content=\"index, follow, max-snippet:-1, max-image-preview:large, max-video-preview:-1\" \/>\n<link rel=\"canonical\" href=\"https:\/\/japanmatsuri.org\/it\/onidaiko\/\" \/>\n<meta property=\"og:locale\" content=\"it_IT\" \/>\n<meta property=\"og:type\" content=\"article\" \/>\n<meta property=\"og:title\" content=\"Onidaiko - Japan Matsuri - Festival Giapponese Bellinzona\" \/>\n<meta property=\"og:description\" content=\"Onidaiko La Danza Sacra degli Oni di Sado Dall\u2019isola di Sado, terra intrisa di antiche tradizioni e di un profondo patrimonio spirituale, arrivano i Kasuga Onigumi. Per la prima volta in Svizzera, questo straordinario gruppo presenta l\u2019Onidaiko, noto anche come Ondeko: la danza rituale sacra degli Oni. Quest\u2019arte potente e secolare viene tramandata da oltre [&hellip;]\" \/>\n<meta property=\"og:url\" content=\"https:\/\/japanmatsuri.org\/it\/onidaiko\/\" \/>\n<meta property=\"og:site_name\" content=\"Japan Matsuri - Festival Giapponese Bellinzona\" \/>\n<meta property=\"article:modified_time\" content=\"2025-08-02T13:36:12+00:00\" \/>\n<meta property=\"og:image\" content=\"https:\/\/japanmatsuri.org\/wp-content\/uploads\/2025\/08\/DSC06352.jpg\" \/>\n\t<meta property=\"og:image:width\" content=\"2000\" \/>\n\t<meta property=\"og:image:height\" content=\"1516\" \/>\n\t<meta property=\"og:image:type\" content=\"image\/jpeg\" \/>\n<meta name=\"twitter:card\" content=\"summary_large_image\" \/>\n<meta name=\"twitter:label1\" content=\"Tempo di lettura stimato\" \/>\n\t<meta name=\"twitter:data1\" content=\"2 minuti\" \/>\n<script type=\"application\/ld+json\" class=\"yoast-schema-graph\">{\"@context\":\"https:\/\/schema.org\",\"@graph\":[{\"@type\":\"WebPage\",\"@id\":\"https:\/\/japanmatsuri.org\/it\/onidaiko\/\",\"url\":\"https:\/\/japanmatsuri.org\/it\/onidaiko\/\",\"name\":\"Onidaiko - Japan Matsuri - Festival Giapponese Bellinzona\",\"isPartOf\":{\"@id\":\"https:\/\/japanmatsuri.org\/#website\"},\"primaryImageOfPage\":{\"@id\":\"https:\/\/japanmatsuri.org\/it\/onidaiko\/#primaryimage\"},\"image\":{\"@id\":\"https:\/\/japanmatsuri.org\/it\/onidaiko\/#primaryimage\"},\"thumbnailUrl\":\"https:\/\/japanmatsuri.org\/wp-content\/uploads\/2025\/08\/DSC06352-1024x776.jpg\",\"datePublished\":\"2025-08-02T13:35:20+00:00\",\"dateModified\":\"2025-08-02T13:36:12+00:00\",\"breadcrumb\":{\"@id\":\"https:\/\/japanmatsuri.org\/it\/onidaiko\/#breadcrumb\"},\"inLanguage\":\"it-IT\",\"potentialAction\":[{\"@type\":\"ReadAction\",\"target\":[\"https:\/\/japanmatsuri.org\/it\/onidaiko\/\"]}]},{\"@type\":\"ImageObject\",\"inLanguage\":\"it-IT\",\"@id\":\"https:\/\/japanmatsuri.org\/it\/onidaiko\/#primaryimage\",\"url\":\"https:\/\/japanmatsuri.org\/wp-content\/uploads\/2025\/08\/DSC06352-1024x776.jpg\",\"contentUrl\":\"https:\/\/japanmatsuri.org\/wp-content\/uploads\/2025\/08\/DSC06352-1024x776.jpg\"},{\"@type\":\"BreadcrumbList\",\"@id\":\"https:\/\/japanmatsuri.org\/it\/onidaiko\/#breadcrumb\",\"itemListElement\":[{\"@type\":\"ListItem\",\"position\":1,\"name\":\"Home\",\"item\":\"https:\/\/japanmatsuri.org\/it\/\"},{\"@type\":\"ListItem\",\"position\":2,\"name\":\"Onidaiko\"}]},{\"@type\":\"WebSite\",\"@id\":\"https:\/\/japanmatsuri.org\/#website\",\"url\":\"https:\/\/japanmatsuri.org\/\",\"name\":\"Japan Matsuri - Festival Giapponese Bellinzona\",\"description\":\"Festival Giapponese Bellinzona\",\"potentialAction\":[{\"@type\":\"SearchAction\",\"target\":{\"@type\":\"EntryPoint\",\"urlTemplate\":\"https:\/\/japanmatsuri.org\/?s={search_term_string}\"},\"query-input\":{\"@type\":\"PropertyValueSpecification\",\"valueRequired\":true,\"valueName\":\"search_term_string\"}}],\"inLanguage\":\"it-IT\"}]}<\/script>\n<!-- \/ Yoast SEO plugin. -->","yoast_head_json":{"title":"Onidaiko - Japan Matsuri - Festival Giapponese Bellinzona","robots":{"index":"index","follow":"follow","max-snippet":"max-snippet:-1","max-image-preview":"max-image-preview:large","max-video-preview":"max-video-preview:-1"},"canonical":"https:\/\/japanmatsuri.org\/it\/onidaiko\/","og_locale":"it_IT","og_type":"article","og_title":"Onidaiko - Japan Matsuri - Festival Giapponese Bellinzona","og_description":"Onidaiko La Danza Sacra degli Oni di Sado Dall\u2019isola di Sado, terra intrisa di antiche tradizioni e di un profondo patrimonio spirituale, arrivano i Kasuga Onigumi. Per la prima volta in Svizzera, questo straordinario gruppo presenta l\u2019Onidaiko, noto anche come Ondeko: la danza rituale sacra degli Oni. Quest\u2019arte potente e secolare viene tramandata da oltre [&hellip;]","og_url":"https:\/\/japanmatsuri.org\/it\/onidaiko\/","og_site_name":"Japan Matsuri - Festival Giapponese Bellinzona","article_modified_time":"2025-08-02T13:36:12+00:00","og_image":[{"width":2000,"height":1516,"url":"https:\/\/japanmatsuri.org\/wp-content\/uploads\/2025\/08\/DSC06352.jpg","type":"image\/jpeg"}],"twitter_card":"summary_large_image","twitter_misc":{"Tempo di lettura stimato":"2 minuti"},"schema":{"@context":"https:\/\/schema.org","@graph":[{"@type":"WebPage","@id":"https:\/\/japanmatsuri.org\/it\/onidaiko\/","url":"https:\/\/japanmatsuri.org\/it\/onidaiko\/","name":"Onidaiko - Japan Matsuri - Festival Giapponese Bellinzona","isPartOf":{"@id":"https:\/\/japanmatsuri.org\/#website"},"primaryImageOfPage":{"@id":"https:\/\/japanmatsuri.org\/it\/onidaiko\/#primaryimage"},"image":{"@id":"https:\/\/japanmatsuri.org\/it\/onidaiko\/#primaryimage"},"thumbnailUrl":"https:\/\/japanmatsuri.org\/wp-content\/uploads\/2025\/08\/DSC06352-1024x776.jpg","datePublished":"2025-08-02T13:35:20+00:00","dateModified":"2025-08-02T13:36:12+00:00","breadcrumb":{"@id":"https:\/\/japanmatsuri.org\/it\/onidaiko\/#breadcrumb"},"inLanguage":"it-IT","potentialAction":[{"@type":"ReadAction","target":["https:\/\/japanmatsuri.org\/it\/onidaiko\/"]}]},{"@type":"ImageObject","inLanguage":"it-IT","@id":"https:\/\/japanmatsuri.org\/it\/onidaiko\/#primaryimage","url":"https:\/\/japanmatsuri.org\/wp-content\/uploads\/2025\/08\/DSC06352-1024x776.jpg","contentUrl":"https:\/\/japanmatsuri.org\/wp-content\/uploads\/2025\/08\/DSC06352-1024x776.jpg"},{"@type":"BreadcrumbList","@id":"https:\/\/japanmatsuri.org\/it\/onidaiko\/#breadcrumb","itemListElement":[{"@type":"ListItem","position":1,"name":"Home","item":"https:\/\/japanmatsuri.org\/it\/"},{"@type":"ListItem","position":2,"name":"Onidaiko"}]},{"@type":"WebSite","@id":"https:\/\/japanmatsuri.org\/#website","url":"https:\/\/japanmatsuri.org\/","name":"Japan Matsuri - Festival Giapponese Bellinzona","description":"Festival Giapponese Bellinzona","potentialAction":[{"@type":"SearchAction","target":{"@type":"EntryPoint","urlTemplate":"https:\/\/japanmatsuri.org\/?s={search_term_string}"},"query-input":{"@type":"PropertyValueSpecification","valueRequired":true,"valueName":"search_term_string"}}],"inLanguage":"it-IT"}]}},"_links":{"self":[{"href":"https:\/\/japanmatsuri.org\/it\/wp-json\/wp\/v2\/pages\/1475","targetHints":{"allow":["GET"]}}],"collection":[{"href":"https:\/\/japanmatsuri.org\/it\/wp-json\/wp\/v2\/pages"}],"about":[{"href":"https:\/\/japanmatsuri.org\/it\/wp-json\/wp\/v2\/types\/page"}],"author":[{"embeddable":true,"href":"https:\/\/japanmatsuri.org\/it\/wp-json\/wp\/v2\/users\/1"}],"replies":[{"embeddable":true,"href":"https:\/\/japanmatsuri.org\/it\/wp-json\/wp\/v2\/comments?post=1475"}],"version-history":[{"count":4,"href":"https:\/\/japanmatsuri.org\/it\/wp-json\/wp\/v2\/pages\/1475\/revisions"}],"predecessor-version":[{"id":1481,"href":"https:\/\/japanmatsuri.org\/it\/wp-json\/wp\/v2\/pages\/1475\/revisions\/1481"}],"wp:attachment":[{"href":"https:\/\/japanmatsuri.org\/it\/wp-json\/wp\/v2\/media?parent=1475"}],"curies":[{"name":"wp","href":"https:\/\/api.w.org\/{rel}","templated":true}]}}