{"id":1494,"date":"2025-08-02T15:46:54","date_gmt":"2025-08-02T14:46:54","guid":{"rendered":"https:\/\/japanmatsuri.org\/it\/?page_id=1494"},"modified":"2025-08-02T16:27:04","modified_gmt":"2025-08-02T15:27:04","slug":"cristina-d-avena","status":"publish","type":"page","link":"https:\/\/japanmatsuri.org\/it\/cristina-d-avena\/","title":{"rendered":"Cristina D&#8217;Avena"},"content":{"rendered":"\t\t<div data-elementor-type=\"wp-page\" data-elementor-id=\"1494\" class=\"elementor elementor-1494\" data-elementor-post-type=\"page\">\n\t\t\t\t<div class=\"elementor-element elementor-element-311d80e6 e-flex e-con-boxed e-con e-parent\" data-id=\"311d80e6\" data-element_type=\"container\">\n\t\t\t\t\t<div class=\"e-con-inner\">\n\t\t\t\t<div class=\"elementor-element elementor-element-6e8f93cd elementor-widget elementor-widget-heading\" data-id=\"6e8f93cd\" data-element_type=\"widget\" data-widget_type=\"heading.default\">\n\t\t\t\t<div class=\"elementor-widget-container\">\n\t\t\t\t\t<h1 class=\"elementor-heading-title elementor-size-default\">Cristina D'Avena<\/h1>\t\t\t\t<\/div>\n\t\t\t\t<\/div>\n\t\t\t\t\t<\/div>\n\t\t\t\t<\/div>\n\t\t<div class=\"elementor-element elementor-element-988aefd e-flex e-con-boxed e-con e-parent\" data-id=\"988aefd\" data-element_type=\"container\">\n\t\t\t\t\t<div class=\"e-con-inner\">\n\t\t<div class=\"elementor-element elementor-element-feea9c7 e-con-full e-flex e-con e-child\" data-id=\"feea9c7\" data-element_type=\"container\">\n\t\t\t\t<div class=\"elementor-element elementor-element-cf066cc elementor-widget elementor-widget-image\" data-id=\"cf066cc\" data-element_type=\"widget\" data-widget_type=\"image.default\">\n\t\t\t\t<div class=\"elementor-widget-container\">\n\t\t\t\t\t\t\t\t\t\t\t\t\t\t\t<img decoding=\"async\" src=\"https:\/\/japanmatsuri.org\/wp-content\/uploads\/2025\/08\/cristina_2025.png\" title=\"cristina_2025\" alt=\"cristina_2025\" loading=\"lazy\" \/>\t\t\t\t\t\t\t\t\t\t\t\t\t\t\t<\/div>\n\t\t\t\t<\/div>\n\t\t\t\t<\/div>\n\t\t<div class=\"elementor-element elementor-element-d371171 e-con-full e-flex e-con e-child\" data-id=\"d371171\" data-element_type=\"container\">\n\t\t\t\t<div class=\"elementor-element elementor-element-313c71d elementor-widget elementor-widget-text-editor\" data-id=\"313c71d\" data-element_type=\"widget\" data-widget_type=\"text-editor.default\">\n\t\t\t\t<div class=\"elementor-widget-container\">\n\t\t\t\t\t\t\t\t\t<p>Preparati a vivere un\u2019esperienza indimenticabile:<strong> Cristina D\u2019Avena<\/strong>, la regina delle sigle dei cartoni animati, torna a emozionarci con un imperdibile <strong>live show domenica 21 settembre alle 16:30<\/strong>!<\/p><p>Dalle canzoni che hanno fatto cantare intere generazioni alle produzioni pi\u00f9 recenti, il suo spettacolo \u00e8 un mix perfetto di emozioni, musica e coinvolgimento. Uno show che accender\u00e0 il palco con tutta l\u2019energia e la magia della voce che ha fatto cantare milioni di fan.<\/p><p>E non \u00e8 tutto: dalle ore <strong>17:30<\/strong>, subito dopo lo spettacolo, ci sar\u00e0 uno speciale <strong>Meet &amp; Greet<\/strong>. Cristina D\u2019Avena incontrer\u00e0 il pubblico per una sessione esclusiva di foto e autografi. Un\u2019occasione imperdibile per conoscere dal vivo un\u2019icona della musica e della televisione italiana.<\/p><p>Non perdere questo evento straordinario: una festa per tutti, dove la musica e i ricordi si incontrano con la voglia di cantare ancora una volta, tutti insieme.<\/p>\t\t\t\t\t\t\t\t<\/div>\n\t\t\t\t<\/div>\n\t\t\t\t<\/div>\n\t\t\t\t\t<\/div>\n\t\t\t\t<\/div>\n\t\t<div class=\"elementor-element elementor-element-3a1d415 e-flex e-con-boxed e-con e-parent\" data-id=\"3a1d415\" data-element_type=\"container\">\n\t\t\t\t\t<div class=\"e-con-inner\">\n\t\t\t\t<div class=\"elementor-element elementor-element-17e0260 elementor-widget elementor-widget-text-editor\" data-id=\"17e0260\" data-element_type=\"widget\" data-widget_type=\"text-editor.default\">\n\t\t\t\t<div class=\"elementor-widget-container\">\n\t\t\t\t\t\t\t\t\t<p><strong>Meet &amp; Greet<\/strong><\/p><p>Il Meet &amp; Greet si terr\u00e0 nel Padiglione E\u00a0 domenica 21 settembre dalle 17:30 alle 19:00.<\/p>\t\t\t\t\t\t\t\t<\/div>\n\t\t\t\t<\/div>\n\t\t\t\t\t<\/div>\n\t\t\t\t<\/div>\n\t\t<div class=\"elementor-element elementor-element-f075cf0 e-flex e-con-boxed e-con e-parent\" data-id=\"f075cf0\" data-element_type=\"container\">\n\t\t\t\t\t<div class=\"e-con-inner\">\n\t\t\t\t<div class=\"elementor-element elementor-element-10f9aee elementor-widget elementor-widget-text-editor\" data-id=\"10f9aee\" data-element_type=\"widget\" data-widget_type=\"text-editor.default\">\n\t\t\t\t<div class=\"elementor-widget-container\">\n\t\t\t\t\t\t\t\t\t<p><i>Per accedere all\u2019area, sar\u00e0 necessario indossare il bracciale che verr\u00e0 distribuito all\u2019ingresso del festival. Per facilitare l\u2019accesso, ti consigliamo di acquistare il biglietto del festival online. Le persone con disabilit\u00e0 o mobilit\u00e0 ridotta sono invitate a contattarci in anticipo via email all\u2019indirizzo info@japanmatsuri.org, cos\u00ec da poter organizzare un accesso senza stress.<\/i><\/p>\t\t\t\t\t\t\t\t<\/div>\n\t\t\t\t<\/div>\n\t\t\t\t\t<\/div>\n\t\t\t\t<\/div>\n\t\t<div class=\"elementor-element elementor-element-317721eb e-flex e-con-boxed e-con e-parent\" data-id=\"317721eb\" data-element_type=\"container\">\n\t\t\t\t\t<div class=\"e-con-inner\">\n\t\t\t\t\t<\/div>\n\t\t\t\t<\/div>\n\t\t\t\t<\/div>\n\t\t","protected":false},"excerpt":{"rendered":"<p>Cristina D&#8217;Avena Preparati a vivere un\u2019esperienza indimenticabile: Cristina D\u2019Avena, la regina delle sigle dei cartoni animati, torna a emozionarci con un imperdibile live show domenica 21 settembre alle 16:30! Dalle canzoni che hanno fatto cantare intere generazioni alle produzioni pi\u00f9 recenti, il suo spettacolo \u00e8 un mix perfetto di emozioni, musica e coinvolgimento. Uno show [&hellip;]<\/p>\n","protected":false},"author":1,"featured_media":0,"parent":0,"menu_order":0,"comment_status":"closed","ping_status":"closed","template":"","meta":{"footnotes":""},"class_list":["post-1494","page","type-page","status-publish","hentry"],"yoast_head":"<!-- This site is optimized with the Yoast SEO plugin v25.4 - https:\/\/yoast.com\/wordpress\/plugins\/seo\/ -->\n<title>Cristina D&#039;Avena - Japan Matsuri - Festival Giapponese Bellinzona<\/title>\n<meta name=\"robots\" content=\"index, follow, max-snippet:-1, max-image-preview:large, max-video-preview:-1\" \/>\n<link rel=\"canonical\" href=\"https:\/\/japanmatsuri.org\/it\/cristina-d-avena\/\" \/>\n<meta property=\"og:locale\" content=\"it_IT\" \/>\n<meta property=\"og:type\" content=\"article\" \/>\n<meta property=\"og:title\" content=\"Cristina D&#039;Avena - Japan Matsuri - Festival Giapponese Bellinzona\" \/>\n<meta property=\"og:description\" content=\"Cristina D&#8217;Avena Preparati a vivere un\u2019esperienza indimenticabile: Cristina D\u2019Avena, la regina delle sigle dei cartoni animati, torna a emozionarci con un imperdibile live show domenica 21 settembre alle 16:30! Dalle canzoni che hanno fatto cantare intere generazioni alle produzioni pi\u00f9 recenti, il suo spettacolo \u00e8 un mix perfetto di emozioni, musica e coinvolgimento. Uno show [&hellip;]\" \/>\n<meta property=\"og:url\" content=\"https:\/\/japanmatsuri.org\/it\/cristina-d-avena\/\" \/>\n<meta property=\"og:site_name\" content=\"Japan Matsuri - Festival Giapponese Bellinzona\" \/>\n<meta property=\"article:modified_time\" content=\"2025-08-02T15:27:04+00:00\" \/>\n<meta property=\"og:image\" content=\"https:\/\/japanmatsuri.org\/wp-content\/uploads\/2025\/08\/cristina_2025.png\" \/>\n<meta name=\"twitter:card\" content=\"summary_large_image\" \/>\n<meta name=\"twitter:label1\" content=\"Tempo di lettura stimato\" \/>\n\t<meta name=\"twitter:data1\" content=\"1 minuto\" \/>\n<script type=\"application\/ld+json\" class=\"yoast-schema-graph\">{\"@context\":\"https:\/\/schema.org\",\"@graph\":[{\"@type\":\"WebPage\",\"@id\":\"https:\/\/japanmatsuri.org\/it\/cristina-d-avena\/\",\"url\":\"https:\/\/japanmatsuri.org\/it\/cristina-d-avena\/\",\"name\":\"Cristina D'Avena - Japan Matsuri - Festival Giapponese Bellinzona\",\"isPartOf\":{\"@id\":\"https:\/\/japanmatsuri.org\/#website\"},\"primaryImageOfPage\":{\"@id\":\"https:\/\/japanmatsuri.org\/it\/cristina-d-avena\/#primaryimage\"},\"image\":{\"@id\":\"https:\/\/japanmatsuri.org\/it\/cristina-d-avena\/#primaryimage\"},\"thumbnailUrl\":\"https:\/\/japanmatsuri.org\/wp-content\/uploads\/2025\/08\/cristina_2025.png\",\"datePublished\":\"2025-08-02T14:46:54+00:00\",\"dateModified\":\"2025-08-02T15:27:04+00:00\",\"breadcrumb\":{\"@id\":\"https:\/\/japanmatsuri.org\/it\/cristina-d-avena\/#breadcrumb\"},\"inLanguage\":\"it-IT\",\"potentialAction\":[{\"@type\":\"ReadAction\",\"target\":[\"https:\/\/japanmatsuri.org\/it\/cristina-d-avena\/\"]}]},{\"@type\":\"ImageObject\",\"inLanguage\":\"it-IT\",\"@id\":\"https:\/\/japanmatsuri.org\/it\/cristina-d-avena\/#primaryimage\",\"url\":\"https:\/\/japanmatsuri.org\/wp-content\/uploads\/2025\/08\/cristina_2025.png\",\"contentUrl\":\"https:\/\/japanmatsuri.org\/wp-content\/uploads\/2025\/08\/cristina_2025.png\"},{\"@type\":\"BreadcrumbList\",\"@id\":\"https:\/\/japanmatsuri.org\/it\/cristina-d-avena\/#breadcrumb\",\"itemListElement\":[{\"@type\":\"ListItem\",\"position\":1,\"name\":\"Home\",\"item\":\"https:\/\/japanmatsuri.org\/it\/\"},{\"@type\":\"ListItem\",\"position\":2,\"name\":\"Cristina D&#8217;Avena\"}]},{\"@type\":\"WebSite\",\"@id\":\"https:\/\/japanmatsuri.org\/#website\",\"url\":\"https:\/\/japanmatsuri.org\/\",\"name\":\"Japan Matsuri - Festival Giapponese Bellinzona\",\"description\":\"Festival Giapponese Bellinzona\",\"potentialAction\":[{\"@type\":\"SearchAction\",\"target\":{\"@type\":\"EntryPoint\",\"urlTemplate\":\"https:\/\/japanmatsuri.org\/?s={search_term_string}\"},\"query-input\":{\"@type\":\"PropertyValueSpecification\",\"valueRequired\":true,\"valueName\":\"search_term_string\"}}],\"inLanguage\":\"it-IT\"}]}<\/script>\n<!-- \/ Yoast SEO plugin. -->","yoast_head_json":{"title":"Cristina D'Avena - Japan Matsuri - Festival Giapponese Bellinzona","robots":{"index":"index","follow":"follow","max-snippet":"max-snippet:-1","max-image-preview":"max-image-preview:large","max-video-preview":"max-video-preview:-1"},"canonical":"https:\/\/japanmatsuri.org\/it\/cristina-d-avena\/","og_locale":"it_IT","og_type":"article","og_title":"Cristina D'Avena - Japan Matsuri - Festival Giapponese Bellinzona","og_description":"Cristina D&#8217;Avena Preparati a vivere un\u2019esperienza indimenticabile: Cristina D\u2019Avena, la regina delle sigle dei cartoni animati, torna a emozionarci con un imperdibile live show domenica 21 settembre alle 16:30! Dalle canzoni che hanno fatto cantare intere generazioni alle produzioni pi\u00f9 recenti, il suo spettacolo \u00e8 un mix perfetto di emozioni, musica e coinvolgimento. Uno show [&hellip;]","og_url":"https:\/\/japanmatsuri.org\/it\/cristina-d-avena\/","og_site_name":"Japan Matsuri - Festival Giapponese Bellinzona","article_modified_time":"2025-08-02T15:27:04+00:00","og_image":[{"url":"https:\/\/japanmatsuri.org\/wp-content\/uploads\/2025\/08\/cristina_2025.png","type":"","width":"","height":""}],"twitter_card":"summary_large_image","twitter_misc":{"Tempo di lettura stimato":"1 minuto"},"schema":{"@context":"https:\/\/schema.org","@graph":[{"@type":"WebPage","@id":"https:\/\/japanmatsuri.org\/it\/cristina-d-avena\/","url":"https:\/\/japanmatsuri.org\/it\/cristina-d-avena\/","name":"Cristina D'Avena - Japan Matsuri - Festival Giapponese Bellinzona","isPartOf":{"@id":"https:\/\/japanmatsuri.org\/#website"},"primaryImageOfPage":{"@id":"https:\/\/japanmatsuri.org\/it\/cristina-d-avena\/#primaryimage"},"image":{"@id":"https:\/\/japanmatsuri.org\/it\/cristina-d-avena\/#primaryimage"},"thumbnailUrl":"https:\/\/japanmatsuri.org\/wp-content\/uploads\/2025\/08\/cristina_2025.png","datePublished":"2025-08-02T14:46:54+00:00","dateModified":"2025-08-02T15:27:04+00:00","breadcrumb":{"@id":"https:\/\/japanmatsuri.org\/it\/cristina-d-avena\/#breadcrumb"},"inLanguage":"it-IT","potentialAction":[{"@type":"ReadAction","target":["https:\/\/japanmatsuri.org\/it\/cristina-d-avena\/"]}]},{"@type":"ImageObject","inLanguage":"it-IT","@id":"https:\/\/japanmatsuri.org\/it\/cristina-d-avena\/#primaryimage","url":"https:\/\/japanmatsuri.org\/wp-content\/uploads\/2025\/08\/cristina_2025.png","contentUrl":"https:\/\/japanmatsuri.org\/wp-content\/uploads\/2025\/08\/cristina_2025.png"},{"@type":"BreadcrumbList","@id":"https:\/\/japanmatsuri.org\/it\/cristina-d-avena\/#breadcrumb","itemListElement":[{"@type":"ListItem","position":1,"name":"Home","item":"https:\/\/japanmatsuri.org\/it\/"},{"@type":"ListItem","position":2,"name":"Cristina D&#8217;Avena"}]},{"@type":"WebSite","@id":"https:\/\/japanmatsuri.org\/#website","url":"https:\/\/japanmatsuri.org\/","name":"Japan Matsuri - Festival Giapponese Bellinzona","description":"Festival Giapponese Bellinzona","potentialAction":[{"@type":"SearchAction","target":{"@type":"EntryPoint","urlTemplate":"https:\/\/japanmatsuri.org\/?s={search_term_string}"},"query-input":{"@type":"PropertyValueSpecification","valueRequired":true,"valueName":"search_term_string"}}],"inLanguage":"it-IT"}]}},"_links":{"self":[{"href":"https:\/\/japanmatsuri.org\/it\/wp-json\/wp\/v2\/pages\/1494","targetHints":{"allow":["GET"]}}],"collection":[{"href":"https:\/\/japanmatsuri.org\/it\/wp-json\/wp\/v2\/pages"}],"about":[{"href":"https:\/\/japanmatsuri.org\/it\/wp-json\/wp\/v2\/types\/page"}],"author":[{"embeddable":true,"href":"https:\/\/japanmatsuri.org\/it\/wp-json\/wp\/v2\/users\/1"}],"replies":[{"embeddable":true,"href":"https:\/\/japanmatsuri.org\/it\/wp-json\/wp\/v2\/comments?post=1494"}],"version-history":[{"count":7,"href":"https:\/\/japanmatsuri.org\/it\/wp-json\/wp\/v2\/pages\/1494\/revisions"}],"predecessor-version":[{"id":1516,"href":"https:\/\/japanmatsuri.org\/it\/wp-json\/wp\/v2\/pages\/1494\/revisions\/1516"}],"wp:attachment":[{"href":"https:\/\/japanmatsuri.org\/it\/wp-json\/wp\/v2\/media?parent=1494"}],"curies":[{"name":"wp","href":"https:\/\/api.w.org\/{rel}","templated":true}]}}