{"id":1785,"date":"2025-08-23T13:46:24","date_gmt":"2025-08-23T12:46:24","guid":{"rendered":"https:\/\/japanmatsuri.org\/it\/?page_id=1785"},"modified":"2025-08-23T13:57:50","modified_gmt":"2025-08-23T12:57:50","slug":"giochi-da-tavolo","status":"publish","type":"page","link":"https:\/\/japanmatsuri.org\/it\/giochi-da-tavolo\/","title":{"rendered":"Giochi da Tavolo"},"content":{"rendered":"\t\t<div data-elementor-type=\"wp-page\" data-elementor-id=\"1785\" class=\"elementor elementor-1785\" data-elementor-post-type=\"page\">\n\t\t\t\t<div class=\"elementor-element elementor-element-2ebbe617 e-flex e-con-boxed e-con e-parent\" data-id=\"2ebbe617\" data-element_type=\"container\">\n\t\t\t\t\t<div class=\"e-con-inner\">\n\t\t\t\t<div class=\"elementor-element elementor-element-241f797 elementor-widget elementor-widget-heading\" data-id=\"241f797\" data-element_type=\"widget\" data-widget_type=\"heading.default\">\n\t\t\t\t<div class=\"elementor-widget-container\">\n\t\t\t\t\t<h1 class=\"elementor-heading-title elementor-size-default\">Giochi da Tavolo<\/h1>\t\t\t\t<\/div>\n\t\t\t\t<\/div>\n\t\t\t\t\t<\/div>\n\t\t\t\t<\/div>\n\t\t<div class=\"elementor-element elementor-element-54a1b07 e-flex e-con-boxed e-con e-parent\" data-id=\"54a1b07\" data-element_type=\"container\">\n\t\t\t\t\t<div class=\"e-con-inner\">\n\t\t\t\t<div class=\"elementor-element elementor-element-082999c elementor-widget elementor-widget-image\" data-id=\"082999c\" data-element_type=\"widget\" data-widget_type=\"image.default\">\n\t\t\t\t<div class=\"elementor-widget-container\">\n\t\t\t\t\t\t\t\t\t\t\t\t\t\t\t<img fetchpriority=\"high\" decoding=\"async\" width=\"1750\" height=\"700\" src=\"https:\/\/japanmatsuri.org\/wp-content\/uploads\/2025\/08\/giochi.png\" class=\"attachment-full size-full wp-image-1787\" alt=\"\" srcset=\"https:\/\/japanmatsuri.org\/wp-content\/uploads\/2025\/08\/giochi.png 1750w, https:\/\/japanmatsuri.org\/wp-content\/uploads\/2025\/08\/giochi-300x120.png 300w, https:\/\/japanmatsuri.org\/wp-content\/uploads\/2025\/08\/giochi-1024x410.png 1024w, https:\/\/japanmatsuri.org\/wp-content\/uploads\/2025\/08\/giochi-768x307.png 768w, https:\/\/japanmatsuri.org\/wp-content\/uploads\/2025\/08\/giochi-1536x614.png 1536w, https:\/\/japanmatsuri.org\/wp-content\/uploads\/2025\/08\/giochi-18x7.png 18w\" sizes=\"(max-width: 1750px) 100vw, 1750px\" \/>\t\t\t\t\t\t\t\t\t\t\t\t\t\t\t<\/div>\n\t\t\t\t<\/div>\n\t\t\t\t\t<\/div>\n\t\t\t\t<\/div>\n\t\t<div class=\"elementor-element elementor-element-613ccd7 e-flex e-con-boxed e-con e-parent\" data-id=\"613ccd7\" data-element_type=\"container\">\n\t\t\t\t\t<div class=\"e-con-inner\">\n\t\t\t\t<div class=\"elementor-element elementor-element-5dace02 elementor-widget elementor-widget-text-editor\" data-id=\"5dace02\" data-element_type=\"widget\" data-widget_type=\"text-editor.default\">\n\t\t\t\t<div class=\"elementor-widget-container\">\n\t\t\t\t\t\t\t\t\t<p>Il Japan Matsuri offre ai visitatori l\u2019opportunit\u00e0 di esplorare il mondo dei giochi da tavolo, di carte e di miniature: un\u2019esperienza che unisce intrattenimento, strategia e socialit\u00e0.<\/p><p>Grazie alla collaborazione con diverse associazioni e realt\u00e0 del territorio, il festival propone un\u2019ampia gamma di attivit\u00e0, pensate sia per i giocatori pi\u00f9 esperti sia per chi desidera avvicinarsi per la prima volta a questo universo.<\/p>\t\t\t\t\t\t\t\t<\/div>\n\t\t\t\t<\/div>\n\t\t\t\t\t<\/div>\n\t\t\t\t<\/div>\n\t\t<div class=\"elementor-element elementor-element-634d581 e-flex e-con-boxed e-con e-parent\" data-id=\"634d581\" data-element_type=\"container\">\n\t\t\t\t\t<div class=\"e-con-inner\">\n\t\t\t\t<div class=\"elementor-element elementor-element-e4778b7 elementor-widget elementor-widget-text-editor\" data-id=\"e4778b7\" data-element_type=\"widget\" data-widget_type=\"text-editor.default\">\n\t\t\t\t<div class=\"elementor-widget-container\">\n\t\t\t\t\t\t\t\t\t<p><b>Giochintavola<\/b><b><br \/><\/b> Associazione impegnata nella promozione e diffusione del gioco da tavolo, presenter\u00e0 titoli moderni e coinvolgenti, inclusi giochi a tema giapponese e opere di autori nipponici. L\u2019obiettivo \u00e8 stimolare la mente e favorire la condivisione, offrendo un\u2019alternativa culturale e sociale di grande valore.<\/p><p><b>Lo Stregatto \u2013 I Giochi<\/b><b><br \/><\/b> Nata come libreria per ragazzi a Locarno, \u00e8 oggi anche un punto di riferimento per giochi di societ\u00e0, carte e miniature. Al Japan Matsuri proporr\u00e0 una selezione di titoli, tra cui i celebri Trading Card Game <i>One Piece<\/i> e <i>Gundam<\/i>, oltre a numerosi altri giochi di autori giapponesi e internazionali.<\/p>\t\t\t\t\t\t\t\t<\/div>\n\t\t\t\t<\/div>\n\t\t\t\t<div class=\"elementor-element elementor-element-ee11720 elementor-widget elementor-widget-text-editor\" data-id=\"ee11720\" data-element_type=\"widget\" data-widget_type=\"text-editor.default\">\n\t\t\t\t<div class=\"elementor-widget-container\">\n\t\t\t\t\t\t\t\t\t<p><b>Neuromante Ticino<\/b><b><br \/><\/b> Associazione che promuove il gioco come strumento di aggregazione e crescita sociale. Con particolare attenzione ai giovani, propone attivit\u00e0 mirate a ridurre la dipendenza dal digitale e a favorire esperienze reali e condivise. La partecipazione al Japan Matsuri rappresenta un\u2019occasione per diffondere ulteriormente la propria missione.<\/p><p><b>Wargaming Ticino<\/b><b><br \/><\/b> Giovane realt\u00e0 che si dedica alla valorizzazione dei giochi di miniature. Dal fantasy allo storico, passando per titoli celebri come <i>Warhammer 40k<\/i>, <i>Kings of War<\/i> e <i>Conquest<\/i>, offre tornei, dimostrazioni e momenti di incontro per appassionati e curiosi.<\/p><p><b>Associazione Lotus Ticino<\/b><b><br \/><\/b> Associazione senza scopo di lucro che organizza tornei di <i>Magic: The Gathering<\/i> e giochi da tavolo, con l\u2019obiettivo di creare comunit\u00e0 e favorire la socialit\u00e0 attraverso il gioco.<\/p>\t\t\t\t\t\t\t\t<\/div>\n\t\t\t\t<\/div>\n\t\t\t\t<div class=\"elementor-element elementor-element-77ee1e6 elementor-widget elementor-widget-text-editor\" data-id=\"77ee1e6\" data-element_type=\"widget\" data-widget_type=\"text-editor.default\">\n\t\t\t\t<div class=\"elementor-widget-container\">\n\t\t\t\t\t\t\t\t\t<p>Il Japan Matsuri si conferma cos\u00ec non solo un festival culturale, ma anche un luogo in cui il gioco diventa occasione di conoscenza, relazione e divertimento per tutti.<\/p><p><b><i>Tutte queste attivit\u00e0 saranno ospitate all\u2019interno del Padiglione D.<\/i><\/b><\/p>\t\t\t\t\t\t\t\t<\/div>\n\t\t\t\t<\/div>\n\t\t\t\t\t<\/div>\n\t\t\t\t<\/div>\n\t\t<div class=\"elementor-element elementor-element-3700bc7c e-flex e-con-boxed e-con e-parent\" data-id=\"3700bc7c\" data-element_type=\"container\">\n\t\t\t\t\t<div class=\"e-con-inner\">\n\t\t\t\t\t<\/div>\n\t\t\t\t<\/div>\n\t\t\t\t<\/div>\n\t\t","protected":false},"excerpt":{"rendered":"<p>Giochi da Tavolo Il Japan Matsuri offre ai visitatori l\u2019opportunit\u00e0 di esplorare il mondo dei giochi da tavolo, di carte e di miniature: un\u2019esperienza che unisce intrattenimento, strategia e socialit\u00e0. Grazie alla collaborazione con diverse associazioni e realt\u00e0 del territorio, il festival propone un\u2019ampia gamma di attivit\u00e0, pensate sia per i giocatori pi\u00f9 esperti sia [&hellip;]<\/p>\n","protected":false},"author":1,"featured_media":0,"parent":0,"menu_order":0,"comment_status":"closed","ping_status":"closed","template":"","meta":{"footnotes":""},"class_list":["post-1785","page","type-page","status-publish","hentry"],"yoast_head":"<!-- This site is optimized with the Yoast SEO plugin v25.4 - https:\/\/yoast.com\/wordpress\/plugins\/seo\/ -->\n<title>Giochi da Tavolo - Japan Matsuri - Festival Giapponese Bellinzona<\/title>\n<meta name=\"robots\" content=\"index, follow, max-snippet:-1, max-image-preview:large, max-video-preview:-1\" \/>\n<link rel=\"canonical\" href=\"https:\/\/japanmatsuri.org\/it\/giochi-da-tavolo\/\" \/>\n<meta property=\"og:locale\" content=\"it_IT\" \/>\n<meta property=\"og:type\" content=\"article\" \/>\n<meta property=\"og:title\" content=\"Giochi da Tavolo - Japan Matsuri - Festival Giapponese Bellinzona\" \/>\n<meta property=\"og:description\" content=\"Giochi da Tavolo Il Japan Matsuri offre ai visitatori l\u2019opportunit\u00e0 di esplorare il mondo dei giochi da tavolo, di carte e di miniature: un\u2019esperienza che unisce intrattenimento, strategia e socialit\u00e0. Grazie alla collaborazione con diverse associazioni e realt\u00e0 del territorio, il festival propone un\u2019ampia gamma di attivit\u00e0, pensate sia per i giocatori pi\u00f9 esperti sia [&hellip;]\" \/>\n<meta property=\"og:url\" content=\"https:\/\/japanmatsuri.org\/it\/giochi-da-tavolo\/\" \/>\n<meta property=\"og:site_name\" content=\"Japan Matsuri - Festival Giapponese Bellinzona\" \/>\n<meta property=\"article:modified_time\" content=\"2025-08-23T12:57:50+00:00\" \/>\n<meta property=\"og:image\" content=\"https:\/\/japanmatsuri.org\/wp-content\/uploads\/2025\/08\/giochi-1024x410.png\" \/>\n\t<meta property=\"og:image:width\" content=\"1024\" \/>\n\t<meta property=\"og:image:height\" content=\"410\" \/>\n\t<meta property=\"og:image:type\" content=\"image\/png\" \/>\n<meta name=\"twitter:card\" content=\"summary_large_image\" \/>\n<meta name=\"twitter:label1\" content=\"Tempo di lettura stimato\" \/>\n\t<meta name=\"twitter:data1\" content=\"2 minuti\" \/>\n<script type=\"application\/ld+json\" class=\"yoast-schema-graph\">{\"@context\":\"https:\/\/schema.org\",\"@graph\":[{\"@type\":\"WebPage\",\"@id\":\"https:\/\/japanmatsuri.org\/it\/giochi-da-tavolo\/\",\"url\":\"https:\/\/japanmatsuri.org\/it\/giochi-da-tavolo\/\",\"name\":\"Giochi da Tavolo - Japan Matsuri - Festival Giapponese Bellinzona\",\"isPartOf\":{\"@id\":\"https:\/\/japanmatsuri.org\/#website\"},\"primaryImageOfPage\":{\"@id\":\"https:\/\/japanmatsuri.org\/it\/giochi-da-tavolo\/#primaryimage\"},\"image\":{\"@id\":\"https:\/\/japanmatsuri.org\/it\/giochi-da-tavolo\/#primaryimage\"},\"thumbnailUrl\":\"https:\/\/japanmatsuri.org\/wp-content\/uploads\/2025\/08\/giochi.png\",\"datePublished\":\"2025-08-23T12:46:24+00:00\",\"dateModified\":\"2025-08-23T12:57:50+00:00\",\"breadcrumb\":{\"@id\":\"https:\/\/japanmatsuri.org\/it\/giochi-da-tavolo\/#breadcrumb\"},\"inLanguage\":\"it-IT\",\"potentialAction\":[{\"@type\":\"ReadAction\",\"target\":[\"https:\/\/japanmatsuri.org\/it\/giochi-da-tavolo\/\"]}]},{\"@type\":\"ImageObject\",\"inLanguage\":\"it-IT\",\"@id\":\"https:\/\/japanmatsuri.org\/it\/giochi-da-tavolo\/#primaryimage\",\"url\":\"https:\/\/japanmatsuri.org\/wp-content\/uploads\/2025\/08\/giochi.png\",\"contentUrl\":\"https:\/\/japanmatsuri.org\/wp-content\/uploads\/2025\/08\/giochi.png\"},{\"@type\":\"BreadcrumbList\",\"@id\":\"https:\/\/japanmatsuri.org\/it\/giochi-da-tavolo\/#breadcrumb\",\"itemListElement\":[{\"@type\":\"ListItem\",\"position\":1,\"name\":\"Home\",\"item\":\"https:\/\/japanmatsuri.org\/it\/\"},{\"@type\":\"ListItem\",\"position\":2,\"name\":\"Giochi da Tavolo\"}]},{\"@type\":\"WebSite\",\"@id\":\"https:\/\/japanmatsuri.org\/#website\",\"url\":\"https:\/\/japanmatsuri.org\/\",\"name\":\"Japan Matsuri - Festival Giapponese Bellinzona\",\"description\":\"Festival Giapponese Bellinzona\",\"potentialAction\":[{\"@type\":\"SearchAction\",\"target\":{\"@type\":\"EntryPoint\",\"urlTemplate\":\"https:\/\/japanmatsuri.org\/?s={search_term_string}\"},\"query-input\":{\"@type\":\"PropertyValueSpecification\",\"valueRequired\":true,\"valueName\":\"search_term_string\"}}],\"inLanguage\":\"it-IT\"}]}<\/script>\n<!-- \/ Yoast SEO plugin. -->","yoast_head_json":{"title":"Giochi da Tavolo - Japan Matsuri - Festival Giapponese Bellinzona","robots":{"index":"index","follow":"follow","max-snippet":"max-snippet:-1","max-image-preview":"max-image-preview:large","max-video-preview":"max-video-preview:-1"},"canonical":"https:\/\/japanmatsuri.org\/it\/giochi-da-tavolo\/","og_locale":"it_IT","og_type":"article","og_title":"Giochi da Tavolo - Japan Matsuri - Festival Giapponese Bellinzona","og_description":"Giochi da Tavolo Il Japan Matsuri offre ai visitatori l\u2019opportunit\u00e0 di esplorare il mondo dei giochi da tavolo, di carte e di miniature: un\u2019esperienza che unisce intrattenimento, strategia e socialit\u00e0. Grazie alla collaborazione con diverse associazioni e realt\u00e0 del territorio, il festival propone un\u2019ampia gamma di attivit\u00e0, pensate sia per i giocatori pi\u00f9 esperti sia [&hellip;]","og_url":"https:\/\/japanmatsuri.org\/it\/giochi-da-tavolo\/","og_site_name":"Japan Matsuri - Festival Giapponese Bellinzona","article_modified_time":"2025-08-23T12:57:50+00:00","og_image":[{"width":1024,"height":410,"url":"https:\/\/japanmatsuri.org\/wp-content\/uploads\/2025\/08\/giochi-1024x410.png","type":"image\/png"}],"twitter_card":"summary_large_image","twitter_misc":{"Tempo di lettura stimato":"2 minuti"},"schema":{"@context":"https:\/\/schema.org","@graph":[{"@type":"WebPage","@id":"https:\/\/japanmatsuri.org\/it\/giochi-da-tavolo\/","url":"https:\/\/japanmatsuri.org\/it\/giochi-da-tavolo\/","name":"Giochi da Tavolo - Japan Matsuri - Festival Giapponese Bellinzona","isPartOf":{"@id":"https:\/\/japanmatsuri.org\/#website"},"primaryImageOfPage":{"@id":"https:\/\/japanmatsuri.org\/it\/giochi-da-tavolo\/#primaryimage"},"image":{"@id":"https:\/\/japanmatsuri.org\/it\/giochi-da-tavolo\/#primaryimage"},"thumbnailUrl":"https:\/\/japanmatsuri.org\/wp-content\/uploads\/2025\/08\/giochi.png","datePublished":"2025-08-23T12:46:24+00:00","dateModified":"2025-08-23T12:57:50+00:00","breadcrumb":{"@id":"https:\/\/japanmatsuri.org\/it\/giochi-da-tavolo\/#breadcrumb"},"inLanguage":"it-IT","potentialAction":[{"@type":"ReadAction","target":["https:\/\/japanmatsuri.org\/it\/giochi-da-tavolo\/"]}]},{"@type":"ImageObject","inLanguage":"it-IT","@id":"https:\/\/japanmatsuri.org\/it\/giochi-da-tavolo\/#primaryimage","url":"https:\/\/japanmatsuri.org\/wp-content\/uploads\/2025\/08\/giochi.png","contentUrl":"https:\/\/japanmatsuri.org\/wp-content\/uploads\/2025\/08\/giochi.png"},{"@type":"BreadcrumbList","@id":"https:\/\/japanmatsuri.org\/it\/giochi-da-tavolo\/#breadcrumb","itemListElement":[{"@type":"ListItem","position":1,"name":"Home","item":"https:\/\/japanmatsuri.org\/it\/"},{"@type":"ListItem","position":2,"name":"Giochi da Tavolo"}]},{"@type":"WebSite","@id":"https:\/\/japanmatsuri.org\/#website","url":"https:\/\/japanmatsuri.org\/","name":"Japan Matsuri - Festival Giapponese Bellinzona","description":"Festival Giapponese Bellinzona","potentialAction":[{"@type":"SearchAction","target":{"@type":"EntryPoint","urlTemplate":"https:\/\/japanmatsuri.org\/?s={search_term_string}"},"query-input":{"@type":"PropertyValueSpecification","valueRequired":true,"valueName":"search_term_string"}}],"inLanguage":"it-IT"}]}},"_links":{"self":[{"href":"https:\/\/japanmatsuri.org\/it\/wp-json\/wp\/v2\/pages\/1785","targetHints":{"allow":["GET"]}}],"collection":[{"href":"https:\/\/japanmatsuri.org\/it\/wp-json\/wp\/v2\/pages"}],"about":[{"href":"https:\/\/japanmatsuri.org\/it\/wp-json\/wp\/v2\/types\/page"}],"author":[{"embeddable":true,"href":"https:\/\/japanmatsuri.org\/it\/wp-json\/wp\/v2\/users\/1"}],"replies":[{"embeddable":true,"href":"https:\/\/japanmatsuri.org\/it\/wp-json\/wp\/v2\/comments?post=1785"}],"version-history":[{"count":10,"href":"https:\/\/japanmatsuri.org\/it\/wp-json\/wp\/v2\/pages\/1785\/revisions"}],"predecessor-version":[{"id":1797,"href":"https:\/\/japanmatsuri.org\/it\/wp-json\/wp\/v2\/pages\/1785\/revisions\/1797"}],"wp:attachment":[{"href":"https:\/\/japanmatsuri.org\/it\/wp-json\/wp\/v2\/media?parent=1785"}],"curies":[{"name":"wp","href":"https:\/\/api.w.org\/{rel}","templated":true}]}}