{"id":1888,"date":"2025-08-29T12:52:51","date_gmt":"2025-08-29T11:52:51","guid":{"rendered":"https:\/\/japanmatsuri.org\/it\/?page_id=1888"},"modified":"2025-09-05T18:56:10","modified_gmt":"2025-09-05T17:56:10","slug":"hyakki-yagyo-manhole","status":"publish","type":"page","link":"https:\/\/japanmatsuri.org\/it\/hyakki-yagyo-manhole\/","title":{"rendered":"Hyakki Yagy\u014d Manhole"},"content":{"rendered":"\t\t<div data-elementor-type=\"wp-page\" data-elementor-id=\"1888\" class=\"elementor elementor-1888\" data-elementor-post-type=\"page\">\n\t\t\t\t<div class=\"elementor-element elementor-element-754314e0 e-flex e-con-boxed e-con e-parent\" data-id=\"754314e0\" data-element_type=\"container\">\n\t\t\t\t\t<div class=\"e-con-inner\">\n\t\t\t\t<div class=\"elementor-element elementor-element-6287496b elementor-widget elementor-widget-heading\" data-id=\"6287496b\" data-element_type=\"widget\" data-widget_type=\"heading.default\">\n\t\t\t\t<div class=\"elementor-widget-container\">\n\t\t\t\t\t<h1 class=\"elementor-heading-title elementor-size-default\"> Hyakki Yagy\u014d Manhole\n<\/h1>\t\t\t\t<\/div>\n\t\t\t\t<\/div>\n\t\t\t\t<div class=\"elementor-element elementor-element-1f736b8 elementor-widget elementor-widget-heading\" data-id=\"1f736b8\" data-element_type=\"widget\" data-widget_type=\"heading.default\">\n\t\t\t\t<div class=\"elementor-widget-container\">\n\t\t\t\t\t<h2 class=\"elementor-heading-title elementor-size-default\">Disegna la cultura giapponese<\/h2>\t\t\t\t<\/div>\n\t\t\t\t<\/div>\n\t\t\t\t\t<\/div>\n\t\t\t\t<\/div>\n\t\t<div class=\"elementor-element elementor-element-fc6032d e-flex e-con-boxed e-con e-parent\" data-id=\"fc6032d\" data-element_type=\"container\">\n\t\t\t\t\t<div class=\"e-con-inner\">\n\t\t\t\t<div class=\"elementor-element elementor-element-a9e1a7f elementor-widget elementor-widget-image\" data-id=\"a9e1a7f\" data-element_type=\"widget\" data-widget_type=\"image.default\">\n\t\t\t\t<div class=\"elementor-widget-container\">\n\t\t\t\t\t\t\t\t\t\t\t\t\t\t\t<img fetchpriority=\"high\" decoding=\"async\" width=\"1750\" height=\"700\" src=\"https:\/\/japanmatsuri.org\/wp-content\/uploads\/2025\/08\/yokai.png\" class=\"attachment-full size-full wp-image-1902\" alt=\"\" srcset=\"https:\/\/japanmatsuri.org\/wp-content\/uploads\/2025\/08\/yokai.png 1750w, https:\/\/japanmatsuri.org\/wp-content\/uploads\/2025\/08\/yokai-300x120.png 300w, https:\/\/japanmatsuri.org\/wp-content\/uploads\/2025\/08\/yokai-1024x410.png 1024w, https:\/\/japanmatsuri.org\/wp-content\/uploads\/2025\/08\/yokai-768x307.png 768w, https:\/\/japanmatsuri.org\/wp-content\/uploads\/2025\/08\/yokai-1536x614.png 1536w, https:\/\/japanmatsuri.org\/wp-content\/uploads\/2025\/08\/yokai-18x7.png 18w\" sizes=\"(max-width: 1750px) 100vw, 1750px\" \/>\t\t\t\t\t\t\t\t\t\t\t\t\t\t\t<\/div>\n\t\t\t\t<\/div>\n\t\t\t\t\t<\/div>\n\t\t\t\t<\/div>\n\t\t<div class=\"elementor-element elementor-element-72a3845 e-flex e-con-boxed e-con e-parent\" data-id=\"72a3845\" data-element_type=\"container\">\n\t\t\t\t\t<div class=\"e-con-inner\">\n\t\t\t\t<div class=\"elementor-element elementor-element-9632c7f elementor-widget elementor-widget-text-editor\" data-id=\"9632c7f\" data-element_type=\"widget\" data-widget_type=\"text-editor.default\">\n\t\t\t\t<div class=\"elementor-widget-container\">\n\t\t\t\t\t\t\t\t\t<p><b>L\u2019arte urbana dei tombini giapponesi<\/b><b><br \/><\/b> I <i>manhole<\/i> giapponesi sono vere opere di arte urbana: piccoli scrigni di cultura locale che raccontano folklore, natura e identit\u00e0. Come i graffiti in Occidente, anche i <i>manhole<\/i> sono una forma di arte pubblica e popolare, visibile a tutti e radicata nello spazio quotidiano. I temi sono vari e spesso \u00e8 facile incontrare personaggi che si conoscono grazie al mondo degli anime e dei manga. \u00c8 un\u2019arte che unisce funzionalit\u00e0 e creativit\u00e0, trasformando un semplice coperchio in un piccolo mondo da scoprire.<br \/>In questo laboratorio ti aiuter\u00f2 tramite un percorso cretivo mirato a realizzare un design completo, dalla A alla Z, per il tuo tombino Yokai giapponese!<\/p>\t\t\t\t\t\t\t\t<\/div>\n\t\t\t\t<\/div>\n\t\t\t\t<div class=\"elementor-element elementor-element-1b251a3 elementor-widget elementor-widget-text-editor\" data-id=\"1b251a3\" data-element_type=\"widget\" data-widget_type=\"text-editor.default\">\n\t\t\t\t<div class=\"elementor-widget-container\">\n\t\t\t\t\t\t\t\t\t<p><b>Cosa faremo:<\/b><b><br \/><\/b>Facendoci ispirare dai famosi tombini sparsi in ogni angolo del giappone progetteremo e realizzeremo il nostro personalissimo tombino Yokai, ovviamente su formato circolare!<\/p><p><strong>C<\/strong><b>osa imparerai<\/b>:<\/p><ul><li>scoprirai il mondo degli yokai<\/li><li>sceglierai e imparerai ad <b>analizzare<\/b> il tuo yokai preferito per poterlo riprodurre con il tuo stile<\/li><li>imparerai la <b>base della tecnica del disegno<\/b> per poterlo disegnare facilmente<\/li><li>conoscerai e <b>colorerai con i copic<\/b>, i famosissimi pennarelli di designer e mangaka<\/li><li>scoprirai qalche <b>trucchetto<\/b> per dare maggior valore, finalizzare e <b>comporre i tuoi disegni<\/b><\/li><\/ul>\t\t\t\t\t\t\t\t<\/div>\n\t\t\t\t<\/div>\n\t\t\t\t\t<\/div>\n\t\t\t\t<\/div>\n\t\t<div class=\"elementor-element elementor-element-9683826 e-flex e-con-boxed e-con e-parent\" data-id=\"9683826\" data-element_type=\"container\">\n\t\t\t\t\t<div class=\"e-con-inner\">\n\t\t\t\t<div class=\"elementor-element elementor-element-1712f81 elementor-widget elementor-widget-text-editor\" data-id=\"1712f81\" data-element_type=\"widget\" data-widget_type=\"text-editor.default\">\n\t\t\t\t<div class=\"elementor-widget-container\">\n\t\t\t\t\t\t\t\t\t<p><b>Cinzia Bruschi<\/b><\/p><p>Docente abilitata in educazione visiva e arti plastiche (SUPSI DFA), ha seguito anche la formazione presso l\u2019Accademia Europea di Manga, dove ha dapprima studiato e successivamente insegnato.<\/p><p>Specializzata nella cultura pop giapponese, ha dedicato entrambe le tesi di laurea al paese del Sol Levante approfondendo ulteriormente i suoi studi presso alcuni corsi di Ca\u2019 Foscari.<\/p><p>Da oltre quindici anni viaggia regolarmente in Giappone per studio, lavoro e ispirazione. Una delle attivit\u00e0 che pi\u00f9 le stanno a cuore \u00e8 partecipare alle grandi fiere dell\u2019autoproduzione in Giappone come Comiket e Comitia.<\/p>\t\t\t\t\t\t\t\t<\/div>\n\t\t\t\t<\/div>\n\t\t\t\t\t<\/div>\n\t\t\t\t<\/div>\n\t\t<div class=\"elementor-element elementor-element-8e3cb10 e-flex e-con-boxed e-con e-parent\" data-id=\"8e3cb10\" data-element_type=\"container\">\n\t\t\t\t\t<div class=\"e-con-inner\">\n\t\t<div class=\"elementor-element elementor-element-1dc32d6 e-con-full e-flex e-con e-child\" data-id=\"1dc32d6\" data-element_type=\"container\">\n\t\t\t\t<div class=\"elementor-element elementor-element-4c6c305 elementor-widget elementor-widget-text-editor\" data-id=\"4c6c305\" data-element_type=\"widget\" data-widget_type=\"text-editor.default\">\n\t\t\t\t<div class=\"elementor-widget-container\">\n\t\t\t\t\t\t\t\t\t<p><b>Data: <\/b>Domenica 21 settembre<br \/><b>Orario:<\/b> dalle 11.00 alle 12.30 (saranno offerti piccoli snack)<br \/><b>Luogo:<\/b> Aula 1<br \/><b>Partecipanti:<\/b> massimo 24<br \/><b>Costo: <\/b>15 Fr.- MA ricevi un BUONO di 30 FR:-<br \/>(alla fine dell\u2019incontro riceverete un buono di 30 fr per l\u2019iscrizione a uno dei nuovissimi corsi workshop della scuola svizzera di illustrazione e tecnica manga MYOKO di Bellinzona che si svolgono durante tutto l\u2019arco dell\u2019anno)<\/p><p><b>Lingue:<\/b> italiano, inglese\u00a0<\/p><p>La docente si preoccuper\u00e0 di differenziare per accompagnare ognuno di voi alla riuscita del proprio \u201ctombino yokai\u201d.<\/p>\t\t\t\t\t\t\t\t<\/div>\n\t\t\t\t<\/div>\n\t\t\t\t<\/div>\n\t\t<div class=\"elementor-element elementor-element-e2a1b39 e-flex e-con-boxed e-con e-child\" data-id=\"e2a1b39\" data-element_type=\"container\">\n\t\t\t\t\t<div class=\"e-con-inner\">\n\t\t\t\t<div class=\"elementor-element elementor-element-a6d12d6 elementor-widget-mobile__width-initial elementor-widget elementor-widget-button\" data-id=\"a6d12d6\" data-element_type=\"widget\" data-widget_type=\"button.default\">\n\t\t\t\t<div class=\"elementor-widget-container\">\n\t\t\t\t\t\t\t\t\t<div class=\"elementor-button-wrapper\">\n\t\t\t\t\t<a class=\"elementor-button elementor-button-link elementor-size-sm\" href=\"https:\/\/www.ticketino.com\/it\/event\/japan-matsuri-workshops\/205119\" target=\"_blank\">\n\t\t\t\t\t\t<span class=\"elementor-button-content-wrapper\">\n\t\t\t\t\t\t\t\t\t<span class=\"elementor-button-text\">ISCRIVITI<\/span>\n\t\t\t\t\t<\/span>\n\t\t\t\t\t<\/a>\n\t\t\t\t<\/div>\n\t\t\t\t\t\t\t\t<\/div>\n\t\t\t\t<\/div>\n\t\t\t\t<div class=\"elementor-element elementor-element-99045bf elementor-widget elementor-widget-button\" data-id=\"99045bf\" data-element_type=\"widget\" data-widget_type=\"button.default\">\n\t\t\t\t<div class=\"elementor-widget-container\">\n\t\t\t\t\t\t\t\t\t<div class=\"elementor-button-wrapper\">\n\t\t\t\t\t<a class=\"elementor-button elementor-button-link elementor-size-sm\" href=\"https:\/\/japanmatsuri.org\/it\/regolamento\/\" target=\"_blank\">\n\t\t\t\t\t\t<span class=\"elementor-button-content-wrapper\">\n\t\t\t\t\t\t\t\t\t<span class=\"elementor-button-text\">REGOLAMENTO<\/span>\n\t\t\t\t\t<\/span>\n\t\t\t\t\t<\/a>\n\t\t\t\t<\/div>\n\t\t\t\t\t\t\t\t<\/div>\n\t\t\t\t<\/div>\n\t\t\t\t\t<\/div>\n\t\t\t\t<\/div>\n\t\t\t\t\t<\/div>\n\t\t\t\t<\/div>\n\t\t<div class=\"elementor-element elementor-element-92e2594 e-flex e-con-boxed e-con e-parent\" data-id=\"92e2594\" data-element_type=\"container\">\n\t\t\t\t\t<div class=\"e-con-inner\">\n\t\t\t\t\t<\/div>\n\t\t\t\t<\/div>\n\t\t<div class=\"elementor-element elementor-element-cf4f26e e-flex e-con-boxed e-con e-parent\" data-id=\"cf4f26e\" data-element_type=\"container\">\n\t\t\t\t\t<div class=\"e-con-inner\">\n\t\t\t\t<div class=\"elementor-element elementor-element-e91b1e5 elementor-widget elementor-widget-text-editor\" data-id=\"e91b1e5\" data-element_type=\"widget\" data-widget_type=\"text-editor.default\">\n\t\t\t\t<div class=\"elementor-widget-container\">\n\t\t\t\t\t\t\t\t\t<p><i>Per accedere all\u2019area workshop, sar\u00e0 necessario indossare il bracciale che verr\u00e0 distribuito all\u2019ingresso del festival. Per facilitare l\u2019accesso, ti consigliamo di acquistare il biglietto del festival online. Le persone con disabilit\u00e0 o mobilit\u00e0 ridotta sono invitate a contattarci in anticipo via email all\u2019indirizzo info@japanmatsuri.org, cos\u00ec da poter organizzare un accesso senza stress.<\/i><\/p>\t\t\t\t\t\t\t\t<\/div>\n\t\t\t\t<\/div>\n\t\t\t\t\t<\/div>\n\t\t\t\t<\/div>\n\t\t<div class=\"elementor-element elementor-element-6f2f22cb e-flex e-con-boxed e-con e-parent\" data-id=\"6f2f22cb\" data-element_type=\"container\">\n\t\t\t\t\t<div class=\"e-con-inner\">\n\t\t\t\t\t<\/div>\n\t\t\t\t<\/div>\n\t\t\t\t<\/div>\n\t\t","protected":false},"excerpt":{"rendered":"<p>Hyakki Yagy\u014d Manhole Disegna la cultura giapponese L\u2019arte urbana dei tombini giapponesi I manhole giapponesi sono vere opere di arte urbana: piccoli scrigni di cultura locale che raccontano folklore, natura e identit\u00e0. Come i graffiti in Occidente, anche i manhole sono una forma di arte pubblica e popolare, visibile a tutti e radicata nello spazio [&hellip;]<\/p>\n","protected":false},"author":1,"featured_media":0,"parent":0,"menu_order":0,"comment_status":"closed","ping_status":"closed","template":"","meta":{"footnotes":""},"class_list":["post-1888","page","type-page","status-publish","hentry"],"yoast_head":"<!-- This site is optimized with the Yoast SEO plugin v25.4 - https:\/\/yoast.com\/wordpress\/plugins\/seo\/ -->\n<title>Hyakki Yagy\u014d Manhole - Japan Matsuri - Festival Giapponese Bellinzona<\/title>\n<meta name=\"robots\" content=\"index, follow, max-snippet:-1, max-image-preview:large, max-video-preview:-1\" \/>\n<link rel=\"canonical\" href=\"https:\/\/japanmatsuri.org\/it\/hyakki-yagyo-manhole\/\" \/>\n<meta property=\"og:locale\" content=\"it_IT\" \/>\n<meta property=\"og:type\" content=\"article\" \/>\n<meta property=\"og:title\" content=\"Hyakki Yagy\u014d Manhole - Japan Matsuri - Festival Giapponese Bellinzona\" \/>\n<meta property=\"og:description\" content=\"Hyakki Yagy\u014d Manhole Disegna la cultura giapponese L\u2019arte urbana dei tombini giapponesi I manhole giapponesi sono vere opere di arte urbana: piccoli scrigni di cultura locale che raccontano folklore, natura e identit\u00e0. Come i graffiti in Occidente, anche i manhole sono una forma di arte pubblica e popolare, visibile a tutti e radicata nello spazio [&hellip;]\" \/>\n<meta property=\"og:url\" content=\"https:\/\/japanmatsuri.org\/it\/hyakki-yagyo-manhole\/\" \/>\n<meta property=\"og:site_name\" content=\"Japan Matsuri - Festival Giapponese Bellinzona\" \/>\n<meta property=\"article:modified_time\" content=\"2025-09-05T17:56:10+00:00\" \/>\n<meta property=\"og:image\" content=\"https:\/\/japanmatsuri.org\/wp-content\/uploads\/2025\/08\/yokai.png\" \/>\n\t<meta property=\"og:image:width\" content=\"1750\" \/>\n\t<meta property=\"og:image:height\" content=\"700\" \/>\n\t<meta property=\"og:image:type\" content=\"image\/png\" \/>\n<meta name=\"twitter:card\" content=\"summary_large_image\" \/>\n<meta name=\"twitter:label1\" content=\"Tempo di lettura stimato\" \/>\n\t<meta name=\"twitter:data1\" content=\"3 minuti\" \/>\n<script type=\"application\/ld+json\" class=\"yoast-schema-graph\">{\"@context\":\"https:\/\/schema.org\",\"@graph\":[{\"@type\":\"WebPage\",\"@id\":\"https:\/\/japanmatsuri.org\/it\/hyakki-yagyo-manhole\/\",\"url\":\"https:\/\/japanmatsuri.org\/it\/hyakki-yagyo-manhole\/\",\"name\":\"Hyakki Yagy\u014d Manhole - Japan Matsuri - Festival Giapponese Bellinzona\",\"isPartOf\":{\"@id\":\"https:\/\/japanmatsuri.org\/#website\"},\"primaryImageOfPage\":{\"@id\":\"https:\/\/japanmatsuri.org\/it\/hyakki-yagyo-manhole\/#primaryimage\"},\"image\":{\"@id\":\"https:\/\/japanmatsuri.org\/it\/hyakki-yagyo-manhole\/#primaryimage\"},\"thumbnailUrl\":\"https:\/\/japanmatsuri.org\/wp-content\/uploads\/2025\/08\/yokai.png\",\"datePublished\":\"2025-08-29T11:52:51+00:00\",\"dateModified\":\"2025-09-05T17:56:10+00:00\",\"breadcrumb\":{\"@id\":\"https:\/\/japanmatsuri.org\/it\/hyakki-yagyo-manhole\/#breadcrumb\"},\"inLanguage\":\"it-IT\",\"potentialAction\":[{\"@type\":\"ReadAction\",\"target\":[\"https:\/\/japanmatsuri.org\/it\/hyakki-yagyo-manhole\/\"]}]},{\"@type\":\"ImageObject\",\"inLanguage\":\"it-IT\",\"@id\":\"https:\/\/japanmatsuri.org\/it\/hyakki-yagyo-manhole\/#primaryimage\",\"url\":\"https:\/\/japanmatsuri.org\/wp-content\/uploads\/2025\/08\/yokai.png\",\"contentUrl\":\"https:\/\/japanmatsuri.org\/wp-content\/uploads\/2025\/08\/yokai.png\"},{\"@type\":\"BreadcrumbList\",\"@id\":\"https:\/\/japanmatsuri.org\/it\/hyakki-yagyo-manhole\/#breadcrumb\",\"itemListElement\":[{\"@type\":\"ListItem\",\"position\":1,\"name\":\"Home\",\"item\":\"https:\/\/japanmatsuri.org\/it\/\"},{\"@type\":\"ListItem\",\"position\":2,\"name\":\"Hyakki Yagy\u014d Manhole\"}]},{\"@type\":\"WebSite\",\"@id\":\"https:\/\/japanmatsuri.org\/#website\",\"url\":\"https:\/\/japanmatsuri.org\/\",\"name\":\"Japan Matsuri - Festival Giapponese Bellinzona\",\"description\":\"Festival Giapponese Bellinzona\",\"potentialAction\":[{\"@type\":\"SearchAction\",\"target\":{\"@type\":\"EntryPoint\",\"urlTemplate\":\"https:\/\/japanmatsuri.org\/?s={search_term_string}\"},\"query-input\":{\"@type\":\"PropertyValueSpecification\",\"valueRequired\":true,\"valueName\":\"search_term_string\"}}],\"inLanguage\":\"it-IT\"}]}<\/script>\n<!-- \/ Yoast SEO plugin. -->","yoast_head_json":{"title":"Hyakki Yagy\u014d Manhole - Japan Matsuri - Festival Giapponese Bellinzona","robots":{"index":"index","follow":"follow","max-snippet":"max-snippet:-1","max-image-preview":"max-image-preview:large","max-video-preview":"max-video-preview:-1"},"canonical":"https:\/\/japanmatsuri.org\/it\/hyakki-yagyo-manhole\/","og_locale":"it_IT","og_type":"article","og_title":"Hyakki Yagy\u014d Manhole - Japan Matsuri - Festival Giapponese Bellinzona","og_description":"Hyakki Yagy\u014d Manhole Disegna la cultura giapponese L\u2019arte urbana dei tombini giapponesi I manhole giapponesi sono vere opere di arte urbana: piccoli scrigni di cultura locale che raccontano folklore, natura e identit\u00e0. Come i graffiti in Occidente, anche i manhole sono una forma di arte pubblica e popolare, visibile a tutti e radicata nello spazio [&hellip;]","og_url":"https:\/\/japanmatsuri.org\/it\/hyakki-yagyo-manhole\/","og_site_name":"Japan Matsuri - Festival Giapponese Bellinzona","article_modified_time":"2025-09-05T17:56:10+00:00","og_image":[{"width":1750,"height":700,"url":"https:\/\/japanmatsuri.org\/wp-content\/uploads\/2025\/08\/yokai.png","type":"image\/png"}],"twitter_card":"summary_large_image","twitter_misc":{"Tempo di lettura stimato":"3 minuti"},"schema":{"@context":"https:\/\/schema.org","@graph":[{"@type":"WebPage","@id":"https:\/\/japanmatsuri.org\/it\/hyakki-yagyo-manhole\/","url":"https:\/\/japanmatsuri.org\/it\/hyakki-yagyo-manhole\/","name":"Hyakki Yagy\u014d Manhole - Japan Matsuri - Festival Giapponese Bellinzona","isPartOf":{"@id":"https:\/\/japanmatsuri.org\/#website"},"primaryImageOfPage":{"@id":"https:\/\/japanmatsuri.org\/it\/hyakki-yagyo-manhole\/#primaryimage"},"image":{"@id":"https:\/\/japanmatsuri.org\/it\/hyakki-yagyo-manhole\/#primaryimage"},"thumbnailUrl":"https:\/\/japanmatsuri.org\/wp-content\/uploads\/2025\/08\/yokai.png","datePublished":"2025-08-29T11:52:51+00:00","dateModified":"2025-09-05T17:56:10+00:00","breadcrumb":{"@id":"https:\/\/japanmatsuri.org\/it\/hyakki-yagyo-manhole\/#breadcrumb"},"inLanguage":"it-IT","potentialAction":[{"@type":"ReadAction","target":["https:\/\/japanmatsuri.org\/it\/hyakki-yagyo-manhole\/"]}]},{"@type":"ImageObject","inLanguage":"it-IT","@id":"https:\/\/japanmatsuri.org\/it\/hyakki-yagyo-manhole\/#primaryimage","url":"https:\/\/japanmatsuri.org\/wp-content\/uploads\/2025\/08\/yokai.png","contentUrl":"https:\/\/japanmatsuri.org\/wp-content\/uploads\/2025\/08\/yokai.png"},{"@type":"BreadcrumbList","@id":"https:\/\/japanmatsuri.org\/it\/hyakki-yagyo-manhole\/#breadcrumb","itemListElement":[{"@type":"ListItem","position":1,"name":"Home","item":"https:\/\/japanmatsuri.org\/it\/"},{"@type":"ListItem","position":2,"name":"Hyakki Yagy\u014d Manhole"}]},{"@type":"WebSite","@id":"https:\/\/japanmatsuri.org\/#website","url":"https:\/\/japanmatsuri.org\/","name":"Japan Matsuri - Festival Giapponese Bellinzona","description":"Festival Giapponese Bellinzona","potentialAction":[{"@type":"SearchAction","target":{"@type":"EntryPoint","urlTemplate":"https:\/\/japanmatsuri.org\/?s={search_term_string}"},"query-input":{"@type":"PropertyValueSpecification","valueRequired":true,"valueName":"search_term_string"}}],"inLanguage":"it-IT"}]}},"_links":{"self":[{"href":"https:\/\/japanmatsuri.org\/it\/wp-json\/wp\/v2\/pages\/1888","targetHints":{"allow":["GET"]}}],"collection":[{"href":"https:\/\/japanmatsuri.org\/it\/wp-json\/wp\/v2\/pages"}],"about":[{"href":"https:\/\/japanmatsuri.org\/it\/wp-json\/wp\/v2\/types\/page"}],"author":[{"embeddable":true,"href":"https:\/\/japanmatsuri.org\/it\/wp-json\/wp\/v2\/users\/1"}],"replies":[{"embeddable":true,"href":"https:\/\/japanmatsuri.org\/it\/wp-json\/wp\/v2\/comments?post=1888"}],"version-history":[{"count":16,"href":"https:\/\/japanmatsuri.org\/it\/wp-json\/wp\/v2\/pages\/1888\/revisions"}],"predecessor-version":[{"id":2040,"href":"https:\/\/japanmatsuri.org\/it\/wp-json\/wp\/v2\/pages\/1888\/revisions\/2040"}],"wp:attachment":[{"href":"https:\/\/japanmatsuri.org\/it\/wp-json\/wp\/v2\/media?parent=1888"}],"curies":[{"name":"wp","href":"https:\/\/api.w.org\/{rel}","templated":true}]}}