{"id":2068,"date":"2025-09-15T16:16:30","date_gmt":"2025-09-15T15:16:30","guid":{"rendered":"https:\/\/japanmatsuri.org\/it\/?page_id=2068"},"modified":"2025-09-15T16:23:30","modified_gmt":"2025-09-15T15:23:30","slug":"shintai-karate-do","status":"publish","type":"page","link":"https:\/\/japanmatsuri.org\/it\/shintai-karate-do\/","title":{"rendered":"Shintai-Karate Do"},"content":{"rendered":"\t\t<div data-elementor-type=\"wp-page\" data-elementor-id=\"2068\" class=\"elementor elementor-2068\" data-elementor-post-type=\"page\">\n\t\t\t\t<div class=\"elementor-element elementor-element-c0e8265 e-flex e-con-boxed e-con e-parent\" data-id=\"c0e8265\" data-element_type=\"container\">\n\t\t\t\t\t<div class=\"e-con-inner\">\n\t\t\t\t<div class=\"elementor-element elementor-element-388987e2 elementor-widget elementor-widget-heading\" data-id=\"388987e2\" data-element_type=\"widget\" data-widget_type=\"heading.default\">\n\t\t\t\t<div class=\"elementor-widget-container\">\n\t\t\t\t\t<h1 class=\"elementor-heading-title elementor-size-default\">Shintai-Karate Do<\/h1>\t\t\t\t<\/div>\n\t\t\t\t<\/div>\n\t\t\t\t\t<\/div>\n\t\t\t\t<\/div>\n\t\t<div class=\"elementor-element elementor-element-fe8569a e-flex e-con-boxed e-con e-parent\" data-id=\"fe8569a\" data-element_type=\"container\">\n\t\t\t\t\t<div class=\"e-con-inner\">\n\t\t<div class=\"elementor-element elementor-element-a11a9f4 e-con-full e-flex e-con e-child\" data-id=\"a11a9f4\" data-element_type=\"container\">\n\t\t\t\t<div class=\"elementor-element elementor-element-8d170f8 elementor-widget elementor-widget-image\" data-id=\"8d170f8\" data-element_type=\"widget\" data-widget_type=\"image.default\">\n\t\t\t\t<div class=\"elementor-widget-container\">\n\t\t\t\t\t\t\t\t\t\t\t\t\t\t\t<img fetchpriority=\"high\" decoding=\"async\" width=\"684\" height=\"1024\" src=\"https:\/\/japanmatsuri.org\/wp-content\/uploads\/2025\/09\/Karate-2-684x1024.jpg\" class=\"attachment-large size-large wp-image-2070\" alt=\"\" srcset=\"https:\/\/japanmatsuri.org\/wp-content\/uploads\/2025\/09\/Karate-2-684x1024.jpg 684w, https:\/\/japanmatsuri.org\/wp-content\/uploads\/2025\/09\/Karate-2-200x300.jpg 200w, https:\/\/japanmatsuri.org\/wp-content\/uploads\/2025\/09\/Karate-2-768x1150.jpg 768w, https:\/\/japanmatsuri.org\/wp-content\/uploads\/2025\/09\/Karate-2-8x12.jpg 8w, https:\/\/japanmatsuri.org\/wp-content\/uploads\/2025\/09\/Karate-2.jpg 855w\" sizes=\"(max-width: 684px) 100vw, 684px\" \/>\t\t\t\t\t\t\t\t\t\t\t\t\t\t\t<\/div>\n\t\t\t\t<\/div>\n\t\t\t\t<\/div>\n\t\t<div class=\"elementor-element elementor-element-53f1635 e-con-full e-flex e-con e-child\" data-id=\"53f1635\" data-element_type=\"container\">\n\t\t\t\t<div class=\"elementor-element elementor-element-7c914ca elementor-widget elementor-widget-text-editor\" data-id=\"7c914ca\" data-element_type=\"widget\" data-widget_type=\"text-editor.default\">\n\t\t\t\t<div class=\"elementor-widget-container\">\n\t\t\t\t\t\t\t\t\t<p><b>Sabato 20 settembre alle 12:15, non perdere l\u2019esibizione di Shintai-Karate Do sul palco principale.<\/b><\/p><p>Lasciati incantare dalla filosofia e dalla pratica di questo antico stile di combattimento.<\/p><p><strong>Shintai-Karate Do<\/strong> \u00e8 una giovane scuola di Karate con sede a Lugano, che da tre anni a questa parte si impegna l\u2019obiettivo di trasmettere e diffondere questa antica arte marziale portando autenticit\u00e0, professionalit\u00e0 e soprattutto tradizionalit\u00e0. Sono membri attivi della JKS, una federazione giapponese con sede a Tokyo, fondata nel 2000 dal maestro Asai Tetsuhiko.<\/p><p>Scopri l\u2019energia e la bellezza di questo sport millenario!<\/p>\t\t\t\t\t\t\t\t<\/div>\n\t\t\t\t<\/div>\n\t\t\t\t<\/div>\n\t\t\t\t\t<\/div>\n\t\t\t\t<\/div>\n\t\t<div class=\"elementor-element elementor-element-469a79fb e-flex e-con-boxed e-con e-parent\" data-id=\"469a79fb\" data-element_type=\"container\">\n\t\t\t\t\t<div class=\"e-con-inner\">\n\t\t\t\t\t<\/div>\n\t\t\t\t<\/div>\n\t\t\t\t<\/div>\n\t\t","protected":false},"excerpt":{"rendered":"<p>Shintai-Karate Do Sabato 20 settembre alle 12:15, non perdere l\u2019esibizione di Shintai-Karate Do sul palco principale. Lasciati incantare dalla filosofia e dalla pratica di questo antico stile di combattimento. Shintai-Karate Do \u00e8 una giovane scuola di Karate con sede a Lugano, che da tre anni a questa parte si impegna l\u2019obiettivo di trasmettere e diffondere [&hellip;]<\/p>\n","protected":false},"author":1,"featured_media":0,"parent":0,"menu_order":0,"comment_status":"closed","ping_status":"closed","template":"","meta":{"footnotes":""},"class_list":["post-2068","page","type-page","status-publish","hentry"],"yoast_head":"<!-- This site is optimized with the Yoast SEO plugin v25.4 - https:\/\/yoast.com\/wordpress\/plugins\/seo\/ -->\n<title>Shintai-Karate Do - Japan Matsuri - Festival Giapponese Bellinzona<\/title>\n<meta name=\"robots\" content=\"index, follow, max-snippet:-1, max-image-preview:large, max-video-preview:-1\" \/>\n<link rel=\"canonical\" href=\"https:\/\/japanmatsuri.org\/it\/shintai-karate-do\/\" \/>\n<meta property=\"og:locale\" content=\"it_IT\" \/>\n<meta property=\"og:type\" content=\"article\" \/>\n<meta property=\"og:title\" content=\"Shintai-Karate Do - Japan Matsuri - Festival Giapponese Bellinzona\" \/>\n<meta property=\"og:description\" content=\"Shintai-Karate Do Sabato 20 settembre alle 12:15, non perdere l\u2019esibizione di Shintai-Karate Do sul palco principale. Lasciati incantare dalla filosofia e dalla pratica di questo antico stile di combattimento. Shintai-Karate Do \u00e8 una giovane scuola di Karate con sede a Lugano, che da tre anni a questa parte si impegna l\u2019obiettivo di trasmettere e diffondere [&hellip;]\" \/>\n<meta property=\"og:url\" content=\"https:\/\/japanmatsuri.org\/it\/shintai-karate-do\/\" \/>\n<meta property=\"og:site_name\" content=\"Japan Matsuri - Festival Giapponese Bellinzona\" \/>\n<meta property=\"article:modified_time\" content=\"2025-09-15T15:23:30+00:00\" \/>\n<meta property=\"og:image\" content=\"https:\/\/japanmatsuri.org\/wp-content\/uploads\/2025\/09\/Karate-2.jpg\" \/>\n\t<meta property=\"og:image:width\" content=\"855\" \/>\n\t<meta property=\"og:image:height\" content=\"1280\" \/>\n\t<meta property=\"og:image:type\" content=\"image\/jpeg\" \/>\n<meta name=\"twitter:card\" content=\"summary_large_image\" \/>\n<meta name=\"twitter:label1\" content=\"Tempo di lettura stimato\" \/>\n\t<meta name=\"twitter:data1\" content=\"1 minuto\" \/>\n<script type=\"application\/ld+json\" class=\"yoast-schema-graph\">{\"@context\":\"https:\/\/schema.org\",\"@graph\":[{\"@type\":\"WebPage\",\"@id\":\"https:\/\/japanmatsuri.org\/it\/shintai-karate-do\/\",\"url\":\"https:\/\/japanmatsuri.org\/it\/shintai-karate-do\/\",\"name\":\"Shintai-Karate Do - Japan Matsuri - Festival Giapponese Bellinzona\",\"isPartOf\":{\"@id\":\"https:\/\/japanmatsuri.org\/#website\"},\"primaryImageOfPage\":{\"@id\":\"https:\/\/japanmatsuri.org\/it\/shintai-karate-do\/#primaryimage\"},\"image\":{\"@id\":\"https:\/\/japanmatsuri.org\/it\/shintai-karate-do\/#primaryimage\"},\"thumbnailUrl\":\"https:\/\/japanmatsuri.org\/wp-content\/uploads\/2025\/09\/Karate-2-684x1024.jpg\",\"datePublished\":\"2025-09-15T15:16:30+00:00\",\"dateModified\":\"2025-09-15T15:23:30+00:00\",\"breadcrumb\":{\"@id\":\"https:\/\/japanmatsuri.org\/it\/shintai-karate-do\/#breadcrumb\"},\"inLanguage\":\"it-IT\",\"potentialAction\":[{\"@type\":\"ReadAction\",\"target\":[\"https:\/\/japanmatsuri.org\/it\/shintai-karate-do\/\"]}]},{\"@type\":\"ImageObject\",\"inLanguage\":\"it-IT\",\"@id\":\"https:\/\/japanmatsuri.org\/it\/shintai-karate-do\/#primaryimage\",\"url\":\"https:\/\/japanmatsuri.org\/wp-content\/uploads\/2025\/09\/Karate-2-684x1024.jpg\",\"contentUrl\":\"https:\/\/japanmatsuri.org\/wp-content\/uploads\/2025\/09\/Karate-2-684x1024.jpg\"},{\"@type\":\"BreadcrumbList\",\"@id\":\"https:\/\/japanmatsuri.org\/it\/shintai-karate-do\/#breadcrumb\",\"itemListElement\":[{\"@type\":\"ListItem\",\"position\":1,\"name\":\"Home\",\"item\":\"https:\/\/japanmatsuri.org\/it\/\"},{\"@type\":\"ListItem\",\"position\":2,\"name\":\"Shintai-Karate Do\"}]},{\"@type\":\"WebSite\",\"@id\":\"https:\/\/japanmatsuri.org\/#website\",\"url\":\"https:\/\/japanmatsuri.org\/\",\"name\":\"Japan Matsuri - Festival Giapponese Bellinzona\",\"description\":\"Festival Giapponese Bellinzona\",\"potentialAction\":[{\"@type\":\"SearchAction\",\"target\":{\"@type\":\"EntryPoint\",\"urlTemplate\":\"https:\/\/japanmatsuri.org\/?s={search_term_string}\"},\"query-input\":{\"@type\":\"PropertyValueSpecification\",\"valueRequired\":true,\"valueName\":\"search_term_string\"}}],\"inLanguage\":\"it-IT\"}]}<\/script>\n<!-- \/ Yoast SEO plugin. -->","yoast_head_json":{"title":"Shintai-Karate Do - Japan Matsuri - Festival Giapponese Bellinzona","robots":{"index":"index","follow":"follow","max-snippet":"max-snippet:-1","max-image-preview":"max-image-preview:large","max-video-preview":"max-video-preview:-1"},"canonical":"https:\/\/japanmatsuri.org\/it\/shintai-karate-do\/","og_locale":"it_IT","og_type":"article","og_title":"Shintai-Karate Do - Japan Matsuri - Festival Giapponese Bellinzona","og_description":"Shintai-Karate Do Sabato 20 settembre alle 12:15, non perdere l\u2019esibizione di Shintai-Karate Do sul palco principale. Lasciati incantare dalla filosofia e dalla pratica di questo antico stile di combattimento. Shintai-Karate Do \u00e8 una giovane scuola di Karate con sede a Lugano, che da tre anni a questa parte si impegna l\u2019obiettivo di trasmettere e diffondere [&hellip;]","og_url":"https:\/\/japanmatsuri.org\/it\/shintai-karate-do\/","og_site_name":"Japan Matsuri - Festival Giapponese Bellinzona","article_modified_time":"2025-09-15T15:23:30+00:00","og_image":[{"width":855,"height":1280,"url":"https:\/\/japanmatsuri.org\/wp-content\/uploads\/2025\/09\/Karate-2.jpg","type":"image\/jpeg"}],"twitter_card":"summary_large_image","twitter_misc":{"Tempo di lettura stimato":"1 minuto"},"schema":{"@context":"https:\/\/schema.org","@graph":[{"@type":"WebPage","@id":"https:\/\/japanmatsuri.org\/it\/shintai-karate-do\/","url":"https:\/\/japanmatsuri.org\/it\/shintai-karate-do\/","name":"Shintai-Karate Do - Japan Matsuri - Festival Giapponese Bellinzona","isPartOf":{"@id":"https:\/\/japanmatsuri.org\/#website"},"primaryImageOfPage":{"@id":"https:\/\/japanmatsuri.org\/it\/shintai-karate-do\/#primaryimage"},"image":{"@id":"https:\/\/japanmatsuri.org\/it\/shintai-karate-do\/#primaryimage"},"thumbnailUrl":"https:\/\/japanmatsuri.org\/wp-content\/uploads\/2025\/09\/Karate-2-684x1024.jpg","datePublished":"2025-09-15T15:16:30+00:00","dateModified":"2025-09-15T15:23:30+00:00","breadcrumb":{"@id":"https:\/\/japanmatsuri.org\/it\/shintai-karate-do\/#breadcrumb"},"inLanguage":"it-IT","potentialAction":[{"@type":"ReadAction","target":["https:\/\/japanmatsuri.org\/it\/shintai-karate-do\/"]}]},{"@type":"ImageObject","inLanguage":"it-IT","@id":"https:\/\/japanmatsuri.org\/it\/shintai-karate-do\/#primaryimage","url":"https:\/\/japanmatsuri.org\/wp-content\/uploads\/2025\/09\/Karate-2-684x1024.jpg","contentUrl":"https:\/\/japanmatsuri.org\/wp-content\/uploads\/2025\/09\/Karate-2-684x1024.jpg"},{"@type":"BreadcrumbList","@id":"https:\/\/japanmatsuri.org\/it\/shintai-karate-do\/#breadcrumb","itemListElement":[{"@type":"ListItem","position":1,"name":"Home","item":"https:\/\/japanmatsuri.org\/it\/"},{"@type":"ListItem","position":2,"name":"Shintai-Karate Do"}]},{"@type":"WebSite","@id":"https:\/\/japanmatsuri.org\/#website","url":"https:\/\/japanmatsuri.org\/","name":"Japan Matsuri - Festival Giapponese Bellinzona","description":"Festival Giapponese Bellinzona","potentialAction":[{"@type":"SearchAction","target":{"@type":"EntryPoint","urlTemplate":"https:\/\/japanmatsuri.org\/?s={search_term_string}"},"query-input":{"@type":"PropertyValueSpecification","valueRequired":true,"valueName":"search_term_string"}}],"inLanguage":"it-IT"}]}},"_links":{"self":[{"href":"https:\/\/japanmatsuri.org\/it\/wp-json\/wp\/v2\/pages\/2068","targetHints":{"allow":["GET"]}}],"collection":[{"href":"https:\/\/japanmatsuri.org\/it\/wp-json\/wp\/v2\/pages"}],"about":[{"href":"https:\/\/japanmatsuri.org\/it\/wp-json\/wp\/v2\/types\/page"}],"author":[{"embeddable":true,"href":"https:\/\/japanmatsuri.org\/it\/wp-json\/wp\/v2\/users\/1"}],"replies":[{"embeddable":true,"href":"https:\/\/japanmatsuri.org\/it\/wp-json\/wp\/v2\/comments?post=2068"}],"version-history":[{"count":10,"href":"https:\/\/japanmatsuri.org\/it\/wp-json\/wp\/v2\/pages\/2068\/revisions"}],"predecessor-version":[{"id":2082,"href":"https:\/\/japanmatsuri.org\/it\/wp-json\/wp\/v2\/pages\/2068\/revisions\/2082"}],"wp:attachment":[{"href":"https:\/\/japanmatsuri.org\/it\/wp-json\/wp\/v2\/media?parent=2068"}],"curies":[{"name":"wp","href":"https:\/\/api.w.org\/{rel}","templated":true}]}}