{"id":456,"date":"2025-05-10T17:57:37","date_gmt":"2025-05-10T16:57:37","guid":{"rendered":"https:\/\/japanmatsuri.org\/?page_id=456"},"modified":"2025-05-10T17:58:08","modified_gmt":"2025-05-10T16:58:08","slug":"chi-siamo","status":"publish","type":"page","link":"https:\/\/japanmatsuri.org\/it\/chi-siamo\/","title":{"rendered":"chi siamo"},"content":{"rendered":"\t\t<div data-elementor-type=\"wp-page\" data-elementor-id=\"456\" class=\"elementor elementor-456\" data-elementor-post-type=\"page\">\n\t\t\t\t<div class=\"elementor-element elementor-element-62c81d5b e-flex e-con-boxed e-con e-parent\" data-id=\"62c81d5b\" data-element_type=\"container\">\n\t\t\t\t\t<div class=\"e-con-inner\">\n\t\t\t\t<div class=\"elementor-element elementor-element-2beab5e2 elementor-widget elementor-widget-heading\" data-id=\"2beab5e2\" data-element_type=\"widget\" data-widget_type=\"heading.default\">\n\t\t\t\t<div class=\"elementor-widget-container\">\n\t\t\t\t\t<h1 class=\"elementor-heading-title elementor-size-default\">Chi Siamo<\/h1>\t\t\t\t<\/div>\n\t\t\t\t<\/div>\n\t\t\t\t\t<\/div>\n\t\t\t\t<\/div>\n\t\t<div class=\"elementor-element elementor-element-1dee9775 e-flex e-con-boxed e-con e-parent\" data-id=\"1dee9775\" data-element_type=\"container\">\n\t\t\t\t\t<div class=\"e-con-inner\">\n\t\t\t\t<div class=\"elementor-element elementor-element-b9297d9 elementor-widget elementor-widget-text-editor\" data-id=\"b9297d9\" data-element_type=\"widget\" data-widget_type=\"text-editor.default\">\n\t\t\t\t<div class=\"elementor-widget-container\">\n\t\t\t\t\t\t\t\t\t<p class=\"\">Japan Matsuri \u00e8 il festival sulla cultura nipponica pi\u00f9 completo e vasto a livello nazionale, che d\u00e0 al pubblico la sensazione di essere proiettati in un mondo affascinante e lontano, tra tradizione e modernit\u00e0, che rappresenta il <strong>Giappone a 360\u00b0<\/strong><\/p><p class=\"\">Si tratta dell\u2019unico evento giapponese in Svizzera con un <strong>programma ad alto livello culturale.<\/strong> Svolto nell\u2019arco di due giornate di immersione nel mondo del Sol Levante, il Japan Matsuri \u00e8 il pi\u00f9 importante festival giapponese della confederazione.<\/p><p class=\"\">Nel 2023 batte tutti i suoi precedenti record, attraendo <strong>circa 13\u2019000 visitatori <\/strong>di tutte le et\u00e0, e dando loro la possibilit\u00e0 di immergersi completamente nella cultura giapponese grazie al <strong>ricco programma di spettacoli, concerti, e conferenze sul palco<\/strong>;un\u2019opportunit\u00e0 unica di muoversi liberamente tra le diverse aree del festival, che comprendono una mostra-mercato dove \u00e8 possibile acquistare prodotti tipici, un\u2019area <strong>workshop<\/strong> con molte attivit\u00e0 legate alle usanze giapponesi, ed una <strong>zona ludica<\/strong> con svariati giochi tra cui scegliere.<\/p><p class=\"\">Ogni anno, il festival ha l\u2019onore di dare il benvenuto ad ospiti di rilievo a livello internazionale, che molto spesso presenziano al Japan Matsuri in anteprima nazionale.<\/p><p class=\"\">Visto il suo ruolo di rilievo in Svizzera, l\u2019evento ha accolto anche personalit\u00e0 politiche di spicco, come ambasciatori, funzionari culturali, sindaci e vice sindaci, all\u2019inaugurazione del festival.<\/p><p class=\"\">Nel 2024, in occasione del 160esimo anniversario di relazioni diplomatiche tra Giappone e Svizzera, il festival \u00e8 stato scelto come parte integrante di questo importante anniversario.<\/p><p class=\"\">Un\u2019immersione senza paragoni nella magia del Sol Levante, nonch\u00e9 nell\u2019arte, nella tradizione e nella modernit\u00e0 giapponese, lasciando lo spettatore entusiasta e nel contempo elettrizzato da quanto questa cultura abbia da offrire.<\/p><p class=\"\">Cornice dell\u2019evento \u00e8 infine la gastronomia, fiore all\u2019occhiello del Japan Matsuri, che propone una visione molto variegata dell\u2019arte culinaria nipponica, offrendo non solo sushi e sashimi, ma tanti altri prelibati piatti tradizionali.<\/p>\t\t\t\t\t\t\t\t<\/div>\n\t\t\t\t<\/div>\n\t\t\t\t\t<\/div>\n\t\t\t\t<\/div>\n\t\t<div class=\"elementor-element elementor-element-f358f32 e-flex e-con-boxed e-con e-parent\" data-id=\"f358f32\" data-element_type=\"container\">\n\t\t\t\t\t<div class=\"e-con-inner\">\n\t\t\t\t<div class=\"elementor-element elementor-element-1d94221 elementor-widget elementor-widget-image\" data-id=\"1d94221\" data-element_type=\"widget\" data-widget_type=\"image.default\">\n\t\t\t\t<div class=\"elementor-widget-container\">\n\t\t\t\t\t\t\t\t\t\t\t\t\t\t\t<img decoding=\"async\" src=\"https:\/\/japanmatsuri.org\/wp-content\/uploads\/elementor\/thumbs\/JPM-2023-SABATO-apertura-rhtz1gihftubipz6vik4oent2uyj6xixh4o2vrd5sw.jpg\" title=\"JPM-2023-SABATO-apertura\" alt=\"JPM-2023-SABATO-apertura\" loading=\"lazy\" \/>\t\t\t\t\t\t\t\t\t\t\t\t\t\t\t<\/div>\n\t\t\t\t<\/div>\n\t\t\t\t\t<\/div>\n\t\t\t\t<\/div>\n\t\t<div class=\"elementor-element elementor-element-7fba93d e-flex e-con-boxed e-con e-parent\" data-id=\"7fba93d\" data-element_type=\"container\">\n\t\t\t\t\t<div class=\"e-con-inner\">\n\t\t\t\t<div class=\"elementor-element elementor-element-54a4c2d elementor-widget elementor-widget-heading\" data-id=\"54a4c2d\" data-element_type=\"widget\" data-widget_type=\"heading.default\">\n\t\t\t\t<div class=\"elementor-widget-container\">\n\t\t\t\t\t<h3 class=\"elementor-heading-title elementor-size-default\">Associazione no-profit Japan Matsuri<\/h3>\t\t\t\t<\/div>\n\t\t\t\t<\/div>\n\t\t\t\t<div class=\"elementor-element elementor-element-8449afd elementor-widget elementor-widget-text-editor\" data-id=\"8449afd\" data-element_type=\"widget\" data-widget_type=\"text-editor.default\">\n\t\t\t\t<div class=\"elementor-widget-container\">\n\t\t\t\t\t\t\t\t\t<p>La manifestazione \u00e8 organizzata dall\u2019omonima associazione, composta da giovani volontari che nutrono un vivo interesse verso la cultura giapponese in tutti i suoi aspetti e che desiderano dare la possibilit\u00e0 ai visitatori di prendere contatto con le tradizioni e le discipline legate al Giappone.<\/p><p>L\u2019obiettivo di questa fiera \u00e8 dunque quello di presentare al pubblico questa splendida cultura in modo innovativo, divertente e dinamico all\u2019interno di un ambiente rilassato e privo di pregiudizi, che stimola la curiosit\u00e0 verso le caratteristiche peculiari che rendono questa nazione cos\u00ec affascinante.<\/p><p>A questo scopo, durante i due giorni della fiera non verr\u00e0 proposto unicamente un mercato dove acquistare prodotti tipici giapponesi, bens\u00ec un evento che porter\u00e0 i suoi visitatori alla scoperta di tutti gli aspetti che caratterizzano il paese del Sol Levante. Il pubblico avr\u00e0 infatti la possibilit\u00e0 di visionare delle splendide mostre, ascoltare conferenze, seguire gli spettacoli sul palco, dove si alterneranno artisti, ospiti di spicco, personalit\u00e0 culturali ed esperti, e scoprire il Giappone in prima persona attraverso varie attivit\u00e0 come il disegno manga, l\u2019origami, la cucina giapponese, l\u2019ikebana, la cura dei bonsai, il massaggio shiatsu, le arti marziali, e molto altro.<\/p>\t\t\t\t\t\t\t\t<\/div>\n\t\t\t\t<\/div>\n\t\t\t\t\t<\/div>\n\t\t\t\t<\/div>\n\t\t<div class=\"elementor-element elementor-element-3569933 e-flex e-con-boxed e-con e-parent\" data-id=\"3569933\" data-element_type=\"container\">\n\t\t\t\t\t<div class=\"e-con-inner\">\n\t\t\t\t<div class=\"elementor-element elementor-element-8747dc7 elementor-widget elementor-widget-heading\" data-id=\"8747dc7\" data-element_type=\"widget\" data-widget_type=\"heading.default\">\n\t\t\t\t<div class=\"elementor-widget-container\">\n\t\t\t\t\t<h3 class=\"elementor-heading-title elementor-size-default\">Beneficenza<\/h3>\t\t\t\t<\/div>\n\t\t\t\t<\/div>\n\t\t\t\t<div class=\"elementor-element elementor-element-2d12e22 elementor-widget elementor-widget-text-editor\" data-id=\"2d12e22\" data-element_type=\"widget\" data-widget_type=\"text-editor.default\">\n\t\t\t\t<div class=\"elementor-widget-container\">\n\t\t\t\t\t\t\t\t\t<p>All\u2019impronta prettamente culturale si affianca una vocazione benefica: l\u2019associazione nasce infatti nel 2011, in seguito al terremoto ed allo tsunami che ha colpito il Giappone l\u201911 marzo dello stesso anno. La prima edizione dell\u2019evento ha infatti luogo nell\u2019aprile del 2012, un anno dopo il terribile cataclisma, in modo da ricordare l\u2019accaduto e sensibilizzare i visitatori verso la persistente gravit\u00e0 della situazione. Ancora oggi con una parte del guadagno, il festival sostiene il progetto \u201cSendai Rainbow House\u201d dell\u2019associazione benefica ASHINAGA. Questa struttura ospita i bambini rimasti orfani in seguito alla catastrofe del 2011. Inoltre, l\u2019Associazione dona fondi anche a progetti benefici del Canton Ticino.<\/p>\t\t\t\t\t\t\t\t<\/div>\n\t\t\t\t<\/div>\n\t\t\t\t\t<\/div>\n\t\t\t\t<\/div>\n\t\t\t\t<\/div>\n\t\t","protected":false},"excerpt":{"rendered":"<p>Chi Siamo Japan Matsuri \u00e8 il festival sulla cultura nipponica pi\u00f9 completo e vasto a livello nazionale, che d\u00e0 al pubblico la sensazione di essere proiettati in un mondo affascinante e lontano, tra tradizione e modernit\u00e0, che rappresenta il Giappone a 360\u00b0 Si tratta dell\u2019unico evento giapponese in Svizzera con un programma ad alto livello [&hellip;]<\/p>\n","protected":false},"author":1,"featured_media":0,"parent":0,"menu_order":0,"comment_status":"closed","ping_status":"closed","template":"","meta":{"footnotes":""},"class_list":["post-456","page","type-page","status-publish","hentry"],"yoast_head":"<!-- This site is optimized with the Yoast SEO plugin v25.4 - https:\/\/yoast.com\/wordpress\/plugins\/seo\/ -->\n<title>chi siamo - Japan Matsuri - Festival Giapponese Bellinzona<\/title>\n<meta name=\"robots\" content=\"index, follow, max-snippet:-1, max-image-preview:large, max-video-preview:-1\" \/>\n<link rel=\"canonical\" href=\"https:\/\/japanmatsuri.org\/it\/chi-siamo\/\" \/>\n<meta property=\"og:locale\" content=\"it_IT\" \/>\n<meta property=\"og:type\" content=\"article\" \/>\n<meta property=\"og:title\" content=\"chi siamo - Japan Matsuri - Festival Giapponese Bellinzona\" \/>\n<meta property=\"og:description\" content=\"Chi Siamo Japan Matsuri \u00e8 il festival sulla cultura nipponica pi\u00f9 completo e vasto a livello nazionale, che d\u00e0 al pubblico la sensazione di essere proiettati in un mondo affascinante e lontano, tra tradizione e modernit\u00e0, che rappresenta il Giappone a 360\u00b0 Si tratta dell\u2019unico evento giapponese in Svizzera con un programma ad alto livello [&hellip;]\" \/>\n<meta property=\"og:url\" content=\"https:\/\/japanmatsuri.org\/it\/chi-siamo\/\" \/>\n<meta property=\"og:site_name\" content=\"Japan Matsuri - Festival Giapponese Bellinzona\" \/>\n<meta property=\"article:modified_time\" content=\"2025-05-10T16:58:08+00:00\" \/>\n<meta property=\"og:image\" content=\"https:\/\/japanmatsuri.org\/wp-content\/uploads\/elementor\/thumbs\/JPM-2023-SABATO-apertura-r5m20psql53kr7lfni1f6f2sn6obvw25i227fsv5i8.jpg\" \/>\n<meta name=\"twitter:card\" content=\"summary_large_image\" \/>\n<meta name=\"twitter:label1\" content=\"Tempo di lettura stimato\" \/>\n\t<meta name=\"twitter:data1\" content=\"3 minuti\" \/>\n<script type=\"application\/ld+json\" class=\"yoast-schema-graph\">{\"@context\":\"https:\/\/schema.org\",\"@graph\":[{\"@type\":\"WebPage\",\"@id\":\"https:\/\/japanmatsuri.org\/it\/chi-siamo\/\",\"url\":\"https:\/\/japanmatsuri.org\/it\/chi-siamo\/\",\"name\":\"chi siamo - Japan Matsuri - Festival Giapponese Bellinzona\",\"isPartOf\":{\"@id\":\"https:\/\/japanmatsuri.org\/#website\"},\"primaryImageOfPage\":{\"@id\":\"https:\/\/japanmatsuri.org\/it\/chi-siamo\/#primaryimage\"},\"image\":{\"@id\":\"https:\/\/japanmatsuri.org\/it\/chi-siamo\/#primaryimage\"},\"thumbnailUrl\":\"https:\/\/japanmatsuri.org\/wp-content\/uploads\/elementor\/thumbs\/JPM-2023-SABATO-apertura-r5m20psql53kr7lfni1f6f2sn6obvw25i227fsv5i8.jpg\",\"datePublished\":\"2025-05-10T16:57:37+00:00\",\"dateModified\":\"2025-05-10T16:58:08+00:00\",\"breadcrumb\":{\"@id\":\"https:\/\/japanmatsuri.org\/it\/chi-siamo\/#breadcrumb\"},\"inLanguage\":\"it-IT\",\"potentialAction\":[{\"@type\":\"ReadAction\",\"target\":[\"https:\/\/japanmatsuri.org\/it\/chi-siamo\/\"]}]},{\"@type\":\"ImageObject\",\"inLanguage\":\"it-IT\",\"@id\":\"https:\/\/japanmatsuri.org\/it\/chi-siamo\/#primaryimage\",\"url\":\"https:\/\/japanmatsuri.org\/wp-content\/uploads\/elementor\/thumbs\/JPM-2023-SABATO-apertura-r5m20psql53kr7lfni1f6f2sn6obvw25i227fsv5i8.jpg\",\"contentUrl\":\"https:\/\/japanmatsuri.org\/wp-content\/uploads\/elementor\/thumbs\/JPM-2023-SABATO-apertura-r5m20psql53kr7lfni1f6f2sn6obvw25i227fsv5i8.jpg\"},{\"@type\":\"BreadcrumbList\",\"@id\":\"https:\/\/japanmatsuri.org\/it\/chi-siamo\/#breadcrumb\",\"itemListElement\":[{\"@type\":\"ListItem\",\"position\":1,\"name\":\"Home\",\"item\":\"https:\/\/japanmatsuri.org\/it\/\"},{\"@type\":\"ListItem\",\"position\":2,\"name\":\"chi siamo\"}]},{\"@type\":\"WebSite\",\"@id\":\"https:\/\/japanmatsuri.org\/#website\",\"url\":\"https:\/\/japanmatsuri.org\/\",\"name\":\"Japan Matsuri - Festival Giapponese Bellinzona\",\"description\":\"Festival Giapponese Bellinzona\",\"potentialAction\":[{\"@type\":\"SearchAction\",\"target\":{\"@type\":\"EntryPoint\",\"urlTemplate\":\"https:\/\/japanmatsuri.org\/?s={search_term_string}\"},\"query-input\":{\"@type\":\"PropertyValueSpecification\",\"valueRequired\":true,\"valueName\":\"search_term_string\"}}],\"inLanguage\":\"it-IT\"}]}<\/script>\n<!-- \/ Yoast SEO plugin. -->","yoast_head_json":{"title":"chi siamo - Japan Matsuri - Festival Giapponese Bellinzona","robots":{"index":"index","follow":"follow","max-snippet":"max-snippet:-1","max-image-preview":"max-image-preview:large","max-video-preview":"max-video-preview:-1"},"canonical":"https:\/\/japanmatsuri.org\/it\/chi-siamo\/","og_locale":"it_IT","og_type":"article","og_title":"chi siamo - Japan Matsuri - Festival Giapponese Bellinzona","og_description":"Chi Siamo Japan Matsuri \u00e8 il festival sulla cultura nipponica pi\u00f9 completo e vasto a livello nazionale, che d\u00e0 al pubblico la sensazione di essere proiettati in un mondo affascinante e lontano, tra tradizione e modernit\u00e0, che rappresenta il Giappone a 360\u00b0 Si tratta dell\u2019unico evento giapponese in Svizzera con un programma ad alto livello [&hellip;]","og_url":"https:\/\/japanmatsuri.org\/it\/chi-siamo\/","og_site_name":"Japan Matsuri - Festival Giapponese Bellinzona","article_modified_time":"2025-05-10T16:58:08+00:00","og_image":[{"url":"https:\/\/japanmatsuri.org\/wp-content\/uploads\/elementor\/thumbs\/JPM-2023-SABATO-apertura-r5m20psql53kr7lfni1f6f2sn6obvw25i227fsv5i8.jpg","type":"","width":"","height":""}],"twitter_card":"summary_large_image","twitter_misc":{"Tempo di lettura stimato":"3 minuti"},"schema":{"@context":"https:\/\/schema.org","@graph":[{"@type":"WebPage","@id":"https:\/\/japanmatsuri.org\/it\/chi-siamo\/","url":"https:\/\/japanmatsuri.org\/it\/chi-siamo\/","name":"chi siamo - Japan Matsuri - Festival Giapponese Bellinzona","isPartOf":{"@id":"https:\/\/japanmatsuri.org\/#website"},"primaryImageOfPage":{"@id":"https:\/\/japanmatsuri.org\/it\/chi-siamo\/#primaryimage"},"image":{"@id":"https:\/\/japanmatsuri.org\/it\/chi-siamo\/#primaryimage"},"thumbnailUrl":"https:\/\/japanmatsuri.org\/wp-content\/uploads\/elementor\/thumbs\/JPM-2023-SABATO-apertura-r5m20psql53kr7lfni1f6f2sn6obvw25i227fsv5i8.jpg","datePublished":"2025-05-10T16:57:37+00:00","dateModified":"2025-05-10T16:58:08+00:00","breadcrumb":{"@id":"https:\/\/japanmatsuri.org\/it\/chi-siamo\/#breadcrumb"},"inLanguage":"it-IT","potentialAction":[{"@type":"ReadAction","target":["https:\/\/japanmatsuri.org\/it\/chi-siamo\/"]}]},{"@type":"ImageObject","inLanguage":"it-IT","@id":"https:\/\/japanmatsuri.org\/it\/chi-siamo\/#primaryimage","url":"https:\/\/japanmatsuri.org\/wp-content\/uploads\/elementor\/thumbs\/JPM-2023-SABATO-apertura-r5m20psql53kr7lfni1f6f2sn6obvw25i227fsv5i8.jpg","contentUrl":"https:\/\/japanmatsuri.org\/wp-content\/uploads\/elementor\/thumbs\/JPM-2023-SABATO-apertura-r5m20psql53kr7lfni1f6f2sn6obvw25i227fsv5i8.jpg"},{"@type":"BreadcrumbList","@id":"https:\/\/japanmatsuri.org\/it\/chi-siamo\/#breadcrumb","itemListElement":[{"@type":"ListItem","position":1,"name":"Home","item":"https:\/\/japanmatsuri.org\/it\/"},{"@type":"ListItem","position":2,"name":"chi siamo"}]},{"@type":"WebSite","@id":"https:\/\/japanmatsuri.org\/#website","url":"https:\/\/japanmatsuri.org\/","name":"Japan Matsuri - Festival Giapponese Bellinzona","description":"Festival Giapponese Bellinzona","potentialAction":[{"@type":"SearchAction","target":{"@type":"EntryPoint","urlTemplate":"https:\/\/japanmatsuri.org\/?s={search_term_string}"},"query-input":{"@type":"PropertyValueSpecification","valueRequired":true,"valueName":"search_term_string"}}],"inLanguage":"it-IT"}]}},"_links":{"self":[{"href":"https:\/\/japanmatsuri.org\/it\/wp-json\/wp\/v2\/pages\/456","targetHints":{"allow":["GET"]}}],"collection":[{"href":"https:\/\/japanmatsuri.org\/it\/wp-json\/wp\/v2\/pages"}],"about":[{"href":"https:\/\/japanmatsuri.org\/it\/wp-json\/wp\/v2\/types\/page"}],"author":[{"embeddable":true,"href":"https:\/\/japanmatsuri.org\/it\/wp-json\/wp\/v2\/users\/1"}],"replies":[{"embeddable":true,"href":"https:\/\/japanmatsuri.org\/it\/wp-json\/wp\/v2\/comments?post=456"}],"version-history":[{"count":4,"href":"https:\/\/japanmatsuri.org\/it\/wp-json\/wp\/v2\/pages\/456\/revisions"}],"predecessor-version":[{"id":463,"href":"https:\/\/japanmatsuri.org\/it\/wp-json\/wp\/v2\/pages\/456\/revisions\/463"}],"wp:attachment":[{"href":"https:\/\/japanmatsuri.org\/it\/wp-json\/wp\/v2\/media?parent=456"}],"curies":[{"name":"wp","href":"https:\/\/api.w.org\/{rel}","templated":true}]}}